{"id":776,"date":"2013-02-22T10:03:21","date_gmt":"2013-02-22T09:03:21","guid":{"rendered":"http:\/\/wp1117171.wp112.webpack.hosteurope.de\/thinksbtf\/thinking\/?page_id=776"},"modified":"2013-02-22T10:03:21","modified_gmt":"2013-02-22T09:03:21","slug":"technology-at-its-best-2","status":"publish","type":"page","link":"https:\/\/thinking.holistic-net.de\/?page_id=776&lang=de","title":{"rendered":"Technology at it\u2019s best"},"content":{"rendered":"<p>Die Wirtschaft l\u00e4uft wieder, es geht aufw\u00e4rts. Alles wird gut, und wir k\u00f6nnen uns wieder den Freuden des Lebens widmen. Woher ich das wei\u00df? Ulrich Wickert hat es k\u00fcrzlich in der Tagesschau angek\u00fcndigt. Anja Kohl, die nette Dame mit dem B\u00f6rsenkommentar, hat es auch gewusst. Vor allem ist unser Bundeswirtschaftsminister frohen Mutes und prognostiziert den lang ersehnten Wirtschaftsaufschwung. Und die m\u00fcssen es doch alle wissen. Oder etwa nicht?<\/p>\n<p><img loading=\"lazy\" decoding=\"async\" alt=\"6_2003\" src=\"http:\/\/wp1117171.wp112.webpack.hosteurope.de\/thinksbtf\/thinking\/wp-content\/uploads\/2013\/02\/6_2003.jpg\" width=\"572\" height=\"76\" \/><\/p>\n<p>Endlich kann ich wieder eine Glosse ohne Gr\u00fcbeleien und Munter-mach-Parolen schreiben. Ich bin jetzt viel besser gelaunt und am\u00fcsiere mich \u00fcber Dinge, die ich bis vor kurzem kritisiert habe. Zum Beispiel \u00fcber den Stand der Technik in einer kleinen brasilianischen Niederlassung eines unserer Kunden. Ich war schon mehrfach gezwungen, handschriftliche Aufzeichnungen dorthin zu faxen. Jedes Mal ein aufregendes und zeitraubendes Erlebnis. Sicher gibt es die M\u00f6glichkeit, das Dokument zu scannen und anschlie\u00dfend zu mailen oder \u2013 ganz cool \u2013 auf den Digital Sender zu legen. Aber wenn die S\u00fcdamerikaner ein Fax m\u00f6chten, dann bekommen sie ein Fax.<br \/>\nAu\u00dferdem haben wir in unserem B\u00fcro keinen Digital Sender.<\/p>\n<p>Beim ersten Faxversuch tippe ich die Nummer ein und siehe da, das Ger\u00e4t unseres Kunden kann auch sprechen. Nach kurzem Klingeln ruft eine Frauenstimme aus dem Fax. Dieser Effekt ist uns allen bekannt, wenn der Empf\u00e4nger ein kombiniertes Fax\/Telefon hat. Vermutlich kann das Ger\u00e4t in Brasilien auch Scannen, Kopieren, Grillen und Musik machen. Also w\u00e4hle ich die gleiche Nummer per Telefon an, um die Dame zum Umschalten ihres Ger\u00e4tes zu bewegen. Leider ergibt sich keine sprachliche Verst\u00e4ndigungsebene \u2013 sie spricht weder Deutsch, noch Englisch oder Franz\u00f6sisch und ich bin des Portugiesischen nicht m\u00e4chtig. Unsere S\u00e4tze werden immer knapper. Am Schluss sage ich nur noch \u201eFax, Fax, Fax\u201c. Pl\u00f6tzlich ein Freudenschrei auf der anderen Seite. Ein kurzes Rumpeln, hektisches, sich schnell entfernendes Schuhgeklacker. Jetzt passiert es. Ich eile zu unserem Fax und dr\u00fccke die Wahlwiederholungstaste. Wie ein Wunder ert\u00f6nen die bekannten Fl\u00f6tensignale, und das Fax gleitet durch das Ger\u00e4t. Seitdem habe ich mehrfach Faxe geschickt, inzwischen aber das Vorspiel verk\u00fcrzt. Ein Anruf von Deutschland nach Brasilien mit den Worten \u201eFax, Fax, Fax &#8230;\u201c gen\u00fcgt. Die<br \/>\nKlackerdame rennt los und ab mit dem Fax.<\/p>\n<p>Die Handy-Weitwurf-Weltmeisterschaft in Finnland ist auch eine beeindruckende Technologieanwendung. Der Rekord von 66,72 m muss doch zu \u00fcbertreffen sein. Es juckt mir in den Fingern, mein sch\u00f6nes 6310i. Ich k\u00f6nnte einen \u00e4hnlichen Gegenstand werfen, aber das ist nicht authentisch. Gl\u00fccklicherweise hat mein Sohn gerade sein Handy verloren. Ich habe ihm meines geliehen, denn das Kribbeln im Handgelenk schien mir zu bedrohlich. Ein Testwurf \u00fcber die Leine (Fluss in Hannover) war einfach verlockend. Nun sind bereits f\u00fcnf Tage vergangen, und die Anwandlungen\u00a0 haben sich gelegt.<\/p>\n<p style=\"text-align: right;\"><a href=\"http:\/\/wp1117171.wp112.webpack.hosteurope.de\/thinksbtf\/thinking\/?page_id=248\" rel=\"attachment wp-att-759\"><img loading=\"lazy\" decoding=\"async\" alt=\"Glosse_Pfeil\" src=\"http:\/\/wp1117171.wp112.webpack.hosteurope.de\/thinksbtf\/thinking\/wp-content\/uploads\/2013\/01\/Glosse_Pfeil1.jpg\" width=\"129\" height=\"17\" \/><\/a><\/p>\n","protected":false},"excerpt":{"rendered":"<p>Die Wirtschaft l\u00e4uft wieder, es geht aufw\u00e4rts. Alles wird gut, und wir k\u00f6nnen uns wieder den Freuden des Lebens widmen. Woher ich das wei\u00df? Ulrich Wickert hat es k\u00fcrzlich in der Tagesschau angek\u00fcndigt. Anja Kohl, die nette Dame mit dem &hellip; <a href=\"https:\/\/thinking.holistic-net.de\/?page_id=776&#038;lang=de\">Weiterlesen <span class=\"meta-nav\">&rarr;<\/span><\/a><\/p>\n","protected":false},"author":7,"featured_media":0,"parent":118,"menu_order":0,"comment_status":"open","ping_status":"open","template":"","meta":{"footnotes":""},"class_list":["post-776","page","type-page","status-publish","hentry"],"_links":{"self":[{"href":"https:\/\/thinking.holistic-net.de\/index.php?rest_route=\/wp\/v2\/pages\/776","targetHints":{"allow":["GET"]}}],"collection":[{"href":"https:\/\/thinking.holistic-net.de\/index.php?rest_route=\/wp\/v2\/pages"}],"about":[{"href":"https:\/\/thinking.holistic-net.de\/index.php?rest_route=\/wp\/v2\/types\/page"}],"author":[{"embeddable":true,"href":"https:\/\/thinking.holistic-net.de\/index.php?rest_route=\/wp\/v2\/users\/7"}],"replies":[{"embeddable":true,"href":"https:\/\/thinking.holistic-net.de\/index.php?rest_route=%2Fwp%2Fv2%2Fcomments&post=776"}],"version-history":[{"count":1,"href":"https:\/\/thinking.holistic-net.de\/index.php?rest_route=\/wp\/v2\/pages\/776\/revisions"}],"predecessor-version":[{"id":780,"href":"https:\/\/thinking.holistic-net.de\/index.php?rest_route=\/wp\/v2\/pages\/776\/revisions\/780"}],"up":[{"embeddable":true,"href":"https:\/\/thinking.holistic-net.de\/index.php?rest_route=\/wp\/v2\/pages\/118"}],"wp:attachment":[{"href":"https:\/\/thinking.holistic-net.de\/index.php?rest_route=%2Fwp%2Fv2%2Fmedia&parent=776"}],"curies":[{"name":"wp","href":"https:\/\/api.w.org\/{rel}","templated":true}]}}