{"id":70,"date":"2013-01-16T15:45:05","date_gmt":"2013-01-16T15:45:05","guid":{"rendered":"http:\/\/wp1117171.wp153.webpack.hosteurope.de\/thinksbtf\/thinking\/?page_id=70"},"modified":"2018-05-14T12:26:35","modified_gmt":"2018-05-14T10:26:35","slug":"impressum","status":"publish","type":"page","link":"https:\/\/thinking.holistic-net.de\/?page_id=70&lang=de","title":{"rendered":"Impressum"},"content":{"rendered":"<p><b>holistic-net Gesellschaft f\u00fcr Informations- &amp; Kommunikations-Systeme mbH<\/b><\/p>\n<p>Deisterstra\u00dfe 83<br \/>\n30449 Hannover<\/p>\n<p>Tel\u00a0\u00a0 +49 511 760 728 &#8211; 0<br \/>\nFax\u00a0 +49 511 760 728 &#8211; 99<\/p>\n<p>E-Mail: <a href=\"mailto:info@holistic-net.de\">info@holistic-net.de<\/a><br \/>\nInternet: <a href=\"http:\/\/www.holistic-net.de\" target=\"_blank\" rel=\"noopener\">www.holistic-net.de<\/a><\/p>\n<p>Vertretungsberechtigte Gesch\u00e4ftsf\u00fchrer:<br \/>\nJ\u00f6rg Allmann, Anja Brandes<\/p>\n<p>Registergericht: Amtsgericht Hannover<br \/>\nRegisternummer: HRB 60101<\/p>\n<p>Umsatzsteuer-Identifikationsnummer gem\u00e4\u00df<br \/>\n\u00a7 27 a Umsatzsteuergesetz: DE220492757<\/p>\n","protected":false},"excerpt":{"rendered":"<p>holistic-net Gesellschaft f\u00fcr Informations- &amp; Kommunikations-Systeme mbH Deisterstra\u00dfe 83 30449 Hannover Tel\u00a0\u00a0 +49 511 760 728 &#8211; 0 Fax\u00a0 +49 511 760 728 &#8211; 99 E-Mail: info@holistic-net.de Internet: www.holistic-net.de Vertretungsberechtigte Gesch\u00e4ftsf\u00fchrer: J\u00f6rg Allmann, Anja Brandes Registergericht: Amtsgericht Hannover Registernummer: HRB &hellip; <a href=\"https:\/\/thinking.holistic-net.de\/?page_id=70&#038;lang=de\">Weiterlesen <span class=\"meta-nav\">&rarr;<\/span><\/a><\/p>\n","protected":false},"author":1,"featured_media":0,"parent":0,"menu_order":40,"comment_status":"closed","ping_status":"open","template":"sidebar-page.php","meta":{"footnotes":""},"class_list":["post-70","page","type-page","status-publish","hentry"],"_links":{"self":[{"href":"https:\/\/thinking.holistic-net.de\/index.php?rest_route=\/wp\/v2\/pages\/70","targetHints":{"allow":["GET"]}}],"collection":[{"href":"https:\/\/thinking.holistic-net.de\/index.php?rest_route=\/wp\/v2\/pages"}],"about":[{"href":"https:\/\/thinking.holistic-net.de\/index.php?rest_route=\/wp\/v2\/types\/page"}],"author":[{"embeddable":true,"href":"https:\/\/thinking.holistic-net.de\/index.php?rest_route=\/wp\/v2\/users\/1"}],"replies":[{"embeddable":true,"href":"https:\/\/thinking.holistic-net.de\/index.php?rest_route=%2Fwp%2Fv2%2Fcomments&post=70"}],"version-history":[{"count":9,"href":"https:\/\/thinking.holistic-net.de\/index.php?rest_route=\/wp\/v2\/pages\/70\/revisions"}],"predecessor-version":[{"id":106,"href":"https:\/\/thinking.holistic-net.de\/index.php?rest_route=\/wp\/v2\/pages\/70\/revisions\/106"}],"wp:attachment":[{"href":"https:\/\/thinking.holistic-net.de\/index.php?rest_route=%2Fwp%2Fv2%2Fmedia&parent=70"}],"curies":[{"name":"wp","href":"https:\/\/api.w.org\/{rel}","templated":true}]}}