{"id":567,"date":"2013-02-14T16:49:38","date_gmt":"2013-02-14T15:49:38","guid":{"rendered":"http:\/\/wp1117171.wp112.webpack.hosteurope.de\/thinksbtf\/thinking\/?page_id=567"},"modified":"2013-02-14T16:49:38","modified_gmt":"2013-02-14T15:49:38","slug":"freie-marktwirtschaft-dreht-durch","status":"publish","type":"page","link":"https:\/\/thinking.holistic-net.de\/?page_id=567&lang=de","title":{"rendered":"Freie Marktwirtschaft dreht durch"},"content":{"rendered":"<p>Eigentlich bringen mich politische Umtriebe inzwischen selten aus der Fassung. Ich wei\u00df, dass unser Staat im Prinzip eine Bananenrepublik ist, in dem Lobbyismus die prim\u00e4re treibende Kraft ist. Jeder versucht die eigenen Sch\u00e4fchen oder die seiner Klientel ins Trockene zu bringen. Nichts ist gesetzlich unm\u00f6glich, wenn damit irgendeiner in einer dunklen Ecke einen Euro fischen kann.<\/p>\n<p>Das neue Meldegesetz mit der Vermarktbarkeit des Adressmaterials stellt jedoch alles bisher Dagewesene in den Schatten. So unverfroren wollten die Politiker den B\u00fcrger dem Markt noch nie zum Fra\u00df vorwerfen. Es ist unglaublich, was diesen kranken Gehirnen der Politiker aus FDP und CDU alles einf\u00e4llt, und mit welch perfiden Schachz\u00fcgen solch ein Gesetz durch die gesetzgebenden Instanzen geschleust werden soll. Der B\u00fcrger hat alle M\u00fche sich letzte Nischen vor Spam und Werbeflut zu bewahren, und diese pathologischen Marktwirtschaftsbefruchter rei\u00dfen die letzten Barrieren nieder. Aus meiner Sicht verfassungsrechtlich vollkommen absurd. Wozu brauchen wir dann noch Datenschutz, wenn alles vom Staat frei Haus geliefert wird? Erschreckenderweise gibt es Zeitgenossen, die sagen: \u201eDas ist doch toll, dann bekomme ich mehr Post.\u201c<\/p>\n<p>Folgendes Gesetz erwarte ich als n\u00e4chstes: Die FDP beantragt eine 1-st\u00fcndige t\u00e4gliche Konsumpflicht, z.B. von 21:00 bis 22:00. Der Aufenthalt in heimischen R\u00e4umen ist in dieser Zeit verboten. Jede Person muss in dieser Zeit t\u00e4glich mindestens 10\u20ac f\u00fcr Konsumartikel ausgeben. Ersatzweise gelten lediglich Besuche bei \u00c4rzten, Apothekern oder Rechtsanw\u00e4lten.<\/p>\n<p>Dass Politiker ein befremdliches Wertesystem haben, ist beruflich bedingt und in der Regel auch nicht therapierbar. Dass harmlose Tipper bei einem EM-Tippspiel im Internet auch die guten Sitten sausen lassen, befremdet mich. Wegen eines Programmierfehlers in unserem EM-Tippspiel konnte man f\u00fcr ein paar Stunden den Tipp f\u00fcr ein bereits beendetes Spiel nochmal editieren. Ein gutes Dutzend Tipper hat versucht, aus dieser L\u00fccke Kapital zu schlagen und nachtr\u00e4glich den eigenen Tipp auf das richtige Ergebnis ge\u00e4ndert. Nun ist solch ein Vorgehen \u2013 Betriebsr\u00e4te bitte wegh\u00f6ren \u2013 in den Log-Dateien problemlos nachzuvollziehen. Ich habe mir erlaubt, meinerseits wieder Korrekturen vorzunehmen. Ein Dank dem Menschen, der mich auf den Fehler aufmerksam gemacht hat. Er wurde mit einem 50\u20ac Gutschein belohnt.<\/p>\n<p>Wie komme ich nun aus der Rolle des Sittenw\u00e4chters und Moralapostels raus? Mit dem Fahrrad \u00fcber 5 rote Ampeln in Serie gefahren. 2 Kisten Rotwein vom holistic-Sommerfest mit nach Hause genommen. W\u00e4hrend der Arbeitszeit Tour-de-France geguckt (doppelt verwerflich wegen der Apothekenrundfahrt &#8211; \u00a0warum sponsert die FDP die eigentlich nicht?). Einen Kunden mit etlichen tausend Usern von Notes nach Exchange migriert und mich zur SharePoint-Konferenz in Las Vegas angemeldet. Zu wenig gepostet, Google+ fast komplett vernachl\u00e4ssigt. Man sieht, auch mein Gewissen ist nicht rein, aber ein bisschen reiner als das der Meldegesetzpolitiker und der EM-Tipp-F\u00e4lscher.<\/p>\n<p>Zudem habe ich versprochen, eine Glosse \u00fcber die DNUG-Konferenz in Dortmund zu schreiben und nun doch wieder nicht gemacht. Aber irgendwie habe ich Kevins Museumsausf\u00fchrungen nicht ausreichend verstanden, und wer will sich schon mit Fehlinterpretationen blamieren. Es wird zunehmend schwieriger im IBM-Kaffeesatz zu lesen.\u00a0 Au\u00dferdem hatte ich mich bei der Stadionf\u00fchrung durch die BVB-Katakomben stark verk\u00fchlt, was zu einem leichten Conference Memory Flush gef\u00fchrt hat. Schade. Irgendwer hatte noch gesagt, dass alles anders wird und viel besser und wir alle ohne Arbeit reich werden, aber ich kann mich nicht mehr erinnern, wer das war und wie das funktionieren sollte. Nochmal schade. N\u00e4chstes Mal ziehe ich mich w\u00e4rmer an und passe besser auf.<\/p>\n","protected":false},"excerpt":{"rendered":"<p>Eigentlich bringen mich politische Umtriebe inzwischen selten aus der Fassung. Ich wei\u00df, dass unser Staat im Prinzip eine Bananenrepublik ist, in dem Lobbyismus die prim\u00e4re treibende Kraft ist. Jeder versucht die eigenen Sch\u00e4fchen oder die seiner Klientel ins Trockene zu &hellip; <a href=\"https:\/\/thinking.holistic-net.de\/?page_id=567&#038;lang=de\">Weiterlesen <span class=\"meta-nav\">&rarr;<\/span><\/a><\/p>\n","protected":false},"author":7,"featured_media":0,"parent":554,"menu_order":0,"comment_status":"open","ping_status":"open","template":"","meta":{"footnotes":""},"class_list":["post-567","page","type-page","status-publish","hentry"],"_links":{"self":[{"href":"https:\/\/thinking.holistic-net.de\/index.php?rest_route=\/wp\/v2\/pages\/567","targetHints":{"allow":["GET"]}}],"collection":[{"href":"https:\/\/thinking.holistic-net.de\/index.php?rest_route=\/wp\/v2\/pages"}],"about":[{"href":"https:\/\/thinking.holistic-net.de\/index.php?rest_route=\/wp\/v2\/types\/page"}],"author":[{"embeddable":true,"href":"https:\/\/thinking.holistic-net.de\/index.php?rest_route=\/wp\/v2\/users\/7"}],"replies":[{"embeddable":true,"href":"https:\/\/thinking.holistic-net.de\/index.php?rest_route=%2Fwp%2Fv2%2Fcomments&post=567"}],"version-history":[{"count":1,"href":"https:\/\/thinking.holistic-net.de\/index.php?rest_route=\/wp\/v2\/pages\/567\/revisions"}],"predecessor-version":[{"id":568,"href":"https:\/\/thinking.holistic-net.de\/index.php?rest_route=\/wp\/v2\/pages\/567\/revisions\/568"}],"up":[{"embeddable":true,"href":"https:\/\/thinking.holistic-net.de\/index.php?rest_route=\/wp\/v2\/pages\/554"}],"wp:attachment":[{"href":"https:\/\/thinking.holistic-net.de\/index.php?rest_route=%2Fwp%2Fv2%2Fmedia&parent=567"}],"curies":[{"name":"wp","href":"https:\/\/api.w.org\/{rel}","templated":true}]}}