{"id":558,"date":"2013-02-14T16:45:17","date_gmt":"2013-02-14T15:45:17","guid":{"rendered":"http:\/\/wp1117171.wp112.webpack.hosteurope.de\/thinksbtf\/thinking\/?page_id=558"},"modified":"2013-02-14T16:45:17","modified_gmt":"2013-02-14T15:45:17","slug":"krankheitsbilder-im-21-jahrhundert","status":"publish","type":"page","link":"https:\/\/thinking.holistic-net.de\/?page_id=558&lang=de","title":{"rendered":"Krankheitsbilder im 21. Jahrhundert"},"content":{"rendered":"<p>Es gibt einen Song von Fury in the Slaughterhouse mit dem Titel \u201eEvery generation got its own disease\u201c. Ein Krankheitsbild des fr\u00fchen 21. Jahrhunderts wird durch Smartphones verursacht. Ich muss zu meiner Schande gestehen, dass das Krankheitsbild auch bei mir partiell auftritt. Deshalb erlaube ich mir dieses auch relativ unverh\u00fcllt zu beschreiben. Die Menschen, die das Krankheitsbild zeigen, will ich der Einfachheit halber als die \u201eBekloppten\u201c bezeichnen, die anderen Menschen als die \u201eNormalen\u201c. Laut Marktforschungsinstituten sind derzeit ca. 420 Millionen Menschen gef\u00e4hrdet. Eine L\u00f6sung k\u00f6nnte eine verst\u00e4rkte soziale Kontrolle der Bekloppten durch die Normalen darstellen, aber bei signifikanter \u00dcberzahl der Bekloppten scheitert diese Kontrolle.<\/p>\n<p>In der vollen Auspr\u00e4gung zeigt sich das Krankheitsbild darin, dass die Betroffenen alle paar Sekunden ihr Smartphone aus der Hosentasche, der Jackentasche, der Handtasche oder aus einer unter modischen Aspekten vollkommen indiskutablen G\u00fcrteltasche rei\u00dfen um zu pr\u00fcfen, ob auf der Welt im Allgemeinen oder in ihrer Bekloppten-Peer-Group im Besonderen irgendetwas passiert ist. Mail checken, um gem\u00e4\u00df Tim Bendzko die Welt zu retten, Facebook checken, Google+ checken, das Wetter \u2013 das offizielle Wetter k\u00f6nnte ja von dem abweichen, was man am Himmel erkennen kann &#8211; , und auf Spiegel Online nachgucken, ob der Papst noch steppt. Bei manchen Bekloppten kommen noch der Aktienkurs und die sekundengenaue Marktkapitalisierung ihres Portfolios hinzu.<\/p>\n<p>Mit Flatrate im Inland kann der Bekloppte das alles relativ cool abwickeln. M\u00f6glicherweise merkt der Gespr\u00e4chspartner, dass man gar nicht zuh\u00f6rt. Bekloppte haben allerdings auch f\u00fcr Normale einen begrenzten Unterhaltungswert, weil sie beide Gruppen in disjunkten Welten bewegen. Welchen Normalen interessiert es schon, ob der Papst noch steppt? Untereinander haben Bekloppte einen enormen Bedarf an Informationsaustausch, der allerdings nicht wirklich bilateral ist, sondern lediglich einem Hinwerfen von Information nach dem Motto,\u00a0 ich wei\u00df was (unwichtiges) was du noch nicht wei\u00dft, gleicht.<\/p>\n<p>Das fortgeschrittene Krankheitsbild zeigt sich in Situationen, in denen den Bekloppten die Flatrate fehlt. Dann muss technologisch vor die zuvor beschriebenen Handlungen das Auffinden eines offenen WLANs geschaltet werden. Es sei denn man kann sich das Data Roaming auf Basis einer Erbschaft leisten. Mit einigen Kollegen durfte ich diese Auspr\u00e4gung k\u00fcrzlich inkl. Selbststudium in und um Boston beobachten. Die Signalst\u00e4rke eines offenen WLANs entscheidet \u00fcber die Stra\u00dfenseite.\u00a0 Ein Starbucks in Sichtweite wirkt wie ein Magnet. Im Auto unterwegs gilt es mit gro\u00dfer Eile freies Gel\u00e4nde zu \u00fcberbr\u00fccken, um dann fast wie ein Verkehrshindernis durch den n\u00e4chsten Ort zu schleichen. Spitze Stopp-Schreie von der R\u00fcckbank hallen durchs Auto. Auf dem Weg aus einem\u00a0 \u2013 eine Unversch\u00e4mtheit \u2013 WLAN-freien Restaurant, rennen die Bekloppten schnurgerade in das nahe gelegene Einkaufszentrum mit WLAN, um ihrer Sucht Nahrung zu geben. Es k\u00f6nnte ja sein, das der Papst \u2026 Ein Kollege kann nur unter Anwendung unmittelbarer k\u00f6rperlicher Gewalt von seinem Chef aus der Mall gezogen werden, immer wieder stammelnd: \u201eIch wollte doch nur kurz \u2026\u201c oder \u201eDie anderen sind doch auch \u2026\u201c. Der R\u00fcckflug \u00fcber den Atlantik kommt einem kalten Entzug gleich. Der Flieger hat allerdings noch nicht richtig in Frankfurt aufgesetzt, da erschallen die bekannten Fanfaren, die die R\u00fcckkehr zur kostenged\u00e4mpften Flatrate-Droge ank\u00fcndigen. Zu Hause mag die soziale Kontrolle durch einen Ehepartner aus der Gruppe der Normalen zuschlagen. Es soll allerdings auch schon bekloppte Paare geben.<\/p>\n<p>Engere \u201ebekloppte\u201c Freunde m\u00f6gen mir diese Glosse verzeihen. Lasst uns rechtzeitig eine Selbsthilfegruppe gr\u00fcnden. Ich bin dabei.<\/p>\n","protected":false},"excerpt":{"rendered":"<p>Es gibt einen Song von Fury in the Slaughterhouse mit dem Titel \u201eEvery generation got its own disease\u201c. Ein Krankheitsbild des fr\u00fchen 21. Jahrhunderts wird durch Smartphones verursacht. Ich muss zu meiner Schande gestehen, dass das Krankheitsbild auch bei mir &hellip; <a href=\"https:\/\/thinking.holistic-net.de\/?page_id=558&#038;lang=de\">Weiterlesen <span class=\"meta-nav\">&rarr;<\/span><\/a><\/p>\n","protected":false},"author":7,"featured_media":0,"parent":552,"menu_order":0,"comment_status":"open","ping_status":"open","template":"","meta":{"footnotes":""},"class_list":["post-558","page","type-page","status-publish","hentry"],"_links":{"self":[{"href":"https:\/\/thinking.holistic-net.de\/index.php?rest_route=\/wp\/v2\/pages\/558","targetHints":{"allow":["GET"]}}],"collection":[{"href":"https:\/\/thinking.holistic-net.de\/index.php?rest_route=\/wp\/v2\/pages"}],"about":[{"href":"https:\/\/thinking.holistic-net.de\/index.php?rest_route=\/wp\/v2\/types\/page"}],"author":[{"embeddable":true,"href":"https:\/\/thinking.holistic-net.de\/index.php?rest_route=\/wp\/v2\/users\/7"}],"replies":[{"embeddable":true,"href":"https:\/\/thinking.holistic-net.de\/index.php?rest_route=%2Fwp%2Fv2%2Fcomments&post=558"}],"version-history":[{"count":2,"href":"https:\/\/thinking.holistic-net.de\/index.php?rest_route=\/wp\/v2\/pages\/558\/revisions"}],"predecessor-version":[{"id":560,"href":"https:\/\/thinking.holistic-net.de\/index.php?rest_route=\/wp\/v2\/pages\/558\/revisions\/560"}],"up":[{"embeddable":true,"href":"https:\/\/thinking.holistic-net.de\/index.php?rest_route=\/wp\/v2\/pages\/552"}],"wp:attachment":[{"href":"https:\/\/thinking.holistic-net.de\/index.php?rest_route=%2Fwp%2Fv2%2Fmedia&parent=558"}],"curies":[{"name":"wp","href":"https:\/\/api.w.org\/{rel}","templated":true}]}}