{"id":54,"date":"2013-01-15T13:14:48","date_gmt":"2013-01-15T13:14:48","guid":{"rendered":"http:\/\/wp1117171.wp153.webpack.hosteurope.de\/thinksbtf\/thinking\/?page_id=54"},"modified":"2013-01-18T08:53:10","modified_gmt":"2013-01-18T08:53:10","slug":"mach-isch-mit-php-oder-mit-php-aus-der-wirtschaftskrise","status":"publish","type":"page","link":"https:\/\/thinking.holistic-net.de\/?page_id=54&lang=de","title":{"rendered":"\u201eMach isch mit PHP\u201c oder \u201eMit PHP aus der Wirtschaftskrise\u201c"},"content":{"rendered":"<p>Ein neues Gespenst geht um in der IT-Welt, das bei mir schon leichte Anf\u00e4lle von Verfolgungswahn ausl\u00f6st. W\u00e4hrend die Altvorderen noch dar\u00fcber diskutieren, ob J2EE oder .NET die wahre Entwicklungsplattform ist, und welchen Einfluss Oracle nun auf das weitere Schicksal von Java nehmen wird, stehen Millionen von Jugendlichen in den Startl\u00f6chern und beantworten fast jede Anforderung mit der lapidaren Antwort: \u201eIss ganz einfach und schnell fertig. Mach isch mit PHP\u201c. Unseren Auszubildenden stelle ich hin und wieder kleine Web-Entwicklungsaufgaben, wobei ich die Realisierungsplattform ihrer Entscheidung \u00fcberlasse, oder sie zumindest frage, wie sie die Aufgabe denn realisieren wollen. Ich ahne schon immer die Antwort. \u201eMach isch mit PHP\u201c.<\/p>\n<p>K\u00fcrzlich rief mich ein IBM BA-Student aus dem Bekanntenkreis an, dessen Werdegang ich seit seiner fr\u00fchesten Kindheit verfolge. Er pr\u00e4sentiert mir immer mal wieder Weisheiten aus dem facettenreichen BA-Studium bei der IBM. Zeitweise war er auf dem Java-Trip, dann auf dem SAP-Trip, \u00fcberhaupt ERP-Systeme haben es ihm angetan. Gro\u00dfe Br\u00f6tchen backen ist das Motto. Von Lotus Notes spricht er eher selten und wenn, dann nicht mit hoher Wertsch\u00e4tzung. Man kann das positiv interpretieren und der IBM eine produktneutrale Ausbildung attestieren, man ahnt aber, dass dieses Faktum nicht allein einer edlen Neutralit\u00e4t zuzuschreiben ist, sondern dass die Marke Lotus auch innerhalb der IBM einen schweren Stand hat.<\/p>\n<p>Mein BA-Student hatte zwei Anliegen: Erstens fragte er mich zum wiederholten Male, wie es denn mit einem Sponsoring ihres Bachelor-Abschlussballs durch unsere Firma aussehe, und zweitens hatte er bei seinen unerm\u00fcdlichen Recherchen im IT-Markt ein neues, wahnsinnig innovatives CRM-System gefunden. Zum Sponsoring des Abschlussballs f\u00fchlte ich mich nicht unbedingt aufgerufen. Unsere Spendenwut ist zur Zeit leider etwas r\u00fcckl\u00e4ufig. Sie wissen: Die Wirtschaftskrise. Anerkennen muss ich aber, dass diese IBM BA-Studenten offenbar auch in der Disziplin Fund Raising ausgebildet werden. Ich bin beeindruckt. So ein Hardcore Fund Raiser in den eigenen Reihen w\u00e4re nichts Schlechtes in der heutigen Zeit.<\/p>\n<p>Das tolle CRM-System, Sie ahnen es sicher, ist mit PHP realisiert. Ich war kurz vor einen Schreikampf. Es ist nicht leicht den BA-Studenten argumentativ aus den Angeln zu heben. Der erste telefonische Schlagabtausch endete unentschieden. Aber ich werde mich jetzt intensiv informieren, um ihm beim n\u00e4chsten Telefonat seine PHP-Allzweckwaffe um die Ohren zu hauen.<\/p>\n<p>Zum Abschluss der obligatorische Schwenk zur Wirtschaftskrise. Sie f\u00fchrt zu unsch\u00f6nen Entwicklun\u00adgen im Gesch\u00e4ftsleben. Fachliche Argumentationen treten in den Hintergrund, Controller haben wieder das alleinige Sagen. Feilschen wie am marokkanischen Basar. Der Eink\u00e4ufer strapaziert die Tr\u00e4nendr\u00fcse des Lieferanten. Es geht vermehrt um die Frage, was kann man f\u00fcr 0\u20ac alles machen. Tiefgefrorene Budgets bei gleichzeitigem Hochhalten der Renditeziele \u2013 Hoch lebe der Shareholder Value!\u00a0 &#8211; dr\u00fccken etwas auf das Gem\u00fct.\u00a0 Da leidet die eine oder andere Gesch\u00e4ftsfreundschaft. Vielleicht kommen wir bald wieder zum Naturalienhandel zur\u00fcck. Damit lassen sich gewisse Budgetl\u00f6cher kompensieren, sofern die Naturalien, die der Kunde bieten kann, von Interesse f\u00fcr Endverbraucher sind.<\/p>\n","protected":false},"excerpt":{"rendered":"<p>Ein neues Gespenst geht um in der IT-Welt, das bei mir schon leichte Anf\u00e4lle von Verfolgungswahn ausl\u00f6st. W\u00e4hrend die Altvorderen noch dar\u00fcber diskutieren, ob J2EE oder .NET die wahre Entwicklungsplattform ist, und welchen Einfluss Oracle nun auf das weitere Schicksal &hellip; <a href=\"https:\/\/thinking.holistic-net.de\/?page_id=54&#038;lang=de\">Weiterlesen <span class=\"meta-nav\">&rarr;<\/span><\/a><\/p>\n","protected":false},"author":1,"featured_media":0,"parent":374,"menu_order":0,"comment_status":"open","ping_status":"open","template":"","meta":{"footnotes":""},"class_list":["post-54","page","type-page","status-publish","hentry"],"_links":{"self":[{"href":"https:\/\/thinking.holistic-net.de\/index.php?rest_route=\/wp\/v2\/pages\/54","targetHints":{"allow":["GET"]}}],"collection":[{"href":"https:\/\/thinking.holistic-net.de\/index.php?rest_route=\/wp\/v2\/pages"}],"about":[{"href":"https:\/\/thinking.holistic-net.de\/index.php?rest_route=\/wp\/v2\/types\/page"}],"author":[{"embeddable":true,"href":"https:\/\/thinking.holistic-net.de\/index.php?rest_route=\/wp\/v2\/users\/1"}],"replies":[{"embeddable":true,"href":"https:\/\/thinking.holistic-net.de\/index.php?rest_route=%2Fwp%2Fv2%2Fcomments&post=54"}],"version-history":[{"count":2,"href":"https:\/\/thinking.holistic-net.de\/index.php?rest_route=\/wp\/v2\/pages\/54\/revisions"}],"predecessor-version":[{"id":384,"href":"https:\/\/thinking.holistic-net.de\/index.php?rest_route=\/wp\/v2\/pages\/54\/revisions\/384"}],"up":[{"embeddable":true,"href":"https:\/\/thinking.holistic-net.de\/index.php?rest_route=\/wp\/v2\/pages\/374"}],"wp:attachment":[{"href":"https:\/\/thinking.holistic-net.de\/index.php?rest_route=%2Fwp%2Fv2%2Fmedia&parent=54"}],"curies":[{"name":"wp","href":"https:\/\/api.w.org\/{rel}","templated":true}]}}