{"id":494,"date":"2013-01-22T22:03:56","date_gmt":"2013-01-22T22:03:56","guid":{"rendered":"http:\/\/wp1117171.wp153.webpack.hosteurope.de\/thinksbtf\/thinking\/?page_id=494"},"modified":"2013-04-18T15:00:54","modified_gmt":"2013-04-18T13:00:54","slug":"copyright","status":"publish","type":"page","link":"https:\/\/thinking.holistic-net.de\/?page_id=494&lang=de","title":{"rendered":"Copyright (Glossen)"},"content":{"rendered":"<p><img src=\"https:\/\/thinking.holistic-net.de\/wp-includes\/images\/smilies\/mrgreen.png\" alt=\":mrgreen:\" class=\"wp-smiley\" style=\"height: 1em; max-height: 1em;\" \/> Es ist darauf hinzuweisen, dass die Rechte f\u00fcr den Abdruck von hier ver\u00f6ffentlichten Glossen oder Ausz\u00fcgen davon bei J\u00f6rg Allmann bzw. der holistic-net GmbH liegen. Wir sind prinzipiell an der Weiterverbreitung interessiert, aber wir m\u00f6chten uns das Recht vorbehalten \u00fcber das was, wo und wann mitzubestimmen.<\/p>\n","protected":false},"excerpt":{"rendered":"<p>Es ist darauf hinzuweisen, dass die Rechte f\u00fcr den Abdruck von hier ver\u00f6ffentlichten Glossen oder Ausz\u00fcgen davon bei J\u00f6rg Allmann bzw. der holistic-net GmbH liegen. Wir sind prinzipiell an der Weiterverbreitung interessiert, aber wir m\u00f6chten uns das Recht vorbehalten \u00fcber &hellip; <a href=\"https:\/\/thinking.holistic-net.de\/?page_id=494&#038;lang=de\">Weiterlesen <span class=\"meta-nav\">&rarr;<\/span><\/a><\/p>\n","protected":false},"author":6,"featured_media":0,"parent":8,"menu_order":999,"comment_status":"open","ping_status":"open","template":"","meta":{"footnotes":""},"class_list":["post-494","page","type-page","status-publish","hentry"],"_links":{"self":[{"href":"https:\/\/thinking.holistic-net.de\/index.php?rest_route=\/wp\/v2\/pages\/494","targetHints":{"allow":["GET"]}}],"collection":[{"href":"https:\/\/thinking.holistic-net.de\/index.php?rest_route=\/wp\/v2\/pages"}],"about":[{"href":"https:\/\/thinking.holistic-net.de\/index.php?rest_route=\/wp\/v2\/types\/page"}],"author":[{"embeddable":true,"href":"https:\/\/thinking.holistic-net.de\/index.php?rest_route=\/wp\/v2\/users\/6"}],"replies":[{"embeddable":true,"href":"https:\/\/thinking.holistic-net.de\/index.php?rest_route=%2Fwp%2Fv2%2Fcomments&post=494"}],"version-history":[{"count":8,"href":"https:\/\/thinking.holistic-net.de\/index.php?rest_route=\/wp\/v2\/pages\/494\/revisions"}],"predecessor-version":[{"id":1136,"href":"https:\/\/thinking.holistic-net.de\/index.php?rest_route=\/wp\/v2\/pages\/494\/revisions\/1136"}],"up":[{"embeddable":true,"href":"https:\/\/thinking.holistic-net.de\/index.php?rest_route=\/wp\/v2\/pages\/8"}],"wp:attachment":[{"href":"https:\/\/thinking.holistic-net.de\/index.php?rest_route=%2Fwp%2Fv2%2Fmedia&parent=494"}],"curies":[{"name":"wp","href":"https:\/\/api.w.org\/{rel}","templated":true}]}}