{"id":439,"date":"2013-01-18T16:47:08","date_gmt":"2013-01-18T16:47:08","guid":{"rendered":"http:\/\/wp1117171.wp153.webpack.hosteurope.de\/thinksbtf\/thinking\/?page_id=439"},"modified":"2013-01-18T17:17:58","modified_gmt":"2013-01-18T17:17:58","slug":"glossen-1997-2000","status":"publish","type":"page","link":"https:\/\/thinking.holistic-net.de\/?page_id=439&lang=de","title":{"rendered":"Glossen 1997 &#8211; 2000"},"content":{"rendered":"<table style=\"width: 574px; height: 344px;\" border=\"0\">\n<tbody>\n<tr align=\"justify\">\n<td rowspan=\"13\" colspan=\"1\"><a href=\"http:\/\/wp1117171.wp112.webpack.hosteurope.de\/thinksbtf\/thinking\/?page_id=124\"><b>2000<\/b><\/a>: Vom elektronischen Handel zum &#8222;unsittlichen&#8220; Kommerz &#8230; Zum Ersten &#8230; zum Zweiten &#8230; zum Dritten! &#8230; Glossendilemma &#8230; EXPO-Aufschlag f\u00fcr Lotus Notes &#8230; Formate, Kategorien und Pillars &#8230; Die Optimisten, die Realisten und die Nihilisten &#8230; Das Volk braucht Mythen, Kaiser und K\u00f6nige &#8230; <a href=\"http:\/\/wp1117171.wp112.webpack.hosteurope.de\/thinksbtf\/thinking\/?page_id=126\"><b>1999<\/b><\/a>: Das Jahr 2000-Problem der anderen Art &#8230; Hier sind die Milliarden, Herr Finanzminister! &#8230; CeBIT-Gr\u00fc\u00dfe an Jens Dennig &#8230; Verdirbt Geld die guten Sitten? &#8230; Passive Industriespionage &#8230; <a href=\"http:\/\/wp1117171.wp112.webpack.hosteurope.de\/thinksbtf\/thinking\/?page_id=128\"><b>1998<\/b><\/a>: Kleider machen LSA &#8230; Outsourcing auf fraglichen Pfaden &#8230; Lotus Notes gegen Microsoft Exchange und Lotus Notesgegen SAP &#8230; PalmPilot und IBM Workpad: ein Objekt der Begierde? &#8230; Mut zur Horizont-Erweiterung! Oder: Schauen Sie doch mal \u00fcber den Tellerrand! &#8230; Rhetoriken der IT-Branche: Niveau-Upgrade erforderlich &#8230; <a href=\"http:\/\/wp1117171.wp112.webpack.hosteurope.de\/thinksbtf\/thinking\/?page_id=130\"><b>1997<\/b><\/a>: Fortschritt 1997 &#8211; vom Lotus Notes Mail zum SMTP Mail &#8230; Wo bleibt der gequ\u00e4lte Aufschrei? &#8230; Die Gesch\u00e4ftsidee: Tamagotchi f\u00fcr Erwachsene &#8230; Von Chef zu Chef &#8230;<\/td>\n<\/tr>\n<\/tbody>\n<\/table>\n","protected":false},"excerpt":{"rendered":"<p>2000: Vom elektronischen Handel zum &#8222;unsittlichen&#8220; Kommerz &#8230; Zum Ersten &#8230; zum Zweiten &#8230; zum Dritten! &#8230; Glossendilemma &#8230; EXPO-Aufschlag f\u00fcr Lotus Notes &#8230; Formate, Kategorien und Pillars &#8230; Die Optimisten, die Realisten und die Nihilisten &#8230; Das Volk braucht &hellip; <a href=\"https:\/\/thinking.holistic-net.de\/?page_id=439&#038;lang=de\">Weiterlesen <span class=\"meta-nav\">&rarr;<\/span><\/a><\/p>\n","protected":false},"author":7,"featured_media":0,"parent":8,"menu_order":8,"comment_status":"closed","ping_status":"closed","template":"","meta":{"footnotes":""},"class_list":["post-439","page","type-page","status-publish","hentry"],"_links":{"self":[{"href":"https:\/\/thinking.holistic-net.de\/index.php?rest_route=\/wp\/v2\/pages\/439","targetHints":{"allow":["GET"]}}],"collection":[{"href":"https:\/\/thinking.holistic-net.de\/index.php?rest_route=\/wp\/v2\/pages"}],"about":[{"href":"https:\/\/thinking.holistic-net.de\/index.php?rest_route=\/wp\/v2\/types\/page"}],"author":[{"embeddable":true,"href":"https:\/\/thinking.holistic-net.de\/index.php?rest_route=\/wp\/v2\/users\/7"}],"replies":[{"embeddable":true,"href":"https:\/\/thinking.holistic-net.de\/index.php?rest_route=%2Fwp%2Fv2%2Fcomments&post=439"}],"version-history":[{"count":4,"href":"https:\/\/thinking.holistic-net.de\/index.php?rest_route=\/wp\/v2\/pages\/439\/revisions"}],"predecessor-version":[{"id":478,"href":"https:\/\/thinking.holistic-net.de\/index.php?rest_route=\/wp\/v2\/pages\/439\/revisions\/478"}],"up":[{"embeddable":true,"href":"https:\/\/thinking.holistic-net.de\/index.php?rest_route=\/wp\/v2\/pages\/8"}],"wp:attachment":[{"href":"https:\/\/thinking.holistic-net.de\/index.php?rest_route=%2Fwp%2Fv2%2Fmedia&parent=439"}],"curies":[{"name":"wp","href":"https:\/\/api.w.org\/{rel}","templated":true}]}}