{"id":348,"date":"2013-01-17T17:30:23","date_gmt":"2013-01-17T17:30:23","guid":{"rendered":"http:\/\/wp1117171.wp153.webpack.hosteurope.de\/thinksbtf\/thinking\/?page_id=348"},"modified":"2013-02-26T12:15:20","modified_gmt":"2013-02-26T11:15:20","slug":"oligarchen-politiker-und-kleine-zocker","status":"publish","type":"page","link":"https:\/\/thinking.holistic-net.de\/?page_id=348&lang=de","title":{"rendered":"Oligarchen, Politiker und kleine Zocker"},"content":{"rendered":"<p>In einem Werbeschreiben einer Bank hei\u00dft es in dieser Woche: \u201eSie sind der Motor der Wirtschaft \u2013 Wir liefern den Treibstoff dazu\u201c.\u00a0 Das klingt in diesen Tagen etwas frech, da ja der Steuerzahler nun f\u00fcr den Treibstoff b\u00fcrgen soll. Offenbar ist die Treibstoff-Logistik etwas aus den Fugen geraten. Auff\u00e4llig ist, dass zur Erl\u00e4uterung der Missst\u00e4nde der alte Karl Marx und sein kleines B\u00fcchlein \u201eDas Kapital\u201c von Leuten zitiert wird, die eindeutig frei von dem Verdacht sind, das B\u00fcchlein jemals gelesen zu haben, oder gar gesinnungsm\u00e4\u00dfig in die N\u00e4he des Herrn Marx ger\u00fcckt werden k\u00f6nnen.<\/p>\n<p><img loading=\"lazy\" decoding=\"async\" alt=\"7_2008\" src=\"http:\/\/wp1117171.wp112.webpack.hosteurope.de\/thinksbtf\/thinking\/wp-content\/uploads\/2013\/01\/7_2008.jpg\" width=\"569\" height=\"73\" \/><\/p>\n<p>Die Welt ist in Aufruhr, weil die Oligarchen den Bogen \u00fcberspannt haben. Die b\u00f6sen Buben vom Investment\u00ad Banking \u2013 meine Villa, mein Pferd, meine Yacht-,\u00a0 haben zu viel gezockt.\u00a0 Nun m\u00fcssen sie bei den Politikern beichten, damit die ihnen aus der Patsche helfen. Das Problem ist, nur ein klitze\u00adkleiner Teil der Politikerkaste versteht \u00fcberhaupt, um was es geht.\u00a0 Unser Bundeswirtschafts\u00administer Herr Glos geh\u00f6rt zumindest nicht dazu. In der Talkshow bei Anne Will gab er bar jedes Sachverstandes ein j\u00e4mmerliches Bild ab, w\u00e4hrend unsere Kanzlerin zeitgleich mit dem Kabinetts\u00adkollegen Stein\u00adbr\u00fcck dar\u00fcber beriet, wie man den gro\u00dfen Zockern geb\u00fchrenfrei unter die Arme greifen kann. Herrn Glos haben sie offenbar dazu nicht gebrauchen k\u00f6nnen. Genauso unbelastet von Fachkenntnis ist vermutlich ein Gro\u00dfteil der Bankvorst\u00e4nde, die nun am Pranger stehen. Ihr Handwerk haben sie gelernt, als das fortgeschrittene Zocken mit dubiosen \u201eProdukten\u201c noch nicht in Mode war. Aber wem sollen sie nun vertrauen, wenn ihnen selbst der Sachverstand fehlt? Den ethikfreien BWL-Ab\u00adsol\u00adven\u00adten, die schon im ersten Semester von der Loft in der Londoner Canary Wharf oder in Manhattan tr\u00e4umen?<\/p>\n<p>Ich selbst besitze keine Aktien und mein Mitleid mit den kleinen Zockern, die allabendlich vor dem Fernsehger\u00e4t sitzen und den B\u00f6rsennachrichten lauschen wie der Lottofee, h\u00e4lt sich in bescheidenen Grenzen. Herr Dressler stellte in der erw\u00e4hnten Talkshow zu Recht die Frage, wieso der B\u00f6rse nicht nur jetzt in den Nachrichten solch ein breiter Raum einger\u00e4umt wird, wo doch nur 10% der B\u00fcrger Aktienbesitzer sind.<\/p>\n<p>Herr Obermann hat ein anderes Problem. Ihm sind Daten geklaut worden. Armer Kerl. Das Wort Datenklau finde ich schr\u00e4g. Wenn man etwas klaut, hat es der urspr\u00fcngliche Besitzer normalerweise nicht mehr, aber die T-Mobile-Daten sind ja nicht weg, sie sind ja nur breiter gestreut. Ich finde es auch schr\u00e4g, dass man sich haupts\u00e4chlich um die Prominenten Sorgen macht. Ich glaube kaum, dass irgendjemand diese Daten kauft, um die Handynummer von Verona Feldbusch oder Hape Kerkeling herauszubekommen. Wie man k\u00fcrzlich bei Frau Ypsilanti gemerkt hat, braucht ein Radiosender keinen gro\u00dfen Aufwand zu betreiben, um eine Politikerin ans Handy zu bekommen.<\/p>\n<p>\u00c4rgerlicher finde ich, dass die Masse der Bev\u00f6lkerung unter solchem Datenklau leidet. Die Daten landen fr\u00fcher oder sp\u00e4ter bei umtriebigen Callcentern, die uns telefonisch irgendeinen Mist andrehen wollen. An dieser Stelle sind unsere Politiker eher tr\u00e4ge in der Regulierung. Das Grundprinzip ist: Der Wirtschaftskriminelle soll erst mal ein bisschen Absahnen. Nach geeigneter Wartezeit schreitet man dann gem\u00e4chlich ein.<\/p>\n<p style=\"text-align: right;\"><a href=\"http:\/\/wp1117171.wp112.webpack.hosteurope.de\/thinksbtf\/thinking\/?page_id=351\" rel=\"attachment wp-att-759\"><img loading=\"lazy\" decoding=\"async\" alt=\"Glosse_Pfeil\" src=\"http:\/\/wp1117171.wp112.webpack.hosteurope.de\/thinksbtf\/thinking\/wp-content\/uploads\/2013\/01\/Glosse_Pfeil1.jpg\" width=\"129\" height=\"17\" \/><\/a><\/p>\n","protected":false},"excerpt":{"rendered":"<p>In einem Werbeschreiben einer Bank hei\u00dft es in dieser Woche: \u201eSie sind der Motor der Wirtschaft \u2013 Wir liefern den Treibstoff dazu\u201c.\u00a0 Das klingt in diesen Tagen etwas frech, da ja der Steuerzahler nun f\u00fcr den Treibstoff b\u00fcrgen soll. Offenbar &hellip; <a href=\"https:\/\/thinking.holistic-net.de\/?page_id=348&#038;lang=de\">Weiterlesen <span class=\"meta-nav\">&rarr;<\/span><\/a><\/p>\n","protected":false},"author":7,"featured_media":0,"parent":99,"menu_order":0,"comment_status":"open","ping_status":"open","template":"","meta":{"footnotes":""},"class_list":["post-348","page","type-page","status-publish","hentry"],"_links":{"self":[{"href":"https:\/\/thinking.holistic-net.de\/index.php?rest_route=\/wp\/v2\/pages\/348","targetHints":{"allow":["GET"]}}],"collection":[{"href":"https:\/\/thinking.holistic-net.de\/index.php?rest_route=\/wp\/v2\/pages"}],"about":[{"href":"https:\/\/thinking.holistic-net.de\/index.php?rest_route=\/wp\/v2\/types\/page"}],"author":[{"embeddable":true,"href":"https:\/\/thinking.holistic-net.de\/index.php?rest_route=\/wp\/v2\/users\/7"}],"replies":[{"embeddable":true,"href":"https:\/\/thinking.holistic-net.de\/index.php?rest_route=%2Fwp%2Fv2%2Fcomments&post=348"}],"version-history":[{"count":8,"href":"https:\/\/thinking.holistic-net.de\/index.php?rest_route=\/wp\/v2\/pages\/348\/revisions"}],"predecessor-version":[{"id":944,"href":"https:\/\/thinking.holistic-net.de\/index.php?rest_route=\/wp\/v2\/pages\/348\/revisions\/944"}],"up":[{"embeddable":true,"href":"https:\/\/thinking.holistic-net.de\/index.php?rest_route=\/wp\/v2\/pages\/99"}],"wp:attachment":[{"href":"https:\/\/thinking.holistic-net.de\/index.php?rest_route=%2Fwp%2Fv2%2Fmedia&parent=348"}],"curies":[{"name":"wp","href":"https:\/\/api.w.org\/{rel}","templated":true}]}}