{"id":346,"date":"2013-01-17T17:29:01","date_gmt":"2013-01-17T17:29:01","guid":{"rendered":"http:\/\/wp1117171.wp153.webpack.hosteurope.de\/thinksbtf\/thinking\/?page_id=346"},"modified":"2013-02-26T12:13:49","modified_gmt":"2013-02-26T11:13:49","slug":"safer-email-green-it-und-bottom-down-strategie","status":"publish","type":"page","link":"https:\/\/thinking.holistic-net.de\/?page_id=346&lang=de","title":{"rendered":"Safer Email, Green IT und Bottom-Down-Strategie"},"content":{"rendered":"<p>Zugegeben, ich musste etwas \u00fcberlegen, bis mir ein Thema einfiel, das ich meines Wissens noch nicht strapaziert habe. Es passiert so wenig Neues, der Sumpf der IT-Aktivisten dreht sich im Kreis. Gelegentlich bietet der Heise-Ticker Anregungen , aber, dass Telekom-Beamte \u201eamtsangemessen\u201c angestellt werden m\u00fcssen, ist nun nicht wirklich der Br\u00fcller. Eher witzig ist die Meldung \u201eBundesregierung plant sicheres Email\u201c. Na dann mal ran an die Planungsarbeit, Herr Sch\u00e4uble. Wir warten mit Neugierde. Zuk\u00fcnftig werden die \u00dcberweisungen\u00a0 der KfW-Bank an bankrotte amerikanische Banken dann per sicherem Email transferiert. Im gleichen Ticker steht, dass Sarah Palins Mail Account gehackt wurde. Die kann sich doch von Sch\u00e4uble beraten lassen, ihre Denkstrukturen sollten eine gemeinsame Basis finden.<\/p>\n<p><img loading=\"lazy\" decoding=\"async\" alt=\"6_2008\" src=\"http:\/\/wp1117171.wp112.webpack.hosteurope.de\/thinksbtf\/thinking\/wp-content\/uploads\/2013\/01\/6_2008.jpg\" width=\"569\" height=\"73\" \/><\/p>\n<p>Nun zur Green IT. Das ist der Zug f\u00fcr Vertriebler, auf den man aufspringen muss, wenn inhaltlich nicht so richtig was geht. Damit m\u00f6chte ich keineswegs die Bem\u00fchungen der Green IT diffamieren. Nachdem man erkannt hat, dass die Energiekosten bei drei Jahren Laufzeit die Anschaffungskosten mancher Hardware \u00fcberschreiten, scheint hier Einsparpotential zu liegen. In den hei\u00dfen Tagen Ende August kam ich in unseren Serverraum und w\u00e4hnte mich auf einem Hubschrauberlandeplatz, was die Ger\u00e4uschkulisse betrifft. Verursacher war ein Blade-Server mit vier L\u00fcftern (vergleichbar mit vier Auspuffrohren am BMW), der so tat als ob er seinen letzten Kampf austr\u00e4gt. Man ahnt, dass dieser Kampf nicht ganz ohne Energieverbrauch vonstatten geht.\u00a0 Eigentlich gab es keinen thermischen Grund f\u00fcr den Kraftakt, dennoch lie\u00df sich das Ger\u00e4t erst nach ein paar Minuten Abschalten zum moderaten Bel\u00fcften beruhigen.<\/p>\n<p>Im heimischen Bereich brillieren vor allem junge Menschen mit Grafikkarten, die erstens wie ein Ford Mustang mit obenliegender Nockenwelle aussehen, und zweitens den Verbrauchsrechnung f\u00fcr Wasch- oder Sp\u00fclmaschine zur Nebensache machen.<\/p>\n<p>Auch im Softwarebereich sollte der Gedanke Green IT zum Argument f\u00fcr Verbesserungspotential werden. K\u00fcrzlich diskutierte ich mit einem Kollegen, dass das Durchrechnen aller 200 Views einer bestimmten Notes Applikation zehn\u00a0 Stunden dauert. Der spontane Kommentar war: Green IT.\u00a0 F\u00fcnfmal Shift-Control-F9 = 1 Currywurst.<\/p>\n<p>Abschlie\u00dfend noch zur Bottom-Down-Strategie. K\u00fcrzlich schrieb ein Gesch\u00e4ftskollege \u2013 dessen Zuordnung ich nicht preisgeben werde \u2013 im Email \u00fcber die Bottom-Down-Strategie unseres Unternehmens, die gut zu seiner Top-Down-Strategie passe. Ich bin ja vorsichtig Formulierungen in Frage zu stellen. Zu schnell bewegt sich das Karussell der Buzzwords. Wenn man die letzten drei Computerwochen noch nicht gelesen hat, sollte man schweigen und nachdenken. Es kann sein dass Bottom-Down der neueste strategische Hit ist. Da wir aber nicht im Tiefbau t\u00e4tig sind, glaube ich, dass der Kollege sich vertippt hat. W\u00e4re auch schade, wenn er richtig l\u00e4ge. Wir w\u00fcrden uns nie treffen. Er macht Top-Down, bis er den Boden trifft und wir buddeln derweil schon flei\u00dfig im Untergrund.<\/p>\n<p style=\"text-align: right;\"><a href=\"http:\/\/wp1117171.wp112.webpack.hosteurope.de\/thinksbtf\/thinking\/?page_id=348\" rel=\"attachment wp-att-759\"><img loading=\"lazy\" decoding=\"async\" alt=\"Glosse_Pfeil\" src=\"http:\/\/wp1117171.wp112.webpack.hosteurope.de\/thinksbtf\/thinking\/wp-content\/uploads\/2013\/01\/Glosse_Pfeil1.jpg\" width=\"129\" height=\"17\" \/><\/a><\/p>\n","protected":false},"excerpt":{"rendered":"<p>Zugegeben, ich musste etwas \u00fcberlegen, bis mir ein Thema einfiel, das ich meines Wissens noch nicht strapaziert habe. Es passiert so wenig Neues, der Sumpf der IT-Aktivisten dreht sich im Kreis. Gelegentlich bietet der Heise-Ticker Anregungen , aber, dass Telekom-Beamte &hellip; <a href=\"https:\/\/thinking.holistic-net.de\/?page_id=346&#038;lang=de\">Weiterlesen <span class=\"meta-nav\">&rarr;<\/span><\/a><\/p>\n","protected":false},"author":7,"featured_media":0,"parent":99,"menu_order":0,"comment_status":"open","ping_status":"open","template":"","meta":{"footnotes":""},"class_list":["post-346","page","type-page","status-publish","hentry"],"_links":{"self":[{"href":"https:\/\/thinking.holistic-net.de\/index.php?rest_route=\/wp\/v2\/pages\/346","targetHints":{"allow":["GET"]}}],"collection":[{"href":"https:\/\/thinking.holistic-net.de\/index.php?rest_route=\/wp\/v2\/pages"}],"about":[{"href":"https:\/\/thinking.holistic-net.de\/index.php?rest_route=\/wp\/v2\/types\/page"}],"author":[{"embeddable":true,"href":"https:\/\/thinking.holistic-net.de\/index.php?rest_route=\/wp\/v2\/users\/7"}],"replies":[{"embeddable":true,"href":"https:\/\/thinking.holistic-net.de\/index.php?rest_route=%2Fwp%2Fv2%2Fcomments&post=346"}],"version-history":[{"count":5,"href":"https:\/\/thinking.holistic-net.de\/index.php?rest_route=\/wp\/v2\/pages\/346\/revisions"}],"predecessor-version":[{"id":942,"href":"https:\/\/thinking.holistic-net.de\/index.php?rest_route=\/wp\/v2\/pages\/346\/revisions\/942"}],"up":[{"embeddable":true,"href":"https:\/\/thinking.holistic-net.de\/index.php?rest_route=\/wp\/v2\/pages\/99"}],"wp:attachment":[{"href":"https:\/\/thinking.holistic-net.de\/index.php?rest_route=%2Fwp%2Fv2%2Fmedia&parent=346"}],"curies":[{"name":"wp","href":"https:\/\/api.w.org\/{rel}","templated":true}]}}