{"id":342,"date":"2013-01-17T17:27:53","date_gmt":"2013-01-17T17:27:53","guid":{"rendered":"http:\/\/wp1117171.wp153.webpack.hosteurope.de\/thinksbtf\/thinking\/?page_id=342"},"modified":"2013-02-26T12:10:48","modified_gmt":"2013-02-26T11:10:48","slug":"jeder-gegen-jeden","status":"publish","type":"page","link":"https:\/\/thinking.holistic-net.de\/?page_id=342&lang=de","title":{"rendered":"Jeder gegen jeden"},"content":{"rendered":"<p>Ach wie herzallerliebst ist doch unsere Gesellschaft. Viele schwadronieren religions\u00fcbergreifend \u00fcber Vertrauen, Glaubw\u00fcrdigkeit, Offenheit, Transparenz und Fairness. In der Praxis gilt eher \u201eJeder gegen jeden\u201c oder, intellektueller ausgedr\u00fcckt, \u201ehomo homini lupus est\u201c.<\/p>\n<p>Am letzten Wochenende st\u00f6berte ich einen immensen Stapel von Fachzeitschriften plus Spiegel, Zeit und ein paar Tageszeitungen durch, damit alles endlich mal dem Altpapier zugef\u00fchrt werden konnte. Da reduziert sich der Blick irgendwann auf die fettesten Titelzeilen und man kommt sich auch in den Fachzeitschriften vor wie im Krieg.<\/p>\n<p><img loading=\"lazy\" decoding=\"async\" alt=\"4_2008\" src=\"http:\/\/wp1117171.wp112.webpack.hosteurope.de\/thinksbtf\/thinking\/wp-content\/uploads\/2013\/01\/4_20081.jpg\" width=\"570\" height=\"73\" \/><\/p>\n<p>Ich habe noch nie daran geglaubt, dass irgendjemand in diesem demokratischen Staat unsere BND-Schlapph\u00fcte, den Verfassungsschutz oder den MAD\u00a0 im Griff hat. Es ist doch naiv zu denken, dass die auf irgendein Gesetz warten bis sie Rechner mit Trojanern best\u00fccken. Peinlich ist es nat\u00fcrlich, wenn so etwas wie im Falle des afghanischen Ministeriums herauskommt. \u201eUnsere lieben Freunde von der afghanischen Regierung \u2026 \u201e Aber wen k\u00fcmmert\u00b4s wirklich. Die Absolution f\u00fcr den BND-Chef Uhrlau folgte auf dem Fu\u00df. Er soll sich bessern. Macht er sicher.<\/p>\n<p>Mehrfach gestolpert bin ich \u00fcber Stellenanzeigen von Lidl. Gesucht wird ein Lidl Junior Consultant. Er soll neue und bestehende Organisationsabl\u00e4ufe analysieren. Vermutlich mit Webcams. Er bekommt einen \u201emodern ausgestatteten Arbeitsplatz\u201c. Braucht man auch, wenn man Mitarbeiter ausspionieren will.\u00a0 Dass der Arbeitsplatz \u201einteressante Perspektiven\u201c bietet, scheint beim Einsatz der Webcams auch gew\u00e4hrleistet. Wer immer noch meint, dass Lidl und Aldi einfach nur niedrigere Preise haben, weil ihre Chefs verkappte Wohlt\u00e4ter sind, dem empfehle ich die Lekt\u00fcre des aktuellen Berichts von G\u00fcnter Wallraff \u00fcber die Arbeit bei einem Lidl-Zulieferer. Zu lesen in einer Beilage der Zeit. Ab zu Lidl zum Einkauf und wohl bekomm\u2019s.<\/p>\n<p>Eine weitere \u00dcberschrift lautete \u201eSpiegelungen in Brillen verraten Spionen den Monitorinhalt\u201c. Das mag sein. Aber so kompliziert muss es nicht sein. Im Flugzeug konnte ich vor einiger Zeit mit verfolgen, wie ein Pressesprecher der Messe AG seine Rede f\u00fcr die Pr\u00e4sentation des neuen CeBIT-Konzeptes schrieb. Fast h\u00e4tte ich ihm geholfen, aber das Konzept ist ohnehin relativ einfach. Es basiert auf der Verteilung von hunderttausenden von Freikarten und der Pressemitteilung, dass die Besucherzahl gewachsen sei. Solange jeden Tag tausende von Notebooks mit Betriebsgeheimnissen offen wie ein Scheunentor im ICE durch Deutschland gekarrt werden und f\u00fcr Sehschwache die Geheimnisse erg\u00e4nzend in lautstarken Handy-Telefonaten durch den Gro\u00dfraumwagen posaunt werden, braucht man sich \u00fcber Sonnenbrillen keine Gedanken zu machen.<\/p>\n<p>Auf der Lotusphere propagierte IBM die neue enge Zusammenarbeit mit SAP. Unter dem Titel Atlantis werden diese Fr\u00fcchte nun den Kunden nahegebracht. In der Computerzeitung las ich: \u201eOracle schn\u00fcrt mit IBM mittelstandstaugliche Standardsoftwarepakete. Die Initiative ist vor allem gegen SAP gerichtet. (CZ, 21.4.)\u201c. Wahrscheinlich wei\u00df IBM nicht, was Larry Ellison nun wieder schn\u00fcrt oder wie erkl\u00e4rt sich der kleine Mann diese Meldung.<\/p>\n<p>Mit Schmunzeln las ich auch, dass das Wei\u00dfe Haus bei der Umstellung auf Microsoft Technologie Millionen von Emails verloren hat. Wo gehobelt wird, da fallen Sp\u00e4ne. Von mir war keines dabei. Es sei denn es handelte sich um die globalen Aufzeichnungen des Email-Verkehrs.<\/p>\n<p>\u201eFriede auf Erden!\u201c w\u00fcnscht Ihnen<\/p>\n<p>J\u00f6rg Allmann<\/p>\n<p style=\"text-align: right;\"><a href=\"http:\/\/wp1117171.wp112.webpack.hosteurope.de\/thinksbtf\/thinking\/?page_id=344\" rel=\"attachment wp-att-759\"><img loading=\"lazy\" decoding=\"async\" alt=\"Glosse_Pfeil\" src=\"http:\/\/wp1117171.wp112.webpack.hosteurope.de\/thinksbtf\/thinking\/wp-content\/uploads\/2013\/01\/Glosse_Pfeil1.jpg\" width=\"129\" height=\"17\" \/><\/a><\/p>\n","protected":false},"excerpt":{"rendered":"<p>Ach wie herzallerliebst ist doch unsere Gesellschaft. Viele schwadronieren religions\u00fcbergreifend \u00fcber Vertrauen, Glaubw\u00fcrdigkeit, Offenheit, Transparenz und Fairness. In der Praxis gilt eher \u201eJeder gegen jeden\u201c oder, intellektueller ausgedr\u00fcckt, \u201ehomo homini lupus est\u201c. Am letzten Wochenende st\u00f6berte ich einen immensen Stapel &hellip; <a href=\"https:\/\/thinking.holistic-net.de\/?page_id=342&#038;lang=de\">Weiterlesen <span class=\"meta-nav\">&rarr;<\/span><\/a><\/p>\n","protected":false},"author":7,"featured_media":0,"parent":99,"menu_order":0,"comment_status":"open","ping_status":"open","template":"","meta":{"footnotes":""},"class_list":["post-342","page","type-page","status-publish","hentry"],"_links":{"self":[{"href":"https:\/\/thinking.holistic-net.de\/index.php?rest_route=\/wp\/v2\/pages\/342","targetHints":{"allow":["GET"]}}],"collection":[{"href":"https:\/\/thinking.holistic-net.de\/index.php?rest_route=\/wp\/v2\/pages"}],"about":[{"href":"https:\/\/thinking.holistic-net.de\/index.php?rest_route=\/wp\/v2\/types\/page"}],"author":[{"embeddable":true,"href":"https:\/\/thinking.holistic-net.de\/index.php?rest_route=\/wp\/v2\/users\/7"}],"replies":[{"embeddable":true,"href":"https:\/\/thinking.holistic-net.de\/index.php?rest_route=%2Fwp%2Fv2%2Fcomments&post=342"}],"version-history":[{"count":5,"href":"https:\/\/thinking.holistic-net.de\/index.php?rest_route=\/wp\/v2\/pages\/342\/revisions"}],"predecessor-version":[{"id":739,"href":"https:\/\/thinking.holistic-net.de\/index.php?rest_route=\/wp\/v2\/pages\/342\/revisions\/739"}],"up":[{"embeddable":true,"href":"https:\/\/thinking.holistic-net.de\/index.php?rest_route=\/wp\/v2\/pages\/99"}],"wp:attachment":[{"href":"https:\/\/thinking.holistic-net.de\/index.php?rest_route=%2Fwp%2Fv2%2Fmedia&parent=342"}],"curies":[{"name":"wp","href":"https:\/\/api.w.org\/{rel}","templated":true}]}}