{"id":340,"date":"2013-01-17T17:27:20","date_gmt":"2013-01-17T17:27:20","guid":{"rendered":"http:\/\/wp1117171.wp153.webpack.hosteurope.de\/thinksbtf\/thinking\/?page_id=340"},"modified":"2013-02-26T12:09:19","modified_gmt":"2013-02-26T11:09:19","slug":"weniger-ware-mehr-aber-wer-hat-den-mut","status":"publish","type":"page","link":"https:\/\/thinking.holistic-net.de\/?page_id=340&lang=de","title":{"rendered":"Weniger w\u00e4re mehr, aber wer hat den Mut"},"content":{"rendered":"<p>Schon \u00f6fter habe ich Zweifel an der Sinnf\u00e4lligkeit der technologischen \u00dcberfrachtung von PC-Arbeitspl\u00e4tzen ge\u00e4u\u00dfert. In meinen Augen fehlt im Moment ein mutiger Vision\u00e4r, der sich traut dieses heillose Sammelsurium von Funktionalit\u00e4ten auf den PCs zu einem sinnvollen Funktionsumfang einzudampfen, ein solides Betriebssystem darunter zu legen und Menschen die Angst davor zu nehmen, dass der Kollege oder Nachbar ein Programm oder ein Feature mehr auf seinem Rechner hat.<\/p>\n<p><img loading=\"lazy\" decoding=\"async\" alt=\"3_2008\" src=\"http:\/\/wp1117171.wp112.webpack.hosteurope.de\/thinksbtf\/thinking\/wp-content\/uploads\/2013\/01\/3_20083.jpg\" width=\"569\" height=\"73\" \/><\/p>\n<p>Der Monopolist Microsoft l\u00e4sst jegliches Gedankengut in diese Richtung vermissen.\u00a0 Das hat die Welt davon, wenn die freie Marktwirtschaft nicht mehr funktioniert. Windows 7 wird der n\u00e4chste Overkill-Versuch sein, mit dem auch die beste Hardware zum Erliegen gebracht wird. Knapp 2 Jahre haben wir wohl noch Zeit, bevor die n\u00e4chste Innovationswelle uns an die Wand dr\u00fcckt. Wenigstens hat man erkannt, dass Vista f\u00fcr low-cost PCs vielleicht eher ungeeignet ist und man mit XP besser bedient ist.<\/p>\n<p>IBM ist auch nicht gerade als Erfinder der Leichtigkeit des IT-Seins bekannt geworden. Motto: WAS auf\u00b4s Handy. Manche meiner Zeitgenossen schalten ja ihren Rechner nie mehr aus, um sich den 10-min\u00fctigen Bootvorgang zu sparen.\u00a0 Ich bin da etwas konservativ und schalte das Notebook noch hin und wieder aus. Die \u00d6kobilanz unterschiedlicher Hibernate-Sleep-Standby-Shutdown-Praktiken ist mir unklar. In Teilen auch die zuverl\u00e4ssige Wirkungsweise. Ein morgendlicher Bootvorgang versetzt mich in gewisse nervliche Anspannung, zumal ich oft \u00fcber mehrere Minuten nicht wei\u00df, was das geliebte Ger\u00e4t nun eigentlich tut. Der Notes 8 Standard Client stellt dabei die chronologisch letzte Geduldsprobe dar. Wenn keiner hinguckt, nehme ich inzwischen heimlich den Notes 8 Basic Client. Aber bitte nicht weiter\u00aderz\u00e4hlen.<\/p>\n<p>Die ganz schlauen Zeitgenossen (in der Regel Singles mit Home Office) werfen nur den Hinweis \u201eMac\u201c in die Runde und bel\u00e4cheln meine Probleme. Pers\u00f6nlich k\u00f6nnte ich vielleicht mit einem AirBook zu neuer Zufriedenheit finden, aber es ist nun mal nicht unser Business f\u00fcr die Apple-Welt Software zu entwickeln. Also warte ich weiter auf einen Vision\u00e4r der Vereinfachung.<\/p>\n<p style=\"text-align: right;\"><a href=\"http:\/\/wp1117171.wp112.webpack.hosteurope.de\/thinksbtf\/thinking\/?page_id=342\" rel=\"attachment wp-att-759\"><img loading=\"lazy\" decoding=\"async\" alt=\"Glosse_Pfeil\" src=\"http:\/\/wp1117171.wp112.webpack.hosteurope.de\/thinksbtf\/thinking\/wp-content\/uploads\/2013\/01\/Glosse_Pfeil1.jpg\" width=\"129\" height=\"17\" \/><\/a><\/p>\n","protected":false},"excerpt":{"rendered":"<p>Schon \u00f6fter habe ich Zweifel an der Sinnf\u00e4lligkeit der technologischen \u00dcberfrachtung von PC-Arbeitspl\u00e4tzen ge\u00e4u\u00dfert. In meinen Augen fehlt im Moment ein mutiger Vision\u00e4r, der sich traut dieses heillose Sammelsurium von Funktionalit\u00e4ten auf den PCs zu einem sinnvollen Funktionsumfang einzudampfen, ein &hellip; <a href=\"https:\/\/thinking.holistic-net.de\/?page_id=340&#038;lang=de\">Weiterlesen <span class=\"meta-nav\">&rarr;<\/span><\/a><\/p>\n","protected":false},"author":7,"featured_media":0,"parent":99,"menu_order":0,"comment_status":"open","ping_status":"open","template":"","meta":{"footnotes":""},"class_list":["post-340","page","type-page","status-publish","hentry"],"_links":{"self":[{"href":"https:\/\/thinking.holistic-net.de\/index.php?rest_route=\/wp\/v2\/pages\/340","targetHints":{"allow":["GET"]}}],"collection":[{"href":"https:\/\/thinking.holistic-net.de\/index.php?rest_route=\/wp\/v2\/pages"}],"about":[{"href":"https:\/\/thinking.holistic-net.de\/index.php?rest_route=\/wp\/v2\/types\/page"}],"author":[{"embeddable":true,"href":"https:\/\/thinking.holistic-net.de\/index.php?rest_route=\/wp\/v2\/users\/7"}],"replies":[{"embeddable":true,"href":"https:\/\/thinking.holistic-net.de\/index.php?rest_route=%2Fwp%2Fv2%2Fcomments&post=340"}],"version-history":[{"count":6,"href":"https:\/\/thinking.holistic-net.de\/index.php?rest_route=\/wp\/v2\/pages\/340\/revisions"}],"predecessor-version":[{"id":735,"href":"https:\/\/thinking.holistic-net.de\/index.php?rest_route=\/wp\/v2\/pages\/340\/revisions\/735"}],"up":[{"embeddable":true,"href":"https:\/\/thinking.holistic-net.de\/index.php?rest_route=\/wp\/v2\/pages\/99"}],"wp:attachment":[{"href":"https:\/\/thinking.holistic-net.de\/index.php?rest_route=%2Fwp%2Fv2%2Fmedia&parent=340"}],"curies":[{"name":"wp","href":"https:\/\/api.w.org\/{rel}","templated":true}]}}