{"id":338,"date":"2013-01-17T17:26:49","date_gmt":"2013-01-17T17:26:49","guid":{"rendered":"http:\/\/wp1117171.wp153.webpack.hosteurope.de\/thinksbtf\/thinking\/?page_id=338"},"modified":"2013-02-26T12:07:17","modified_gmt":"2013-02-26T11:07:17","slug":"choreografie-vom-feinsten","status":"publish","type":"page","link":"https:\/\/thinking.holistic-net.de\/?page_id=338&lang=de","title":{"rendered":"Choreografie vom Feinsten"},"content":{"rendered":"<p>Die Amerikaner sind ja ein mutiges Volk. Sie k\u00e4mpfen \u00fcberall dort, wo andere zu feige sind, und erhalten damit f\u00fcr uns alle den Weltfrieden. Amerikanische Manager sind auch mutig. Sie sind auch geradlinig, zweifelsfrei,\u00a0 selbstsicher, einfach tough. Sie wissen was Sache ist und sie wissen wo es lang geht. Probleme k\u00f6nnten in der freien Rede entstehen, aber daf\u00fcr haben sie den Teleprompter erfunden.<\/p>\n<p><img loading=\"lazy\" decoding=\"async\" alt=\"2_2008\" src=\"http:\/\/wp1117171.wp112.webpack.hosteurope.de\/thinksbtf\/thinking\/wp-content\/uploads\/2013\/01\/2_20082.jpg\" width=\"569\" height=\"73\" \/><\/p>\n<p>Auf der Lotusphere in Orlando wurde mal wieder Teleprompter-gest\u00fctzte Choreografie vom Feinsten geboten. Bei den gro\u00dfen General Sessions will man sich der Gefahr der freien Rede nicht aussetzen. Man will keine Stoiberschen \u00c4hs und Ohs (\u00c4h ginge ja auch gar nicht, weil der Amerikaner keinen Umlaut hat). Man will keine spontane Kontaktaufnahme mit dem Publikum. Perfektion ist tausend\u00admal mehr wert als Authentizit\u00e4t.\u00a0 Jedes Wort, und mag es noch so spontan klingen,\u00a0 ist exakt einstudiert. Jeder Schritt, jede Handbewegung, jede B\u00fchnenposition ist geprobt.<\/p>\n<p>Bei manchen Rednern f\u00e4llt es nicht sofort auf. Aber der Text l\u00e4uft auf Leinw\u00e4nden, die von der Decke h\u00e4ngen, mit. Buchstabe f\u00fcr Buchstabe. Mit allen choreografischen Anweisungen. Das Publikum soll diese Texte nicht unbedingt sehen, aber als kleine Perfektions\u00adl\u00fccke sind die Leinw\u00e4nde etwas transparent und man sieht den Text in Spiegelschrift durch. Andere Redner machen den Eindruck als ob sie aus einem Erstkl\u00e4ssler-Lesebuch vorlesen.\u00a0 \u201eHi, Ron. Welcome on stage. Please show us the new features of \u2026\u201c. Besonders beeindruckend fand ich den Auftritt von vier CIOs, denen jeweils ihre IBM <i>success story<\/i> auf dem Leib geschrieben war.\u00a0 Rauf auf die B\u00fchne, am Kreuzchen hinstellen, Gedicht aufsagen, runter von der B\u00fchne. Und wie wir uns freuen. Da kommt <i>feeling<\/i> r\u00fcber. Und glauben tun wir\u00b4s allemal, war ja schlie\u00dflich fehlerfrei aufgesagt.<\/p>\n<p>Ein Journalist, der etwas weltl\u00e4ufiger ist als ich, erkl\u00e4rte mir, das sei so wegen des Aktienrechts. Da m\u00fcsse man h\u00f6llisch aufpassen, dass man nichts Falsches sagt und deshalb werde das vorher exakt von den Marketing &amp; Communications-Abteilungen und den Lawyern vorgetextet. Da geht halt ein bisschen was spontanes verloren. Naja, man kann im Big Business nicht alles haben.<\/p>\n<p>Geradezu erfrischend sind dann Vortr\u00e4ge von Maureen Leland, der man aber offenbar inzwischen das Vorf\u00fchren ihrer \u201epuppy application\u201c untersagt hat.\u00a0 Sie l\u00e4sst es sich aber nicht nehmen, mal ein taufrisch implementiertes Feature zu zeigen, dass sich leider nicht wie erw\u00fcnscht verh\u00e4lt.\u00a0 Freie Rede inklusive, soweit ich das <i>behind the scenes<\/i> erkennen konnte. Vermutlich ist sie Irin und noch nicht voll domestiziert.<\/p>\n<p>Um uns Lotusphere Teilnehmer im Griff zu behalten, hat man uns ganz einfach einen RFID-Chip auf den Badge geklebt. Die meisten Teilnehmer schlafen auch mit dem Badge um den Hals. Die stille Verleihung eines pers\u00f6nlichen RFID-Chips ist nicht jedem aufgefallen, stand aber angeblich irgendwo im Klein\u00adge\u00addruck\u00adten der <i>registration form<\/i>. Vermutlich dient es nur der Veranstaltungsoptimierung. Ich habe kurzfristig \u00fcberlegt, ob ich den Chip abkratzen und in der Toilette runtersp\u00fclen soll. Vermutlich w\u00fcrde ich dann rechnerisch noch immer auf der Toilette sitzen. Ich hab mich aber nicht getraut, auf diese Weise einen Gro\u00dfalarm auszul\u00f6sen.<\/p>\n<p>Ansonsten gef\u00e4llt mir Amerika Jahr um Jahr besser. Es ist so einfach, wenn man die Grundregeln kennt und sich immer daran h\u00e4lt. Wir Europ\u00e4er sind zu kompliziert mit unserem Pluralismus und Individualismus, unserer antiquierten Dialektik und dem ewigen Diskutieren.<\/p>\n<p style=\"text-align: right;\"><a href=\"http:\/\/wp1117171.wp112.webpack.hosteurope.de\/thinksbtf\/thinking\/?page_id=340\" rel=\"attachment wp-att-759\"><img loading=\"lazy\" decoding=\"async\" alt=\"Glosse_Pfeil\" src=\"http:\/\/wp1117171.wp112.webpack.hosteurope.de\/thinksbtf\/thinking\/wp-content\/uploads\/2013\/01\/Glosse_Pfeil1.jpg\" width=\"129\" height=\"17\" \/><\/a><\/p>\n","protected":false},"excerpt":{"rendered":"<p>Die Amerikaner sind ja ein mutiges Volk. Sie k\u00e4mpfen \u00fcberall dort, wo andere zu feige sind, und erhalten damit f\u00fcr uns alle den Weltfrieden. Amerikanische Manager sind auch mutig. Sie sind auch geradlinig, zweifelsfrei,\u00a0 selbstsicher, einfach tough. Sie wissen was &hellip; <a href=\"https:\/\/thinking.holistic-net.de\/?page_id=338&#038;lang=de\">Weiterlesen <span class=\"meta-nav\">&rarr;<\/span><\/a><\/p>\n","protected":false},"author":7,"featured_media":0,"parent":99,"menu_order":0,"comment_status":"open","ping_status":"open","template":"","meta":{"footnotes":""},"class_list":["post-338","page","type-page","status-publish","hentry"],"_links":{"self":[{"href":"https:\/\/thinking.holistic-net.de\/index.php?rest_route=\/wp\/v2\/pages\/338","targetHints":{"allow":["GET"]}}],"collection":[{"href":"https:\/\/thinking.holistic-net.de\/index.php?rest_route=\/wp\/v2\/pages"}],"about":[{"href":"https:\/\/thinking.holistic-net.de\/index.php?rest_route=\/wp\/v2\/types\/page"}],"author":[{"embeddable":true,"href":"https:\/\/thinking.holistic-net.de\/index.php?rest_route=\/wp\/v2\/users\/7"}],"replies":[{"embeddable":true,"href":"https:\/\/thinking.holistic-net.de\/index.php?rest_route=%2Fwp%2Fv2%2Fcomments&post=338"}],"version-history":[{"count":7,"href":"https:\/\/thinking.holistic-net.de\/index.php?rest_route=\/wp\/v2\/pages\/338\/revisions"}],"predecessor-version":[{"id":2985,"href":"https:\/\/thinking.holistic-net.de\/index.php?rest_route=\/wp\/v2\/pages\/338\/revisions\/2985"}],"up":[{"embeddable":true,"href":"https:\/\/thinking.holistic-net.de\/index.php?rest_route=\/wp\/v2\/pages\/99"}],"wp:attachment":[{"href":"https:\/\/thinking.holistic-net.de\/index.php?rest_route=%2Fwp%2Fv2%2Fmedia&parent=338"}],"curies":[{"name":"wp","href":"https:\/\/api.w.org\/{rel}","templated":true}]}}