{"id":335,"date":"2013-01-17T17:26:19","date_gmt":"2013-01-17T17:26:19","guid":{"rendered":"http:\/\/wp1117171.wp153.webpack.hosteurope.de\/thinksbtf\/thinking\/?page_id=335"},"modified":"2013-02-21T10:09:29","modified_gmt":"2013-02-21T09:09:29","slug":"stilbluten","status":"publish","type":"page","link":"https:\/\/thinking.holistic-net.de\/?page_id=335&lang=de","title":{"rendered":"Stilbl\u00fcten"},"content":{"rendered":"<p>Es ist Mitte Januar und die letzten Weihnachtskarten trudeln ein. Es ist ja auch verst\u00e4ndlich, dass man erst mal abwartet, ob man eine Weihnachtskarte bekommt, bevor man zum Gegenzug ausholt. Die Strategie mag zu kleineren Timing-Problemen f\u00fchren. Zwei Karten erreichten uns, denen wir keinen Absender zuordnen konnten.\u00a0 Die Unterschriften waren auch mit Hilfe des im Erdgescho\u00df ans\u00e4ssigen Apothekers nicht zu entziffern und aus dem Aufdruck \u201eFrankierservice\u201c, den der Altersversorgungsspezialist Zumwinkel auf die Couverts drucken l\u00e4sst, kann man auch keine Schl\u00fcsse ziehen. Eine stilistisch aufw\u00e4ndige Karte hatte den Titel: \u201eAlle Gute f\u00fcr 2008\u201c. Welche denn? Ein schw\u00e4bischer Kollege strapaziert fast st\u00fcndlich den Ausspruch: \u201eEinmal mit Profis arbeiten \u2026\u201c<\/p>\n<p><img loading=\"lazy\" decoding=\"async\" alt=\"1_2008\" src=\"http:\/\/wp1117171.wp112.webpack.hosteurope.de\/thinksbtf\/thinking\/wp-content\/uploads\/2013\/01\/1_2008.jpg\" width=\"571\" height=\"73\" \/><\/p>\n<p>In unserer Branche wird oft schneller geredet als gedacht. Das macht Topmanager, Topseller und technologische \u00dcberflieger fast menschlich. Vielfach misslingt auch der legere Griff in die Spr\u00fcchekiste, bzw. der Redende versucht sich in sprachlichen <i>mashups<\/i> oder <i>composite applications<\/i>.<\/p>\n<p>Ein paar Kleinigkeiten aus dem eigenen Mith\u00f6r-Repertoire will ich an dieser Stelle zitieren. Der Topseller hat dem Kunden das neue Produkt nochmal ausdr\u00fccklich \u201eans Herz geworfen\u201c, weil dieser \u201edas immer l\u00e4nger auf die Bank schiebt\u201c. M\u00f6glicherweise liegt es auch daran, dass er z.Zt. \u201eunfl\u00fcssig\u201c ist. Ein Topmanager meint, dass er bei soviel \u00c4rger \u201eunangespitzt in die Decke gehen k\u00f6nnte\u201c. Sein Mitarbeiter hat sich mal wieder \u201eFl\u00f6he in den Kopf setzen lassen\u201c. Aber f\u00fcr ihn w\u00e4re das \u201eein Klacks mit links\u201c. Ein anderer Topseller ist \u00fcberzeugt, dass er die Argumente des Kunden \u201eakustisch einsieht\u201c, will aber trotzdem vermeiden, dass er auf \u201edem falschen Pferd ist\u201c. Man will schlie\u00dflich \u201eden Spie\u00df nicht von hinten aufz\u00e4umen\u201c. \u00dcber das Argument \u201edas Ohr h\u00f6rt anders als das Auge sieht\u201c muss der Zuh\u00f6rer schon etwas l\u00e4nger nachdenken.<\/p>\n<p>Besonderen Unterhaltungswert haben nat\u00fcrlich die sprachlichen H\u00f6henfl\u00fcge, die versehentlich ins Schl\u00fcpfrige abgleiten, aber die darf ich in diesem seri\u00f6sen Herrenmagazin nicht zum Besten geben. Sp\u00e4testens der gestrenge Lektor w\u00fcrde meine Glosse auf einen Zweizeiler zusammenstreichen. Um mir nicht vorwerfen zu lassen aus dem Glashaus mit Steinen zu werfen, will ich einr\u00e4umen, dass mir auch der eine oder andere Sprachunfall passiert. Angesichts des permanenten Leistungsdruckes, unter dem wir alle stehen, ist das aber nicht verwunderlich. Menschlich eben.<\/p>\n<p>Einen Kollegen von IBM fragte ich k\u00fcrzlich, wo denn das diesj\u00e4hrige Global Kickoff der IBM stattfindet, in Dubai, in Sidney, auf Hawaii? Er antwortete, dass es sich wohl auf eine \u201eReise nach Jerusalem\u201c reduziert. Mein erster Gedanke war: Naja, dann halt mal Israel. Kickoff im Felsendom oder so was \u00e4hnliches. Dann fiel der Groschen aber doch noch. Die IBM virtualisiert dieses beliebte Kindergeburtstagsspiel, bei dem immer ein Stuhl zu wenig da ist. Die Kombination von Social Networking und Virtualisierung.<\/p>\n<p>Meiner Kollegin ist es nun im 34. Anlauf auch gelungen die elektronische\u00a0 \u00dcbermittlung der Lohnsteuerdaten an das Finanzamt durchzuf\u00fchren. Mal wieder war der Staat vollkommen \u00fcberrascht von diesem Datenaufkommen am Jahresanfang und die staatliche Elster-Serverfarm hat den Dienst verweigert.<\/p>\n<p>Nun kann das olympische Jahr beginnen. Erst Florida, dann CeBIT-Partys und dann so langsam f\u00fcr Peking packen.<\/p>\n","protected":false},"excerpt":{"rendered":"<p>Es ist Mitte Januar und die letzten Weihnachtskarten trudeln ein. Es ist ja auch verst\u00e4ndlich, dass man erst mal abwartet, ob man eine Weihnachtskarte bekommt, bevor man zum Gegenzug ausholt. Die Strategie mag zu kleineren Timing-Problemen f\u00fchren. Zwei Karten erreichten &hellip; <a href=\"https:\/\/thinking.holistic-net.de\/?page_id=335&#038;lang=de\">Weiterlesen <span class=\"meta-nav\">&rarr;<\/span><\/a><\/p>\n","protected":false},"author":7,"featured_media":0,"parent":99,"menu_order":0,"comment_status":"open","ping_status":"open","template":"","meta":{"footnotes":""},"class_list":["post-335","page","type-page","status-publish","hentry"],"_links":{"self":[{"href":"https:\/\/thinking.holistic-net.de\/index.php?rest_route=\/wp\/v2\/pages\/335","targetHints":{"allow":["GET"]}}],"collection":[{"href":"https:\/\/thinking.holistic-net.de\/index.php?rest_route=\/wp\/v2\/pages"}],"about":[{"href":"https:\/\/thinking.holistic-net.de\/index.php?rest_route=\/wp\/v2\/types\/page"}],"author":[{"embeddable":true,"href":"https:\/\/thinking.holistic-net.de\/index.php?rest_route=\/wp\/v2\/users\/7"}],"replies":[{"embeddable":true,"href":"https:\/\/thinking.holistic-net.de\/index.php?rest_route=%2Fwp%2Fv2%2Fcomments&post=335"}],"version-history":[{"count":11,"href":"https:\/\/thinking.holistic-net.de\/index.php?rest_route=\/wp\/v2\/pages\/335\/revisions"}],"predecessor-version":[{"id":730,"href":"https:\/\/thinking.holistic-net.de\/index.php?rest_route=\/wp\/v2\/pages\/335\/revisions\/730"}],"up":[{"embeddable":true,"href":"https:\/\/thinking.holistic-net.de\/index.php?rest_route=\/wp\/v2\/pages\/99"}],"wp:attachment":[{"href":"https:\/\/thinking.holistic-net.de\/index.php?rest_route=%2Fwp%2Fv2%2Fmedia&parent=335"}],"curies":[{"name":"wp","href":"https:\/\/api.w.org\/{rel}","templated":true}]}}