{"id":333,"date":"2013-01-17T17:25:51","date_gmt":"2013-01-17T17:25:51","guid":{"rendered":"http:\/\/wp1117171.wp153.webpack.hosteurope.de\/thinksbtf\/thinking\/?page_id=333"},"modified":"2013-02-26T10:45:56","modified_gmt":"2013-02-26T09:45:56","slug":"im-social-software-stress","status":"publish","type":"page","link":"https:\/\/thinking.holistic-net.de\/?page_id=333&lang=de","title":{"rendered":"Im Social Software Stress"},"content":{"rendered":"<p>Der IT-Darwinismus schl\u00e4ft nie. Die Evolution nimmt unbremsbar ihren Lauf. Immer wieder rollt eine Welle der sozio-kulturellen Ver\u00e4nderung um den Globus, die neue Gewinner nach oben sp\u00fclt und Verlierer hinter sich l\u00e4sst. In den 80ern haben wir die Zeitgenossen aussortiert, die sich ein Arbeiten mit dem PC nicht vorstellen konnten. Sie wanderten in die Archive und sortieren dort alte Akten. Ein paar wenige wurden Manager, um dem Druck der PC-Arbeit zu entgehen. In den 90ern wurden bis in die Tiefen des Privatlebens die Bev\u00f6lkerungsgruppen abgesch\u00fcttelt, die sich dem Internet als allein seligmachende Informationsquelle verweigerten.<\/p>\n<p><img loading=\"lazy\" decoding=\"async\" alt=\"8_2007\" src=\"http:\/\/wp1117171.wp112.webpack.hosteurope.de\/thinksbtf\/thinking\/wp-content\/uploads\/2013\/01\/8_2007.jpg\" width=\"571\" height=\"73\" \/><\/p>\n<p>Es wird gesurft bis der Arzt kommt. Der Feedreader gibt den Arbeitstakt an. Das pers\u00f6nliche Dashboard informiert \u00fcber jede kleinste Wetterver\u00e4nderung in S\u00fcdgeorgien, die sekundengenaue Kapitalisierung des pers\u00f6nlichen Aktiendepots ist immer im Blick, sinkende Schiffe vor der antarktischen Halbinsel\u00a0 werden live bestaunt. Doch mit dieser passiven Konsumentenhaltung ist nun Schluss. Der Zeitgeist fordert die Nutzung\u00a0 von Social Software unter der Fahne Web 2.0.<\/p>\n<p>Die Zeiten des introvertierten, eigenbr\u00f6tlerischen vor sich Hinwerkelns am PC sind vorbei. Die Zukunft geh\u00f6rt den Extrovertierten, den Selbstdarstellern vom Schlage eines Stefan Raab, denen, die sich in jedes verf\u00fcgbare Forum st\u00fcrzen und nicht nur voyeuristisch st\u00f6bern, sondern unter Nutzung aller g\u00e4ngigen Buzzwords andere Extrovertierte in ihre Wissensschranken weisen.<\/p>\n<p>\u201eDer Arbeitstag beginnt \u2026\u201c ist eigentlich kein zeitgem\u00e4\u00dfer Terminus mehr, denn das Social Software Business ist global und tobt rund um die Uhr. Noch am Fr\u00fchst\u00fcckstisch wird das Notebook aufgeklappt, um die n\u00e4chtlichen Newsticker-Eing\u00e4nge zu checken. Das ist noch die klassische Leset\u00e4tigkeit. Als n\u00e4chstes geht\u00b4s ins Facebook, weil mich jemand als <i>friend<\/i> hinzugef\u00fcgt hat. Eine andere Freundin hat etwas auf meine <i>wall <\/i>geschrieben. Das will gekontert werden. Schnell ein paar Photos vom Wochenende <i>uploaden,<\/i> damit meine Seite nicht langweilig wird. Als n\u00e4chstes geht es in XING. Auch hier wartet jemand auf die Best\u00e4tigung seiner Kontaktanfrage. <i>Taggen<\/i> machen wir sp\u00e4ter. Mein Profil will ich dort schon seit l\u00e4ngerem pr\u00e4zisieren. Unter \u201eIch suche\u201c und \u201eIch biete\u201c jeweils \u201eKontakte\u201c einzutragen, ist etwas d\u00fcnn und wird dem Anspruch der Plattform nicht gerecht. Schnell noch in\u00a0 <i>Ringo<\/i>. Auch hier gibt\u00b4s neue Photos.<\/p>\n<p>Seit kurzem kommt die EULUC-Plattform der DNUG hinzu. Auch dort sind meine Profil-Eintr\u00e4ge noch mehr als d\u00fcrftig. Wie soll denn jemand meine \u00fcberbordenden Skills identifizieren, wenn ich sie nicht angemessen darstelle. Weiter geht es mit dem Lesen und Kommentieren der neuesten holistic-Intranet-Eintr\u00e4ge. Die Pr\u00e4sentationen aus der letzten Woche m\u00fcssen noch ins Intranet.\u00a0 Der Feedreader unterbricht alle paar Minuten\u00a0 meine Konzentration, und weist darauf hin, dass sich die Welt\u00a0 auch au\u00dferhalb des pers\u00f6nlichen Horizontes dreht.\u00a0 Ein paar richtungsweisende Blogs m\u00fcssen noch gesichtet werden. Blo\u00df nichts verpassen. Auch ein DVD-Kauf bei Amazon bleibt nicht ohne Folgen. Ich werde per Email aufgefordert, die Kaufabwicklung zu bewerten.<\/p>\n<p>Trotz allem beschleicht mich das Schuldgef\u00fchl, nicht genug pr\u00e4sent zu sein. Irgendwann muss vielleicht mal eine Konsolidierung aller Plattformen in Angriff genommen werden. Herr Sch\u00e4uble w\u00fcrde das sicher gerne unter staatlicher Obhut anbieten.<\/p>\n<p style=\"text-align: right;\"><a href=\"http:\/\/wp1117171.wp112.webpack.hosteurope.de\/thinksbtf\/thinking\/?page_id=335\" rel=\"attachment wp-att-759\"><img loading=\"lazy\" decoding=\"async\" alt=\"Glosse_Pfeil\" src=\"http:\/\/wp1117171.wp112.webpack.hosteurope.de\/thinksbtf\/thinking\/wp-content\/uploads\/2013\/01\/Glosse_Pfeil1.jpg\" width=\"129\" height=\"17\" \/><\/a><\/p>\n","protected":false},"excerpt":{"rendered":"<p>Der IT-Darwinismus schl\u00e4ft nie. Die Evolution nimmt unbremsbar ihren Lauf. Immer wieder rollt eine Welle der sozio-kulturellen Ver\u00e4nderung um den Globus, die neue Gewinner nach oben sp\u00fclt und Verlierer hinter sich l\u00e4sst. In den 80ern haben wir die Zeitgenossen aussortiert, &hellip; <a href=\"https:\/\/thinking.holistic-net.de\/?page_id=333&#038;lang=de\">Weiterlesen <span class=\"meta-nav\">&rarr;<\/span><\/a><\/p>\n","protected":false},"author":7,"featured_media":0,"parent":109,"menu_order":0,"comment_status":"open","ping_status":"open","template":"","meta":{"footnotes":""},"class_list":["post-333","page","type-page","status-publish","hentry"],"_links":{"self":[{"href":"https:\/\/thinking.holistic-net.de\/index.php?rest_route=\/wp\/v2\/pages\/333","targetHints":{"allow":["GET"]}}],"collection":[{"href":"https:\/\/thinking.holistic-net.de\/index.php?rest_route=\/wp\/v2\/pages"}],"about":[{"href":"https:\/\/thinking.holistic-net.de\/index.php?rest_route=\/wp\/v2\/types\/page"}],"author":[{"embeddable":true,"href":"https:\/\/thinking.holistic-net.de\/index.php?rest_route=\/wp\/v2\/users\/7"}],"replies":[{"embeddable":true,"href":"https:\/\/thinking.holistic-net.de\/index.php?rest_route=%2Fwp%2Fv2%2Fcomments&post=333"}],"version-history":[{"count":3,"href":"https:\/\/thinking.holistic-net.de\/index.php?rest_route=\/wp\/v2\/pages\/333\/revisions"}],"predecessor-version":[{"id":755,"href":"https:\/\/thinking.holistic-net.de\/index.php?rest_route=\/wp\/v2\/pages\/333\/revisions\/755"}],"up":[{"embeddable":true,"href":"https:\/\/thinking.holistic-net.de\/index.php?rest_route=\/wp\/v2\/pages\/109"}],"wp:attachment":[{"href":"https:\/\/thinking.holistic-net.de\/index.php?rest_route=%2Fwp%2Fv2%2Fmedia&parent=333"}],"curies":[{"name":"wp","href":"https:\/\/api.w.org\/{rel}","templated":true}]}}