{"id":326,"date":"2013-01-17T17:24:54","date_gmt":"2013-01-17T17:24:54","guid":{"rendered":"http:\/\/wp1117171.wp153.webpack.hosteurope.de\/thinksbtf\/thinking\/?page_id=326"},"modified":"2013-02-26T12:00:47","modified_gmt":"2013-02-26T11:00:47","slug":"die-performance-falle","status":"publish","type":"page","link":"https:\/\/thinking.holistic-net.de\/?page_id=326&lang=de","title":{"rendered":"Die Performance-Falle"},"content":{"rendered":"<p>Alles wird schneller. CPUs, Festplatten, RAM, LANs, WLANs, ICEs und TGVs, Audis und Porsches, Flugzeuge eher nicht, aber Fu\u00dfballspiele, 100m-L\u00e4ufer, Klimawandel, eben alles. Das Leben an sich ist wahnsinnig schnell.<\/p>\n<p>Eines aber trotzt diesem Megatrend: Das Arbeiten mit Software.<\/p>\n<p>Meine Kollegin beendete den Arbeitstag gerade mit lautem Fluchen: \u201eDen halben Tag verbringe ich mit Warten! Warten, warten, warten! \u201e Dabei versucht sie lediglich mit dem Marktf\u00fchrerprodukt der Textverarbeitung in der ultimativen Version 2007 einen Flyer zu entwerfen. Ihr Arbeitsger\u00e4t Lenovo T43 mit 1GByte RAM sollte eigentlich dem technologischen Standard September 2007 entsprechen. \u00c4hnliche Erfahrungen ziehen sich quer durch jede Software-Nutzung.<\/p>\n<p><img loading=\"lazy\" decoding=\"async\" alt=\"6_2007\" src=\"http:\/\/wp1117171.wp112.webpack.hosteurope.de\/thinksbtf\/thinking\/wp-content\/uploads\/2013\/01\/6_2007.jpg\" width=\"572\" height=\"77\" \/><\/p>\n<p>Nat\u00fcrlich sind wir zum Teil selbst schuld, wenn per Autostart ganze Warenlager von Software in den Arbeitsspeicher geschaufelt werden. Skype plus ICQ plus Sametime nach dem Motto, dreifach gen\u00e4ht h\u00e4lt besser. Dazu ein Feed Reader, Google Desktop, der Quickr-Monitor und ein bescheidenes Set von zus\u00e4tzlichen Utilities. Der Viren-W\u00e4chter zieht seine Kreise und Apple erfreut uns in kurzen Abst\u00e4nden mit iTunes-Updates, denen wir kaum widerstehen k\u00f6nnen. Sind ja nur 60MB und was man hat, hat man.<\/p>\n<p>Aber reicht das als Erkl\u00e4rung aus, dass das Arbeiten mit Software an sich immer langsamer wird. Vielleicht werden die Inhalte immer komplexer. Wahnwitzige \u201ecomposite applications\u201c, Java-Anwen\u00addungen, die per Web-Service st\u00e4ndig mit\u00a0 Servern \u00fcber den ganzen Erdball kommunizieren,\u00a0 Excel-Sheets, die vor unbeherrschter Komplexit\u00e4t bersten.<\/p>\n<p>Es bleibt unergr\u00fcndlich, wohin all der Fortschritt in der Hardwareentwicklung, der uns ja mit Fact Sheets in eindrucksvoller Form vorgerechnet wird, wegdiffundiert. Dank an alle Softwarehersteller f\u00fcr diese geheimnisvolle Leistung.<\/p>\n<p>Aber vielleicht habe ich auch den falschen Denkansatz. Versuchen wir es mal so rum: Die Softwareindustrie bringt Ruhe und Gem\u00fctlichkeit in unseren hektischen Berufsalltag. Man muss diese Tatsache nur zu nutzen und zu genie\u00dfen wissen. K\u00e4ffchen holen, Schw\u00e4tzchen mit dem Kollegen, mal kurz zum Supermarkt die Eink\u00e4ufe erledigen, w\u00e4hrend ein Notes-Agent l\u00e4uft. Wetterbeobachtungen, bisschen Surfen, sofern das Task-Management das noch zul\u00e4sst, einfach die Seele etwas baumeln lassen. Ein Telefonat mit den Lieben zu Hause wird auch goutiert, zumindest vom Gatten, der Gattin oder den Kindern. Der Kollege oder die Kollegin im Gro\u00dfraumb\u00fcro m\u00f6gen etwas genervt sein, aber auch nur dann, wenn\u00a0 sie noch nicht dieses Erkennt\u00adnisniveau im Umgang mit Software erlangt haben.<\/p>\n<p>Irgendwann guckt man mal wieder auf den Bildschirm und siehe da, manchmal ist der geliebte Rechner bereit, den n\u00e4chsten Mausklick entgegen zu nehmen.\u00a0 Und wenn er noch nicht so weit ist, dann kann man ja auch mal seinen Schreibtisch aufr\u00e4umen und ein bisschen Altpapier auf den Weg bringen.<\/p>\n<p>Wie sagte ein Kollege k\u00fcrzlich zu mir: \u201eContenance bewahren. Das ist das Geheimnis.\u201c<\/p>\n<p style=\"text-align: right;\"><a href=\"http:\/\/wp1117171.wp112.webpack.hosteurope.de\/thinksbtf\/thinking\/?page_id=329\" rel=\"attachment wp-att-759\"><img loading=\"lazy\" decoding=\"async\" alt=\"Glosse_Pfeil\" src=\"http:\/\/wp1117171.wp112.webpack.hosteurope.de\/thinksbtf\/thinking\/wp-content\/uploads\/2013\/01\/Glosse_Pfeil1.jpg\" width=\"129\" height=\"17\" \/><\/a><\/p>\n","protected":false},"excerpt":{"rendered":"<p>Alles wird schneller. CPUs, Festplatten, RAM, LANs, WLANs, ICEs und TGVs, Audis und Porsches, Flugzeuge eher nicht, aber Fu\u00dfballspiele, 100m-L\u00e4ufer, Klimawandel, eben alles. Das Leben an sich ist wahnsinnig schnell. Eines aber trotzt diesem Megatrend: Das Arbeiten mit Software. Meine &hellip; <a href=\"https:\/\/thinking.holistic-net.de\/?page_id=326&#038;lang=de\">Weiterlesen <span class=\"meta-nav\">&rarr;<\/span><\/a><\/p>\n","protected":false},"author":7,"featured_media":0,"parent":109,"menu_order":0,"comment_status":"open","ping_status":"open","template":"","meta":{"footnotes":""},"class_list":["post-326","page","type-page","status-publish","hentry"],"_links":{"self":[{"href":"https:\/\/thinking.holistic-net.de\/index.php?rest_route=\/wp\/v2\/pages\/326","targetHints":{"allow":["GET"]}}],"collection":[{"href":"https:\/\/thinking.holistic-net.de\/index.php?rest_route=\/wp\/v2\/pages"}],"about":[{"href":"https:\/\/thinking.holistic-net.de\/index.php?rest_route=\/wp\/v2\/types\/page"}],"author":[{"embeddable":true,"href":"https:\/\/thinking.holistic-net.de\/index.php?rest_route=\/wp\/v2\/users\/7"}],"replies":[{"embeddable":true,"href":"https:\/\/thinking.holistic-net.de\/index.php?rest_route=%2Fwp%2Fv2%2Fcomments&post=326"}],"version-history":[{"count":3,"href":"https:\/\/thinking.holistic-net.de\/index.php?rest_route=\/wp\/v2\/pages\/326\/revisions"}],"predecessor-version":[{"id":931,"href":"https:\/\/thinking.holistic-net.de\/index.php?rest_route=\/wp\/v2\/pages\/326\/revisions\/931"}],"up":[{"embeddable":true,"href":"https:\/\/thinking.holistic-net.de\/index.php?rest_route=\/wp\/v2\/pages\/109"}],"wp:attachment":[{"href":"https:\/\/thinking.holistic-net.de\/index.php?rest_route=%2Fwp%2Fv2%2Fmedia&parent=326"}],"curies":[{"name":"wp","href":"https:\/\/api.w.org\/{rel}","templated":true}]}}