{"id":322,"date":"2013-01-17T17:23:59","date_gmt":"2013-01-17T17:23:59","guid":{"rendered":"http:\/\/wp1117171.wp153.webpack.hosteurope.de\/thinksbtf\/thinking\/?page_id=322"},"modified":"2013-02-26T11:56:56","modified_gmt":"2013-02-26T10:56:56","slug":"fur-0-euro-nach-stuttgart-und-beim-taxifahren-gluck-gehabt","status":"publish","type":"page","link":"https:\/\/thinking.holistic-net.de\/?page_id=322&lang=de","title":{"rendered":"F\u00fcr 0 Euro nach Stuttgart und beim Taxifahren Gl\u00fcck gehabt"},"content":{"rendered":"<p>Die Wirtschaft boomt und Steinbr\u00fcck wird von der Masse der Steuer\u00adeinnahmen an die Wand gedr\u00fcckt. Offen bleibt, wie die anstehende Aussch\u00fcttung der \u00dcbersch\u00fcsse an die B\u00fcrger vonstatten geht. Wenn das Geld per Hubschrauber oder Flieger \u00fcber den Wohngebieten abgeworfen wird, dann blicke ich dem Ereignis wegen unseres fast 1000qm gro\u00dfen Gartens ganz hoffungsvoll entgegen. Aber wahrschein\u00adlich ist das \u00f6kologisch nicht korrekt und es wird irgendwie anders ausgesch\u00fcttet. Jedenfalls bin ich von der moralischen Aufgabe, in der Glosse \u00f6konomische Durchhalteparolen zu verbreiten, tempor\u00e4r entbunden.<\/p>\n<p><img loading=\"lazy\" decoding=\"async\" alt=\"4_2007\" src=\"http:\/\/wp1117171.wp112.webpack.hosteurope.de\/thinksbtf\/thinking\/wp-content\/uploads\/2013\/01\/4_2007.jpg\" width=\"572\" height=\"76\" \/><\/p>\n<p>A propos Fliegen: K\u00fcrzlich bin ich f\u00fcr 0\u20ac nach Stuttgart geflogen. Dass es inkl. Kerosinzuschlag, passagierbezogene Versicherungspr\u00e4mie und Flughafenabgabe sowie Flugsicherheitsgeb\u00fchr und als Kr\u00f6nung noch die Kreditkartengeb\u00fchr dann doch 110\u20ac waren, wen interessiert das schon? Hauptsache: 0\u20ac. Warum macht Mehdorn das eigentlich nicht genauso? Alle Fahrkarten f\u00fcr 0\u20ac Komplettpreis und dann geht die Rechnerei los \u2013 Streckenzuschlag, \u00fcberdachtes Fahren, P\u00fcnktlichkeitspauschale (wird im Versp\u00e4tungsfall wieder gegen Bearbeitungsgeb\u00fchr erstattet), Serviceentgelt, Sicherheitszuschlag und und und. Oder f\u00fcr 0 \u20ac Essen gehen. Dann Wurstzuschlag, K\u00e4sezuschlag, K\u00fcchenentgelt, Sitzpauschale, Servicebonus, Heizkosten und Sp\u00fclzulage und schon ist alles geregelt. Toilettengang geht ex-tra.<\/p>\n<p>Auch wir bieten unsere Dienstleistung f\u00fcr 0\u20ac an. Aber glauben Sie mir bitte, mit Technologiepauschale, Verpflegungsentgelt, dem gelegentlichen Ich-wei\u00df-was-was du-nicht-wei\u00dft-Aufschlag oder der Ich-hab-Ressourcen-und-du-hast-deine-weg-rationalisiert-Pauschale landen wir bei handels\u00fcblichen Tagess\u00e4tzen.<\/p>\n<p>Gl\u00fccklich \u2013 wegen der 0\u20ac &#8211; am Stuttgarter Flughafen angekommen wurde ich mit der Bev\u00f6lkerungs\u00adgruppe konfrontiert, die alles wei\u00df, den letzten H\u00fctern von Gerechtigkeit in diesem Lande, den Besch\u00fctzern von Witwen und Waisen, kurz: den Taxifahrern. Auf die Angabe meines Fahrzieles M\u00f6hringen erfolgte nochmal ein kurzer Stopp und die Frage: \u201eDaimlerChrysler-Mitarbeiter oder Externer? Bei 7,50\u20ac und Kreditkarte k\u00f6nn ma gleich hierbleibe. Da gehn se lieber zu Fu\u00df.\u201c Erst nach eidesstattlicher Erkl\u00e4rung, dass ich kein Mitarbeiter der Deutschland AG bin, wird die Fahrt fortgesetzt. Auf der kurzen Fahrt erl\u00e4utert mir der Taxifahrer dann, dass Schrempp sie durch die Einrichtung eines zentralen Fahrdienstes ab M\u00f6hringen um einen Gro\u00dfteil ihrer Einnahmen gebracht hat. Da wird man schon mal etwas grantig.<\/p>\n<p>Dass Taxifahrer bundesweit das Ohr am Mund des Volkes haben, erfahre ich ein paar Tage sp\u00e4ter in Berlin. Die Fahrt vom gigantischen Hauptbahnhof zu Schering beginnt mit der Frage: \u201eSie kommen aus Leverkusen?\u201c Welche Konsequenzen ein \u201eJa\u201c gehabt h\u00e4tte, wei\u00df ich nicht, aber der Ton wurde freundlicher als ich auch hier die eidesstattliche Erkl\u00e4rung ablegte aus Hannover zu kommen. Er erw\u00e4hnte beil\u00e4ufig, dass er ungern Leute aus Leverkusen fahre. Berliner m\u00fcssen zusammenhalten.<\/p>\n<p>Zum Abschluss noch ein kleines Erlebnis aus der Rubrik \u201eWunder der Technik\u201c. Das Einchecken bei TuiFly in Stuttgart kann man elektronisch vorbereiten. Man erh\u00e4lt dann einen DIN A4 Zettel statt einer Bordkarte. Das Einchecken selbst stellt sich dann wie folgt dar: Anstatt die Bordkarte durch das Leseger\u00e4t zu schleusen, muss die Dame vom Abfertigungspersonal mit jedem dieser DIN A4 Zettel zu ihrem 5 Meter entfernten Desk laufen. Dort muss sie auf einer Liste eine Nummer suchen, diese abhaken und anschlie\u00dfend in den Computer eintippen. Tolle Wurst \u2013 hoch lebe der technologische Fortschritt. Da wegen der 0\u20ac nat\u00fcrlich jeder Handgriff bei TuiFly extra kostet, blickte ich auch sehr skeptisch beim Aussteigen in Hannover in den bereitgehaltenen Korb mit kleinen Schokot\u00e4felchen. Bevor die n\u00e4chsten 3,75\u20ac f\u00e4llig waren, ging ich lieber an den Leckereien vorbei und verkniff mir den Handgriff ins K\u00f6rbchen.<\/p>\n<p style=\"text-align: right;\"><a href=\"http:\/\/wp1117171.wp112.webpack.hosteurope.de\/thinksbtf\/thinking\/?page_id=324\" rel=\"attachment wp-att-759\"><img loading=\"lazy\" decoding=\"async\" alt=\"Glosse_Pfeil\" src=\"http:\/\/wp1117171.wp112.webpack.hosteurope.de\/thinksbtf\/thinking\/wp-content\/uploads\/2013\/01\/Glosse_Pfeil1.jpg\" width=\"129\" height=\"17\" \/><\/a><\/p>\n","protected":false},"excerpt":{"rendered":"<p>Die Wirtschaft boomt und Steinbr\u00fcck wird von der Masse der Steuer\u00adeinnahmen an die Wand gedr\u00fcckt. Offen bleibt, wie die anstehende Aussch\u00fcttung der \u00dcbersch\u00fcsse an die B\u00fcrger vonstatten geht. Wenn das Geld per Hubschrauber oder Flieger \u00fcber den Wohngebieten abgeworfen wird, &hellip; <a href=\"https:\/\/thinking.holistic-net.de\/?page_id=322&#038;lang=de\">Weiterlesen <span class=\"meta-nav\">&rarr;<\/span><\/a><\/p>\n","protected":false},"author":7,"featured_media":0,"parent":109,"menu_order":0,"comment_status":"open","ping_status":"open","template":"","meta":{"footnotes":""},"class_list":["post-322","page","type-page","status-publish","hentry"],"_links":{"self":[{"href":"https:\/\/thinking.holistic-net.de\/index.php?rest_route=\/wp\/v2\/pages\/322","targetHints":{"allow":["GET"]}}],"collection":[{"href":"https:\/\/thinking.holistic-net.de\/index.php?rest_route=\/wp\/v2\/pages"}],"about":[{"href":"https:\/\/thinking.holistic-net.de\/index.php?rest_route=\/wp\/v2\/types\/page"}],"author":[{"embeddable":true,"href":"https:\/\/thinking.holistic-net.de\/index.php?rest_route=\/wp\/v2\/users\/7"}],"replies":[{"embeddable":true,"href":"https:\/\/thinking.holistic-net.de\/index.php?rest_route=%2Fwp%2Fv2%2Fcomments&post=322"}],"version-history":[{"count":3,"href":"https:\/\/thinking.holistic-net.de\/index.php?rest_route=\/wp\/v2\/pages\/322\/revisions"}],"predecessor-version":[{"id":925,"href":"https:\/\/thinking.holistic-net.de\/index.php?rest_route=\/wp\/v2\/pages\/322\/revisions\/925"}],"up":[{"embeddable":true,"href":"https:\/\/thinking.holistic-net.de\/index.php?rest_route=\/wp\/v2\/pages\/109"}],"wp:attachment":[{"href":"https:\/\/thinking.holistic-net.de\/index.php?rest_route=%2Fwp%2Fv2%2Fmedia&parent=322"}],"curies":[{"name":"wp","href":"https:\/\/api.w.org\/{rel}","templated":true}]}}