{"id":312,"date":"2013-01-17T17:20:57","date_gmt":"2013-01-17T17:20:57","guid":{"rendered":"http:\/\/wp1117171.wp153.webpack.hosteurope.de\/thinksbtf\/thinking\/?page_id=312"},"modified":"2013-02-26T11:49:40","modified_gmt":"2013-02-26T10:49:40","slug":"die-glaskugel","status":"publish","type":"page","link":"https:\/\/thinking.holistic-net.de\/?page_id=312&lang=de","title":{"rendered":"Die Glaskugel"},"content":{"rendered":"<p>Der verehrte Chefredakteur des vorliegenden Magazins versucht mir jeweils mit der Auf\u00adfor\u00adde\u00adr\u00adung zum Verfassen der n\u00e4chsten Glosse einen thematischen Hinweis mit auf den Weg zu geben. Diesmal lautete er: \u201eGucken Sie doch mal in die Glaskugel, was 2007 so kommen wird!\u201c. Nun fallen bei mir Glaskugeln, zumindest als Quelle gesicherter Aussagen \u00fcber die Zukunft, in die Kategorie Reiki, Bachbl\u00fcten und Esoterik. Aber \u00e4hnlich wie die Auguren der Consulting-Unternehmen, muss auch ich mich nicht f\u00fcr meine Prognosen rechtfertigen. Apropos Auguren: Laut Wikipedia r\u00f6mische Beamte, die die Meinung der G\u00f6tter zu bestimmten Vorhaben zu ergr\u00fcnden versuchten. Anfangs gab es in Rom 3 Auguren, sp\u00e4ter 9, dann 15 usw. Ich denke die Anzahl der Auguren hat sich seitdem mindestens linear erh\u00f6ht.<\/p>\n<p><img loading=\"lazy\" decoding=\"async\" alt=\"1_2007\" src=\"http:\/\/wp1117171.wp112.webpack.hosteurope.de\/thinksbtf\/thinking\/wp-content\/uploads\/2013\/01\/1_2007.jpg\" width=\"572\" height=\"76\" \/><\/p>\n<p>Was glaube ich also in der Glaskugel zu sehen? Zwei Dinge, die unser IT-Leben in Wallung bringen sollen, ganz sicher: Microsoft Windows Vista und Notes 8. In der Reihenfolge soll keine Wertung liegen. In Sachen Hardware Requirements werden beide Komponenten vermutlich \u00fcberaus einig an einem Strang ziehen. Ich sehe im betrieblichen wie im privaten IT-Umfeld einen h\u00e4sslichen Hardware-Darwinismus. Wer zu alt und zu schwach ist, darf nicht mitspielen. Microsoft bereitet die hechelnde Community mit Testprogrammen auf die neuen Anforderungen vor, IBM wird das \u00fcblicherweise als Erfahrungskomponente in Migrations\u00adprojekten anbieten. Aber wer 4D und 5D gucken oder auf modernste Software-Architektur umstellen will, und dabei rasend schnell bleiben will, der muss eben investieren. Meckern will ich \u00fcber diese Mechanismen des Technologiemarktes, bei denen jede Steigerung der Hardwareperformance umgehend durch ein Update des Betriebssystems oder der Anwendungssoftware platt gemacht wird, nicht wirklich. Schlie\u00dflich lebt unsere Branche davon, es dann doch wieder \u201e\u00e4hnlich performant wie vor dem Update\u201c hinzubekommen. Ich beobachte allerdings, dass die Transparenz von Hard- und Softwarekomponenten eher abnimmt. Ersetzt wird sie durch tonnenweises Installieren von Treibern und Diensten gepaart mit vollautomatischen Updates, sobald nur der Hauch eines Internetzuganges \u00fcber ein WLAN erschn\u00fcffelt werden kann. Der Versuch, dem Benutzer zu erl\u00e4utern, was seine Maschine so alles heimlich tut, wurde weitestgehend eingestellt.<\/p>\n<p>Was bietet die Glaskugel sonst noch: Vielleicht kommt Hartz V anstatt Hartz IV, weil die zugeh\u00f6rige Software ohnehin nie richtig funktioniert hat, vielleicht \u00fcbernehmen auch die Krankenkassen die Auszahlung des Restlohnes aller Arbeitnehmer, weil das die Lohnbuchhaltung aller Betriebe ersetzt. Auch das zieht IT-Investitionen nach sich. Herr Kleinfeld wird uns erl\u00e4utern, wie das mit globalen Auftr\u00e4gen und schwarzen Kassen funktioniert. L\u00e4sst sich das mit Excel abbilden? Schwarze Zahlen auf schwarzen Grund.<\/p>\n<p>Aus dem Supportbereich ist mir auch nach diesem Jahreswechsel das Ph\u00e4nomen des kollektiven \u201ememory flush\u201c wieder zu Ohren gekommen. Ich vermute es hat mehr mit Glasflaschen als mit Glaskugeln bzw. mit dem befreienden sich \u00fcber die Feiertage fallen lassen zu tun. Viele Menschen unterziehen ihr Ged\u00e4chtnis f\u00fcr Passworte \u00fcber Weihnachten und Neujahr einem gr\u00fcndlichen Cleanup. In erstaunlich hoher Zahl k\u00f6nnen sie sich nicht mehr an Passworte erinnern und machen sich dann im Neuen Jahr z\u00e4hne\u00adknirschend auf den Canossa-Gang durch die Help Desks und Call Center. Wohl dem, der unter der Schreibtischunterlage den ber\u00fchmten Merkzettel mit PIN-Codes und Passw\u00f6rtern f\u00fcr alle Lebensfragen akribisch gepflegt hat.<\/p>\n<p>Ansonsten sehe ich sch\u00f6ne gro\u00dfe Projekte auf uns zukommen. Es muss allerorten konsolidiert, virtualisiert, migriert, fusioniert oder einfach nur upgedatet werden. Auch hier ein Dank an Hard- und Softwarehersteller sowie an die gro\u00dfen Business-Strategen. Was w\u00e4ren wir ohne eure weisen Entscheidungen, die Unternehmenslandschaften immer wieder umzukrempeln. Wir werden euch auf diesem Weg mit aller Kraft und Kompetenz begleiten.<\/p>\n<p style=\"text-align: right;\"><a href=\"http:\/\/wp1117171.wp112.webpack.hosteurope.de\/thinksbtf\/thinking\/?page_id=314\" rel=\"attachment wp-att-759\"><img loading=\"lazy\" decoding=\"async\" alt=\"Glosse_Pfeil\" src=\"http:\/\/wp1117171.wp112.webpack.hosteurope.de\/thinksbtf\/thinking\/wp-content\/uploads\/2013\/01\/Glosse_Pfeil1.jpg\" width=\"129\" height=\"17\" \/><\/a><\/p>\n","protected":false},"excerpt":{"rendered":"<p>Der verehrte Chefredakteur des vorliegenden Magazins versucht mir jeweils mit der Auf\u00adfor\u00adde\u00adr\u00adung zum Verfassen der n\u00e4chsten Glosse einen thematischen Hinweis mit auf den Weg zu geben. Diesmal lautete er: \u201eGucken Sie doch mal in die Glaskugel, was 2007 so kommen &hellip; <a href=\"https:\/\/thinking.holistic-net.de\/?page_id=312&#038;lang=de\">Weiterlesen <span class=\"meta-nav\">&rarr;<\/span><\/a><\/p>\n","protected":false},"author":7,"featured_media":0,"parent":109,"menu_order":0,"comment_status":"open","ping_status":"open","template":"","meta":{"footnotes":""},"class_list":["post-312","page","type-page","status-publish","hentry"],"_links":{"self":[{"href":"https:\/\/thinking.holistic-net.de\/index.php?rest_route=\/wp\/v2\/pages\/312","targetHints":{"allow":["GET"]}}],"collection":[{"href":"https:\/\/thinking.holistic-net.de\/index.php?rest_route=\/wp\/v2\/pages"}],"about":[{"href":"https:\/\/thinking.holistic-net.de\/index.php?rest_route=\/wp\/v2\/types\/page"}],"author":[{"embeddable":true,"href":"https:\/\/thinking.holistic-net.de\/index.php?rest_route=\/wp\/v2\/users\/7"}],"replies":[{"embeddable":true,"href":"https:\/\/thinking.holistic-net.de\/index.php?rest_route=%2Fwp%2Fv2%2Fcomments&post=312"}],"version-history":[{"count":3,"href":"https:\/\/thinking.holistic-net.de\/index.php?rest_route=\/wp\/v2\/pages\/312\/revisions"}],"predecessor-version":[{"id":913,"href":"https:\/\/thinking.holistic-net.de\/index.php?rest_route=\/wp\/v2\/pages\/312\/revisions\/913"}],"up":[{"embeddable":true,"href":"https:\/\/thinking.holistic-net.de\/index.php?rest_route=\/wp\/v2\/pages\/109"}],"wp:attachment":[{"href":"https:\/\/thinking.holistic-net.de\/index.php?rest_route=%2Fwp%2Fv2%2Fmedia&parent=312"}],"curies":[{"name":"wp","href":"https:\/\/api.w.org\/{rel}","templated":true}]}}