{"id":304,"date":"2013-01-17T17:19:27","date_gmt":"2013-01-17T17:19:27","guid":{"rendered":"http:\/\/wp1117171.wp153.webpack.hosteurope.de\/thinksbtf\/thinking\/?page_id=304"},"modified":"2013-02-26T11:43:25","modified_gmt":"2013-02-26T10:43:25","slug":"moderne-kommunikation","status":"publish","type":"page","link":"https:\/\/thinking.holistic-net.de\/?page_id=304&lang=de","title":{"rendered":"Moderne Kommunikation"},"content":{"rendered":"<div>\n<p>K\u00fcrzlich hatte ich die Gelegenheit nochmals alle Glossen, die ich seit 1994 f\u00fcr das Notes Magazin und sp\u00e4ter f\u00fcr das Digital Business Magazin verfassen durfte, zu lesen. Fazit: Im Groben kann ich zu dem Gesagten stehen, manches w\u00fcrde man nat\u00fcrlich heutzutage nicht mehr so \u201enaiv\u201c beschreiben. Fundamentalen Fehleinsch\u00e4tzungen war ich eigentlich selten unterlegen. Es gibt lediglich \u201etechnische\u201c Entwicklungen, die heute zum Alltag geworden sind, auch wenn sie vor Jahren noch Stirnrunzeln verursachten.<\/p>\n<p><img loading=\"lazy\" decoding=\"async\" alt=\"6_2006\" src=\"http:\/\/wp1117171.wp112.webpack.hosteurope.de\/thinksbtf\/thinking\/wp-content\/uploads\/2013\/01\/6_2006.jpg\" width=\"571\" height=\"76\" \/><\/p>\n<p>Telefonkonferenzen oder Telcos, wie der Insider sagt, sollten allerdings in der Form, wie ich sie in den letzten Wochen erlebt habe, nicht zum Alltag werden. Wenn dem so w\u00e4re, dann haben wir etwas falsch gemacht und manche Kollegen werden weiterhin unter den Tisch springen, wenn das Stichwort \u201eTelco\u201c f\u00e4llt.<\/p>\n<p>Diese oft multilateralen Veranstaltungen beginnen mit dem Versuch des puren technischen Zusammenkommens. Wenn der Chairman mit der eigenen Telefonanlage umgehen kann und jeder Teilnehmer die K\u00fcrzel GMT, CET, EST, AST in seiner Einladung richtig interpretiert, gelingt das. Als technologische H\u00f6chstleistung erlebte ich eine Telco, bei der ein Teilnehmer, unterwegs auf der Autobahn durch Belgien, per Handy zugeschaltet war. Da er alle paar Kilometer den Provider wechselte, musste er immer wieder \u201ereingeholt\u201c werden.<\/p>\n<p>Telco-Darwinismus Stufe 1: Zeit nicht richtig interpretiert, nicht erreichbar. AUSGESCHIEDEN.<\/p>\n<p>Dem gro\u00dfen globalen \u201eHallo\u201c folgt gelegentlich der Versuch eine begleitende Sametime Conference oder ein NetMeeting aufzubauen. Freudige bis verzweifelte Rufe wie: \u201eDo you see me?\u201c, \u201eDo you see my presentation?\u201d enden gelegentlich in der frustrierten Mitteilung: \u201cI send the presentation via email\u201d. Nach knapp 15 Minuten wendet man sich wieder dem Konferenzthema zu.<\/p>\n<p>Telco-Darwinismus Stufe 2: Kein Sametime- oder NetMeeting-Zugang. Partiell AUSGESCHIEDEN.<\/p>\n<p>Nun sind die Ohren gefordert. Szenario: 5 Leute in den USA, 3 Leute in Frankreich, 3 in Deutschland. Die jeweiligen Zuh\u00f6rer lauschen angestrengt dem oft chaotischen Gebrabbel der fernen Kollegen, bem\u00fcht zu identifizieren, wer da gerade welche Weisheit von sich gibt und immer auf der Hut, ob sie direkt angesprochen werden.<\/p>\n<p>W2,Telco-Darwinismus Stufe 3: Mangelnde Sprachkenntnisse mancher Redner und Zuh\u00f6rer, Redner ignorieren das Faktum in einer Telefonkonferenz zu sein, palavern die Flipchart an oder nuscheln Geb\u00e4ck kauend Mysteri\u00f6ses. Man versteht einfach nichts. AUSGESCHIEDEN.<\/p>\n<p>Nun kommt, nach sagen wir 75 Minuten angestrengten Zuh\u00f6rens, der \u201eworst case\u201c. Aus dem fernen Amerika ruft jemand: \u201eMr. Allmann, what do you think about this suggestion?\u201d Die Hirnanhangdr\u00fcse wirft literweise Adrenalin in die Blutbahn. Schnell r\u00e4uspern, ein paar Stoibersche \u201e\u00e4h\u201c, \u201eah\u201c, \u201eoh\u201c, und dann qualifiziert antworten.<\/p>\n<p>Telco-Darwinismus Stufe 4: Nicht aufgepasst. Wom\u00f6glich sogar ein B\u00fcro-Sekundenschlaf. AUSGESCHIEDEN. Gratis gibt\u00b4s dann noch bl\u00f6de Kommentare von den anderen: \u201eWe lost him!\u201c oder ein trockenes \u201eGevallen in slaap\u201c aus Amsterdam.<\/p>\n<p>Es gibt wie im richtigen Leben noch das Problem, dass man manchmal einfach nicht zu Wort kommt, oder die eigene Meinung nicht interessiert. Aber das ist nicht Telco-spezifisch.<\/p>\n<p>Der Gipfel w\u00e4re vielleicht eine Telco \u00fcber die \u201eCorporate SOA Strategy\u201c unter Einbeziehung der Kollegen aus Japan und China. Da passt dann auch das Thema zum Ablauf.<\/p>\n<p style=\"text-align: right;\"><a href=\"http:\/\/wp1117171.wp112.webpack.hosteurope.de\/thinksbtf\/thinking\/?page_id=308\" rel=\"attachment wp-att-759\"><img loading=\"lazy\" decoding=\"async\" alt=\"Glosse_Pfeil\" src=\"http:\/\/wp1117171.wp112.webpack.hosteurope.de\/thinksbtf\/thinking\/wp-content\/uploads\/2013\/01\/Glosse_Pfeil1.jpg\" width=\"129\" height=\"17\" \/><\/a><\/p>\n<\/div>\n","protected":false},"excerpt":{"rendered":"<p>K\u00fcrzlich hatte ich die Gelegenheit nochmals alle Glossen, die ich seit 1994 f\u00fcr das Notes Magazin und sp\u00e4ter f\u00fcr das Digital Business Magazin verfassen durfte, zu lesen. Fazit: Im Groben kann ich zu dem Gesagten stehen, manches w\u00fcrde man nat\u00fcrlich &hellip; <a href=\"https:\/\/thinking.holistic-net.de\/?page_id=304&#038;lang=de\">Weiterlesen <span class=\"meta-nav\">&rarr;<\/span><\/a><\/p>\n","protected":false},"author":7,"featured_media":0,"parent":111,"menu_order":0,"comment_status":"open","ping_status":"open","template":"","meta":{"footnotes":""},"class_list":["post-304","page","type-page","status-publish","hentry"],"_links":{"self":[{"href":"https:\/\/thinking.holistic-net.de\/index.php?rest_route=\/wp\/v2\/pages\/304","targetHints":{"allow":["GET"]}}],"collection":[{"href":"https:\/\/thinking.holistic-net.de\/index.php?rest_route=\/wp\/v2\/pages"}],"about":[{"href":"https:\/\/thinking.holistic-net.de\/index.php?rest_route=\/wp\/v2\/types\/page"}],"author":[{"embeddable":true,"href":"https:\/\/thinking.holistic-net.de\/index.php?rest_route=\/wp\/v2\/users\/7"}],"replies":[{"embeddable":true,"href":"https:\/\/thinking.holistic-net.de\/index.php?rest_route=%2Fwp%2Fv2%2Fcomments&post=304"}],"version-history":[{"count":3,"href":"https:\/\/thinking.holistic-net.de\/index.php?rest_route=\/wp\/v2\/pages\/304\/revisions"}],"predecessor-version":[{"id":904,"href":"https:\/\/thinking.holistic-net.de\/index.php?rest_route=\/wp\/v2\/pages\/304\/revisions\/904"}],"up":[{"embeddable":true,"href":"https:\/\/thinking.holistic-net.de\/index.php?rest_route=\/wp\/v2\/pages\/111"}],"wp:attachment":[{"href":"https:\/\/thinking.holistic-net.de\/index.php?rest_route=%2Fwp%2Fv2%2Fmedia&parent=304"}],"curies":[{"name":"wp","href":"https:\/\/api.w.org\/{rel}","templated":true}]}}