{"id":302,"date":"2013-01-17T17:18:58","date_gmt":"2013-01-17T17:18:58","guid":{"rendered":"http:\/\/wp1117171.wp153.webpack.hosteurope.de\/thinksbtf\/thinking\/?page_id=302"},"modified":"2013-02-26T11:41:32","modified_gmt":"2013-02-26T10:41:32","slug":"naturliche-auslese-durch-lenovo","status":"publish","type":"page","link":"https:\/\/thinking.holistic-net.de\/?page_id=302&lang=de","title":{"rendered":"Nat\u00fcrliche Auslese durch Lenovo"},"content":{"rendered":"<p>In den letzten Wochen habe ich mich fast ausschlie\u00dflich mit Fu\u00dfball befasst. IT-Themen spielten nur ganz am Rande eine Rolle. Ich war sozusagen mental in Urlaub. Trotzdem gab es mitten in der WM-Zeit ein technologisches Highlight f\u00fcr mich. Mein IBM ThinkPad T30 verabschiedete sich schrittweise aus dieser Welt, was als solches kein Highlight darstellt. Zuerst half noch der Schlag auf den Hinterkopf sprich LCD-Screen, der ja angeblich das Denkverm\u00f6gen erh\u00f6ht, dann half auch dies nichts mehr.<\/p>\n<p><img loading=\"lazy\" decoding=\"async\" alt=\"5_2006\" src=\"http:\/\/wp1117171.wp112.webpack.hosteurope.de\/thinksbtf\/thinking\/wp-content\/uploads\/2013\/01\/5_2006.jpg\" width=\"572\" height=\"76\" \/><\/p>\n<p>Aber man ist ja nicht ganz ungl\u00fccklich, wenn einem sozusagen ein technisches Update zwangsweise verordnet wird. Also verdoppelte ich den Einsatz\u00a0 von T30 auf T60. Mir ist zwar bewusst, dass ich damit nur vermeintlich der IBM Hardware treu bleibe, sondern nun auch offiziell ein chinesisches Produkt nutze, aber die Hoffnung auf eine gewisse Bauteil\u00adkompatibilit\u00e4t bewegte mich zu dieser \u00f6konomisch schwer argumentierbaren Entscheidung. Dass der Name Lenovo mehr nach Waschmittel klingt als nach Computer-Technologie ist vermutlich ein tempor\u00e4res Problem.<\/p>\n<p>Auf ein Detail am neuen Ger\u00e4t war ich besonders gespannt: Die ThinkVantage Fingerprint Technologie. Nachdem das ThinkPad grunds\u00e4tzlich eingerichtet war, versuchte ich zu kl\u00e4ren, ob nach Addition des Fingerprint Features das Ger\u00e4t noch ohne biometrische Identifizierung zug\u00e4nglich sei. Es klang so, als ob das gesichert sei. Ansonsten w\u00e4re ich die Sache vorsichtiger angegangen. Somit wagte ich den Einstieg. Erst ein Lernprogramm, dann die echte Registrierung. Letztere sucht man allerdings auf der 34. Menu-Ebene unter Zubeh\u00f6r.<\/p>\n<p>Man kann \u00fcber 20 Finger registrieren lassen. Mancher registriert wohl auch die Zehen oder andere K\u00f6rperteile, wenn er nach zehn Fingern am Ende des pers\u00f6nlichen Sets angelangt ist. Der Experimentierfreude ist da Tor und T\u00fcr ge\u00f6ffnet.<\/p>\n<p>Nun kommt der Echtfall: Rechner anschalten, auf den Anmeldedialog warten, Finger \u00fcber den Leser ziehen. Dann ein Schreck. Die Meldung lautet: \u201eZu kurz!\u201c. Ein Blick auf den Finger. Was kann ich tun? Ist das die nat\u00fcrliche Auslese durch Lenovo? Zugegebenerma\u00dfen verf\u00fcge ich nicht \u00fcber Pianistenfinger. Aber ist mein Zeigefinger wirklich zu kurz? Vielleicht h\u00e4tte ich den Mittelfinger nehmen m\u00fcssen. Ein n\u00e4chster Versuch, die Meldung: \u201eZu schnell!\u201c. Ich bin nun auf alles gefasst: \u201eZu schmutzig, verknorpelt, stinkt, verschwitzt, fettig!\u201c Doch beim 5. Versuch habe ich es geschafft. Der gr\u00fcne OK-Haken erscheint. Ich bin drin.<\/p>\n<p>Inzwischen bin ich halbwegs routiniert und im Schnitt klappt es beim zweiten Versuch. Weitere diskriminierende Meldungen sind mir erspart geblieben. Er ist wohl nur etwas zu kurz. Vorsichtshalber wasche ich aber die Finger vor der Notebook-Benutzung und esse nicht beim Arbeiten. Ich finde es ohnehin unappetitlich, wenn man aus den Inhalten einer Tastatur fast eine Suppe kochen kann. Manchmal klappt es partout nicht mit dem rechten Zeigefinger. Dann muss ich den Linken nehmen, was etwas behindert anmutet, weil ich quer \u00fcber die Tastatur greifen muss. Aber man sollte nicht ausschlie\u00dflich zwei Finger einer Hand registrieren, denn wenn die Hand in Gips liegt, hat schon wieder die nat\u00fcrliche Auslese stattgefunden.<\/p>\n<p>\u00dcbrigens h\u00f6rt die erhoffte Zubeh\u00f6rkompatibilit\u00e4t schon beim Netzteil auf. Ohne Sinn und Verstand haben die Chinesen erst mal Form und Durchmesser des Pin\u00f6kels ge\u00e4ndert, der zur Stromversorgung in das Notebook gesteckt wird. Alte Netzteile passen nicht. Meinen spontanen Unmut wollte ich unter www.lenovo.de loswerden. Dort steht aber nur ein Baustellenschild, als ob Lenovo ein Getr\u00e4nkehandel an der Ecke w\u00e4re, der die Website noch nicht auf die Reihe gebracht hat. www.lenovo.com f\u00fchrt dann zu den bew\u00e4hrten IBM-Pages auf denen eine Beschwerde ohnehin nicht vorgesehen ist.<\/p>\n<p>Somit freue ich mich weiter \u00fcber meinem T60, der etwas langsamer als mein alter T30 ist und mir den R\u00fcckschritt auf 1024&#215;768 beschert hat. Aber vielleicht sind T30 auch f\u00fcr 30-J\u00e4hrige und T60 f\u00fcr 60-J\u00e4hrige. Langsamer, mit gr\u00f6\u00dferen Buchstaben ist in meinem Alter schon hilfreich.<\/p>\n<p style=\"text-align: right;\"><a href=\"http:\/\/wp1117171.wp112.webpack.hosteurope.de\/thinksbtf\/thinking\/?page_id=304\" rel=\"attachment wp-att-759\"><img loading=\"lazy\" decoding=\"async\" alt=\"Glosse_Pfeil\" src=\"http:\/\/wp1117171.wp112.webpack.hosteurope.de\/thinksbtf\/thinking\/wp-content\/uploads\/2013\/01\/Glosse_Pfeil1.jpg\" width=\"129\" height=\"17\" \/><\/a><\/p>\n","protected":false},"excerpt":{"rendered":"<p>In den letzten Wochen habe ich mich fast ausschlie\u00dflich mit Fu\u00dfball befasst. IT-Themen spielten nur ganz am Rande eine Rolle. Ich war sozusagen mental in Urlaub. Trotzdem gab es mitten in der WM-Zeit ein technologisches Highlight f\u00fcr mich. Mein IBM &hellip; <a href=\"https:\/\/thinking.holistic-net.de\/?page_id=302&#038;lang=de\">Weiterlesen <span class=\"meta-nav\">&rarr;<\/span><\/a><\/p>\n","protected":false},"author":7,"featured_media":0,"parent":111,"menu_order":0,"comment_status":"open","ping_status":"open","template":"","meta":{"footnotes":""},"class_list":["post-302","page","type-page","status-publish","hentry"],"_links":{"self":[{"href":"https:\/\/thinking.holistic-net.de\/index.php?rest_route=\/wp\/v2\/pages\/302","targetHints":{"allow":["GET"]}}],"collection":[{"href":"https:\/\/thinking.holistic-net.de\/index.php?rest_route=\/wp\/v2\/pages"}],"about":[{"href":"https:\/\/thinking.holistic-net.de\/index.php?rest_route=\/wp\/v2\/types\/page"}],"author":[{"embeddable":true,"href":"https:\/\/thinking.holistic-net.de\/index.php?rest_route=\/wp\/v2\/users\/7"}],"replies":[{"embeddable":true,"href":"https:\/\/thinking.holistic-net.de\/index.php?rest_route=%2Fwp%2Fv2%2Fcomments&post=302"}],"version-history":[{"count":3,"href":"https:\/\/thinking.holistic-net.de\/index.php?rest_route=\/wp\/v2\/pages\/302\/revisions"}],"predecessor-version":[{"id":901,"href":"https:\/\/thinking.holistic-net.de\/index.php?rest_route=\/wp\/v2\/pages\/302\/revisions\/901"}],"up":[{"embeddable":true,"href":"https:\/\/thinking.holistic-net.de\/index.php?rest_route=\/wp\/v2\/pages\/111"}],"wp:attachment":[{"href":"https:\/\/thinking.holistic-net.de\/index.php?rest_route=%2Fwp%2Fv2%2Fmedia&parent=302"}],"curies":[{"name":"wp","href":"https:\/\/api.w.org\/{rel}","templated":true}]}}