{"id":296,"date":"2013-01-17T17:17:34","date_gmt":"2013-01-17T17:17:34","guid":{"rendered":"http:\/\/wp1117171.wp153.webpack.hosteurope.de\/thinksbtf\/thinking\/?page_id=296"},"modified":"2013-02-26T11:35:51","modified_gmt":"2013-02-26T10:35:51","slug":"fruhjahrliche-motivationsschube","status":"publish","type":"page","link":"https:\/\/thinking.holistic-net.de\/?page_id=296&lang=de","title":{"rendered":"Fr\u00fchj\u00e4hrliche Motivationssch\u00fcbe"},"content":{"rendered":"<p>Nach dem langen, harten Winter brauchen wir Motivationssch\u00fcbe. Nur in guter Stimmung entfalten wir unsere volle Leistungsf\u00e4higkeit. Es ist etwas beunruhigend, wenn man sich selbst bei dieser Launen\u00adabh\u00e4ngigkeit erwischt, aber man kann ja an der Verbesserung arbeiten, zum Beispiel durch Gesch\u00e4ftsreisen in die Sonne.<\/p>\n<p><img loading=\"lazy\" decoding=\"async\" alt=\"2_2006\" src=\"http:\/\/wp1117171.wp112.webpack.hosteurope.de\/thinksbtf\/thinking\/wp-content\/uploads\/2013\/01\/2_2006.jpg\" width=\"572\" height=\"76\" \/><\/p>\n<p>Die rituelle Reise zur Lotusphere in Orlando hat unter anderem den Zweck, Fr\u00fchjahrssonne und Motivation zu tanken. Nachdem mir eine mexikanische Gang mit ihrem Pickup gleich nach der Ankunft meinen Mietwagen Marke Pontiac Grand Prix justiert hat, war mein Launebarometer zwar leicht nach unten gerutscht, aber die Sonne Floridas richtete es wieder. Zum Erhalt der eigenen Unversehrtheit habe ich auf eine Verfolgung der Unfallfl\u00fcchtigen verzichtet.<\/p>\n<p>Viel Hoffnung auf Motivationssch\u00fcbe wird ja immer in die Opening General Session der Lotusphere gesetzt. 6.000 Leute lauschten Mike Rhodins Bericht zur Lage der Nation: \u201eFuture in sight\u201c. Er musste zu Beginn seines Auftritts das winterschl\u00e4frige Publikum mit Nachdruck zu Applaus auffordern. Rhodin fehlt aber auch das ekstatische Moment eines Steve Ballmer, der gern mal den durchgeknallten Affen auf der B\u00fchne macht. Die Kommentare nach der Veranstaltung waren je nach Laune der Kommentatoren unterschiedlich: Der eine hat den Aufbruch von IBM in ein neues Collaboration-Zeitalter erkannt, der andere das verzweifelte Sortieren von Software-Komponenten unter Einsatz von Nebelkerzen. Der Dritte war allein dar\u00fcber gl\u00fccklich, dass er die Bardame aus dem letzten Jahr an der Hotelbar wiedergetroffen hat. So unterschiedlich l\u00e4uft die Motivationssteuerung.<\/p>\n<p>Ich selbst finde es nach wie vor etwas anstrengend, dass IBM die Lotusphere-Teilnehmer auf eine Schnitzeljagd in die Labs schickt, anstatt gleich in der General Session zu sagen, was echte Ware und was Potemkinsche D\u00f6rfer sind. Ein Kollege wies mich aber darauf hin, dass dies die Existenzberechtigung der Business Partner und Consultants sichert. Motivation durch Wissensvorsprung.<\/p>\n<p>Demotivierend ist es, wenn einem vom Flughafenpersonal beim R\u00fcckflug die Lotusphere-Shirts aus dem Rucksack gestohlen werden, so einem Kollegen widerfahren. Geh\u00f6ren Sie doch \u00e4hnlich wie Badges zur pers\u00f6nlichen Troph\u00e4ensammlung. Die Dose Amstel Light, die mir aus dem Rucksack entfernt wurde, ist schon eher verzichtbar.<\/p>\n<p>Den n\u00e4chsten Motivationsschub bringt die CeBIT. Schnee, Eis und Rollsplitt sollten bis dahin aus Hannover entfernt sein. Auf zu \u201eDigital Solutions for Work and Life\u201c. Ich bin gespannt, wie der Veranstalter den Spagat zwischen Fachmesse und Consumer-Veranstaltung in diesem Jahr arrangiert. Auf der CeBIT-Homepage spricht man von \u201eDigital Lifestyle zum Anfassen und Ausprobieren\u201c. Das klingt zumindest motivierend. Ich muss noch etwas dar\u00fcber nachdenken, wie wir uns als Aussteller zu diesem Motto pr\u00e4sentieren k\u00f6nnen.<\/p>\n<p>Mit schn\u00f6der Softwaretechnik stehen wir da vor kleineren Problemen und die rituelle CeBIT-Party lebt nur am Rande von digitalen Elementen. Anyway, mit den vollen Auftragsb\u00fcchern \u2013 wie sieht so ein Buch eigentlich aus? \u2013 gehen wir dann hochmotiviert in den Sommer.<\/p>\n<p style=\"text-align: right;\"><a href=\"http:\/\/wp1117171.wp112.webpack.hosteurope.de\/thinksbtf\/thinking\/?page_id=298\" rel=\"attachment wp-att-759\"><img loading=\"lazy\" decoding=\"async\" alt=\"Glosse_Pfeil\" src=\"http:\/\/wp1117171.wp112.webpack.hosteurope.de\/thinksbtf\/thinking\/wp-content\/uploads\/2013\/01\/Glosse_Pfeil1.jpg\" width=\"129\" height=\"17\" \/><\/a><\/p>\n","protected":false},"excerpt":{"rendered":"<p>Nach dem langen, harten Winter brauchen wir Motivationssch\u00fcbe. Nur in guter Stimmung entfalten wir unsere volle Leistungsf\u00e4higkeit. Es ist etwas beunruhigend, wenn man sich selbst bei dieser Launen\u00adabh\u00e4ngigkeit erwischt, aber man kann ja an der Verbesserung arbeiten, zum Beispiel durch &hellip; <a href=\"https:\/\/thinking.holistic-net.de\/?page_id=296&#038;lang=de\">Weiterlesen <span class=\"meta-nav\">&rarr;<\/span><\/a><\/p>\n","protected":false},"author":7,"featured_media":0,"parent":111,"menu_order":0,"comment_status":"open","ping_status":"open","template":"","meta":{"footnotes":""},"class_list":["post-296","page","type-page","status-publish","hentry"],"_links":{"self":[{"href":"https:\/\/thinking.holistic-net.de\/index.php?rest_route=\/wp\/v2\/pages\/296","targetHints":{"allow":["GET"]}}],"collection":[{"href":"https:\/\/thinking.holistic-net.de\/index.php?rest_route=\/wp\/v2\/pages"}],"about":[{"href":"https:\/\/thinking.holistic-net.de\/index.php?rest_route=\/wp\/v2\/types\/page"}],"author":[{"embeddable":true,"href":"https:\/\/thinking.holistic-net.de\/index.php?rest_route=\/wp\/v2\/users\/7"}],"replies":[{"embeddable":true,"href":"https:\/\/thinking.holistic-net.de\/index.php?rest_route=%2Fwp%2Fv2%2Fcomments&post=296"}],"version-history":[{"count":3,"href":"https:\/\/thinking.holistic-net.de\/index.php?rest_route=\/wp\/v2\/pages\/296\/revisions"}],"predecessor-version":[{"id":891,"href":"https:\/\/thinking.holistic-net.de\/index.php?rest_route=\/wp\/v2\/pages\/296\/revisions\/891"}],"up":[{"embeddable":true,"href":"https:\/\/thinking.holistic-net.de\/index.php?rest_route=\/wp\/v2\/pages\/111"}],"wp:attachment":[{"href":"https:\/\/thinking.holistic-net.de\/index.php?rest_route=%2Fwp%2Fv2%2Fmedia&parent=296"}],"curies":[{"name":"wp","href":"https:\/\/api.w.org\/{rel}","templated":true}]}}