{"id":294,"date":"2013-01-17T17:17:07","date_gmt":"2013-01-17T17:17:07","guid":{"rendered":"http:\/\/wp1117171.wp153.webpack.hosteurope.de\/thinksbtf\/thinking\/?page_id=294"},"modified":"2013-01-17T17:17:07","modified_gmt":"2013-01-17T17:17:07","slug":"globale-ballspiele-1427","status":"publish","type":"page","link":"https:\/\/thinking.holistic-net.de\/?page_id=294&lang=de","title":{"rendered":"Globale Ballspiele 1427"},"content":{"rendered":"<p>Nun sind wir also im Jahr 2006 angelangt, dem Jahr, in dem alles besser wird. Aber wir d\u00fcrfen nicht dar\u00fcber reden, weil Sepp Blatter sich die Zahl 2006 genauso hat sch\u00fctzen lassen wie das Wort \u201eFu\u00dfball\u201c, insbesondere aber das Wort \u201eWeltmeisterschaft\u201c. Fl\u00fcsternd schleichen wir durch die Lande, um nicht beim leichtfertigen oder versehentlichen Gebrauch lizenzierter W\u00f6rter straff\u00e4llig zu werden. Das Damoklesschwert der Abmahnung schwebt \u00fcber uns allen. Das Grundproblem besteht darin, dass der gesunde Menschenverstand nicht ausreicht, um abzusch\u00e4tzen, was wohl erlaubt ist und was nicht. Essen und Getr\u00e4nke werden seit kurzem im abgedunkelten Keller eingenommen, weil die lizenzierte Nahrung mit kurzfristigen Gesundheitssch\u00e4den verbunden w\u00e4re. Ich fahre mit meinem Nicht-Hyundai nur noch auf Feldwegen rund um Hannover, obwohl die Bereifung korrekt ist. Die Stadionumgebung meide ich g\u00e4nzlich. In K\u00fcrze werden wohl AWACS-Flugzeuge \u00fcber den Arenen der auserw\u00e4hlten St\u00e4dte die Sonne verdunkeln, und Sch\u00e4uble denkt angeblich \u00fcber eine allgemeine Mobilmachung nach. Freuen wir uns auf die \u201eGlobalen Ballspiele im Jahre 1427\u201c, und zwar nach islamischem Kalender.<\/p>\n<p>Es gibt also Wermutstropfen im Gastgeberland. Das Geld liegt schein\u00adbar auf der Stra\u00dfe, aber man kann sich sch\u00f6pferisch nicht so frei bewegen wie man m\u00f6chte. Man k\u00f6nnte tolle Event-begleitende Wettspiele im Internet oder Intranet programmieren, wenn man sich sicher w\u00e4re, was man darf. Aber im Bereich \u00dcberwachung ist Hightech-IT gefragt: automatische Hooligan-Erkennung, CTG f\u00fcr Stadionbesucher mit AWACS-Kopplung, Ticketverfolgung per GPS mit automatischer Zusendung eines Haftbefehls, falls das Ticket sich weiter als 4,25 Meter vom registrierten K\u00e4ufer entfernt. Workflow 2006: Innovation, Tatkraft, Einfallsreichtum sind gefragt.<\/p>\n<p>Ich ahne allerdings, dass unsere Branche von diesem hysterisch aufkommenden Bedarf \u00fcberfordert ist. Viele scheitern schon an kleineren Br\u00f6tchen. K\u00fcrzlich stellte ein Geldautomat bei meinem Versuch, Geld abzuheben, den Dienst schrittweise ein. In loser Folge liefen Dialoge \u00fcber den Bildschirm, die mit meinem Anliegen nichts zu tun hatten. Nach zweimaligem selbstst\u00e4ndigen Booten erschien der abschlie\u00dfende Hinweis: \u201eLassen Sie sich nicht verwirren, lassen Sie sich beraten. Ihre Volksbank.\u201c<\/p>\n<p>Das Land Niedersachsen lie\u00df k\u00fcrzlich einen sportlichen Fitnesstest in den Schulen durchf\u00fchren. Die Ergebnisse wurden per Browser im Internet erfasst. Die Daten m\u00fcssen selbstverst\u00e4ndlich \u201eanonymisiert\u201c werden: Der Schl\u00fcssel lautet: Erster Buchstabe des Vornamens, Geburtsdatum, Klasse, Schule, Ort. Ein Hoch dem Datenschutz und seinem Schutzbeauftragten! Da h\u00e4tte die NSA etwas zu knacken. Anspruchsvoller ist da schon eine Name Change Request im Lotus-Notes-Support: \u201ePeter Meyerbeer\u201c m\u00f6chte in \u201eMarion Christensen\u201c umbenannt werden. Rezertifizierung mit Geschlechtsumwandlung. Das f\u00e4llt wohl in den Bereich \u201eMedizinische Informatik\u201c.<\/p>\n<p>Aber Sie wissen ja, unser Kaiser Franz mag weder Miesmacher, Neider noch N\u00f6rgler. Er will fr\u00f6hliches Volk um sich haben. Ob das auch der Blatter Sepp, der die Er\u00f6ffnungsfeier platzen lie\u00df, wei\u00df? Da wackeln M\u00e4nnerfreundschaften. Ich fliege jetzt erst mal in die Sonne Floridas, falls der Miesmacher Georg W. mich rein l\u00e4sst. Aber unsere Angie war ja gerade dort und hat ihm erkl\u00e4rt, was f\u00fcr gute Freunde wir doch sind. Und so steht der guten Laune nichts mehr im Wege&#8230;<\/p>\n","protected":false},"excerpt":{"rendered":"<p>Nun sind wir also im Jahr 2006 angelangt, dem Jahr, in dem alles besser wird. Aber wir d\u00fcrfen nicht dar\u00fcber reden, weil Sepp Blatter sich die Zahl 2006 genauso hat sch\u00fctzen lassen wie das Wort \u201eFu\u00dfball\u201c, insbesondere aber das Wort &hellip; <a href=\"https:\/\/thinking.holistic-net.de\/?page_id=294&#038;lang=de\">Weiterlesen <span class=\"meta-nav\">&rarr;<\/span><\/a><\/p>\n","protected":false},"author":7,"featured_media":0,"parent":111,"menu_order":0,"comment_status":"open","ping_status":"open","template":"","meta":{"footnotes":""},"class_list":["post-294","page","type-page","status-publish","hentry"],"_links":{"self":[{"href":"https:\/\/thinking.holistic-net.de\/index.php?rest_route=\/wp\/v2\/pages\/294","targetHints":{"allow":["GET"]}}],"collection":[{"href":"https:\/\/thinking.holistic-net.de\/index.php?rest_route=\/wp\/v2\/pages"}],"about":[{"href":"https:\/\/thinking.holistic-net.de\/index.php?rest_route=\/wp\/v2\/types\/page"}],"author":[{"embeddable":true,"href":"https:\/\/thinking.holistic-net.de\/index.php?rest_route=\/wp\/v2\/users\/7"}],"replies":[{"embeddable":true,"href":"https:\/\/thinking.holistic-net.de\/index.php?rest_route=%2Fwp%2Fv2%2Fcomments&post=294"}],"version-history":[{"count":1,"href":"https:\/\/thinking.holistic-net.de\/index.php?rest_route=\/wp\/v2\/pages\/294\/revisions"}],"predecessor-version":[{"id":295,"href":"https:\/\/thinking.holistic-net.de\/index.php?rest_route=\/wp\/v2\/pages\/294\/revisions\/295"}],"up":[{"embeddable":true,"href":"https:\/\/thinking.holistic-net.de\/index.php?rest_route=\/wp\/v2\/pages\/111"}],"wp:attachment":[{"href":"https:\/\/thinking.holistic-net.de\/index.php?rest_route=%2Fwp%2Fv2%2Fmedia&parent=294"}],"curies":[{"name":"wp","href":"https:\/\/api.w.org\/{rel}","templated":true}]}}