{"id":292,"date":"2013-01-17T17:16:38","date_gmt":"2013-01-17T17:16:38","guid":{"rendered":"http:\/\/wp1117171.wp153.webpack.hosteurope.de\/thinksbtf\/thinking\/?page_id=292"},"modified":"2013-02-22T11:23:34","modified_gmt":"2013-02-22T10:23:34","slug":"analystenpredigt","status":"publish","type":"page","link":"https:\/\/thinking.holistic-net.de\/?page_id=292&lang=de","title":{"rendered":"Analystenpredigt"},"content":{"rendered":"<p>Analysten spielen eine tragende Rolle in unserer Branche. Nicht jedem ist es verg\u00f6nnt, jemals einen Analysten zu treffen. Wenn man dennoch pers\u00f6nlich den Auftritt eines Analysten erlebt, sollte man einen frischen Block zum Mitschreiben haben, mit Ersatzkugelschreibern f\u00fcr den Notfall ger\u00fcstet sein und hochkonzentriert zuh\u00f6ren.<\/p>\n<p><img loading=\"lazy\" decoding=\"async\" alt=\"8_2005\" src=\"http:\/\/wp1117171.wp112.webpack.hosteurope.de\/thinksbtf\/thinking\/wp-content\/uploads\/2013\/01\/8_2005.jpg\" width=\"572\" height=\"76\" \/><\/p>\n<p>K\u00fcrzlich in N\u00fcrnberg gab es anl\u00e4sslich der DNUG-Konferenz die Gelegenheit, einem Propheten der Burton Group zu lauschen. Sie kommen ja \u00e4u\u00dferlich unscheinbar daher, diese Analysten. F\u00fcr deren Honorar m\u00fcssten ein langer Zopf oder extravagante Klamotten eigentlich inklusive sein. Ehrf\u00fcrchtig lauschte ein Gro\u00dfteil des Auditoriums dem Master. Unverst\u00e4ndlicherweise verlie\u00dfen einige Konferenzteilnehmer den Raum. Ich vermute, sie waren intellektuell \u00fcberfordert oder sie vermissten Bilder in der etwas trockenen Pr\u00e4sentation. Von einem der Raumfl\u00fcchter vernahm ich den def\u00e4tistischen Kommentar: \u201eChinesische Bauernweisheiten\u201c. Als H\u00f6hepunkt der Ignoranz empfand ich das Verhalten eines in der Szene bekannten Gesch\u00e4ftsmannes. Er schloss p\u00fcnktlich mit den ersten Worten des Analysten die Augenlider zu einem gepflegten Schl\u00e4fchen und \u00f6ffnete sie erst wieder mit dem Schlussapplaus. Wie soll da der n\u00e4chste B\u00f6rsengang gelingen, wenn man die wichtigsten Momente im Big Business verschl\u00e4ft? Zudem h\u00e4tten im Foyer des Congress Centrums, das ein hobbym\u00e4\u00dfiger Architekturanalyst als \u201ezweites Reichsparteitagsgeb\u00e4ude\u201c bezeichnete, bequeme Sofas zur Verf\u00fcgung gestanden. Man liegt da allerdings etwas auf dem Pr\u00e4sentierteller.<\/p>\n<p>Geballter kann man das Analystenerlebnis auf der Gartner-Konferenz in Cannes haben. Ein Freund berichtet mir seit mehreren Jahren \u00fcber dieses Event. Im n\u00e4chsten Jahr m\u00f6chte ich nun endg\u00fcltig auch dabei sein. Ein Haus mit Pool f\u00fcr die Erholung nach dem anstrengenden Tagesgesch\u00e4ft ist geplant. Ich werde live von der Croisette berichten.<\/p>\n<p>Die billige Analystenvariante bekommt man allmorgendlich im Zug geboten. Regelm\u00e4\u00dfig leide ich unter dieser \u201eKrakelervariante\u201c, die in den fr\u00fchen Morgenstunden in den ICE steigen. Andere Reisende, die den unfreiwillig unterbrochenen Schlaf auf der Zugfahrt noch etwas verl\u00e4ngern wollen, haben keine Chance. Aufgeputscht vom ersten starken Kaffee m\u00fcssen diese \u201eIch-bin-wach-Menschen\u201c lautstark ihre Lebensweisheiten im Gro\u00dfraumwagen darbieten. Junge Springer, die ihrem Chef mit schlauen Analysen ihr Engagement vermitteln m\u00fcssen, andere Chefs, die ihren Sekret\u00e4rinnen am Handy ein paar weltm\u00e4nnische Anweisungen erteilen m\u00fcssen, Kleingruppen, in denen man sich gegenseitig lautstark die Zeitung vorliest, als ob der andere nicht selbst lesen k\u00f6nnte. Alternativ werden Notebooks mit der Windows-Fanfare in voller Lautst\u00e4rke gebootet.<\/p>\n<p>Nach einigen Wendeversuchen im harten Sitz der Deutschen Bahn denke ich dann resignierend: \u201eAlso gut, lass uns den Tag beginnen und die Analystenprognosen in Taten umsetzen!\u201c Denn genau das tun die Analysten selbst ja nicht.<\/p>\n<p style=\"text-align: right;\"><a href=\"http:\/\/wp1117171.wp112.webpack.hosteurope.de\/thinksbtf\/thinking\/?page_id=296\" rel=\"attachment wp-att-759\"><img loading=\"lazy\" decoding=\"async\" alt=\"Glosse_Pfeil\" src=\"http:\/\/wp1117171.wp112.webpack.hosteurope.de\/thinksbtf\/thinking\/wp-content\/uploads\/2013\/01\/Glosse_Pfeil1.jpg\" width=\"129\" height=\"17\" \/><\/a><\/p>\n","protected":false},"excerpt":{"rendered":"<p>Analysten spielen eine tragende Rolle in unserer Branche. Nicht jedem ist es verg\u00f6nnt, jemals einen Analysten zu treffen. Wenn man dennoch pers\u00f6nlich den Auftritt eines Analysten erlebt, sollte man einen frischen Block zum Mitschreiben haben, mit Ersatzkugelschreibern f\u00fcr den Notfall &hellip; <a href=\"https:\/\/thinking.holistic-net.de\/?page_id=292&#038;lang=de\">Weiterlesen <span class=\"meta-nav\">&rarr;<\/span><\/a><\/p>\n","protected":false},"author":7,"featured_media":0,"parent":113,"menu_order":0,"comment_status":"open","ping_status":"open","template":"","meta":{"footnotes":""},"class_list":["post-292","page","type-page","status-publish","hentry"],"_links":{"self":[{"href":"https:\/\/thinking.holistic-net.de\/index.php?rest_route=\/wp\/v2\/pages\/292","targetHints":{"allow":["GET"]}}],"collection":[{"href":"https:\/\/thinking.holistic-net.de\/index.php?rest_route=\/wp\/v2\/pages"}],"about":[{"href":"https:\/\/thinking.holistic-net.de\/index.php?rest_route=\/wp\/v2\/types\/page"}],"author":[{"embeddable":true,"href":"https:\/\/thinking.holistic-net.de\/index.php?rest_route=\/wp\/v2\/users\/7"}],"replies":[{"embeddable":true,"href":"https:\/\/thinking.holistic-net.de\/index.php?rest_route=%2Fwp%2Fv2%2Fcomments&post=292"}],"version-history":[{"count":3,"href":"https:\/\/thinking.holistic-net.de\/index.php?rest_route=\/wp\/v2\/pages\/292\/revisions"}],"predecessor-version":[{"id":843,"href":"https:\/\/thinking.holistic-net.de\/index.php?rest_route=\/wp\/v2\/pages\/292\/revisions\/843"}],"up":[{"embeddable":true,"href":"https:\/\/thinking.holistic-net.de\/index.php?rest_route=\/wp\/v2\/pages\/113"}],"wp:attachment":[{"href":"https:\/\/thinking.holistic-net.de\/index.php?rest_route=%2Fwp%2Fv2%2Fmedia&parent=292"}],"curies":[{"name":"wp","href":"https:\/\/api.w.org\/{rel}","templated":true}]}}