{"id":290,"date":"2013-01-17T17:16:07","date_gmt":"2013-01-17T17:16:07","guid":{"rendered":"http:\/\/wp1117171.wp153.webpack.hosteurope.de\/thinksbtf\/thinking\/?page_id=290"},"modified":"2013-02-22T11:21:34","modified_gmt":"2013-02-22T10:21:34","slug":"optimierungspotenziale","status":"publish","type":"page","link":"https:\/\/thinking.holistic-net.de\/?page_id=290&lang=de","title":{"rendered":"Optimierungspotenziale"},"content":{"rendered":"<div>\n<p>Gerade bin ich von einer Flugreise in die USA zugekehrt. Wie so oft ist nicht alles glatt gelaufen und diverse Optimierungsideen schwirren mir durch den Kopf. Vieles an Optimierung w\u00e4re m\u00f6glich, wenn die Menschheit sich nicht mehr gegen das Implantat von RFID-Chips str\u00e4uben w\u00fcrde. Dieses x-malige Ausweispr\u00fcfen, das Hantieren mit den Flugtickets, das Suchen der Bordkarte, die entw\u00fcrdigende Prozedur beim Immigration Officer der amerikanischen Homeland Security\u00a0 \u2013 alles k\u00f6nnte wegfallen. Unter die Stirnhaut w\u00e4re doch ganz praktisch. Zu pr\u00fcfen bleibt dann allerdings, ob das bei Fu\u00dfballern und Boxern auch funktioniert. M\u00f6glicherweise erleidet der Chip beim Kopfball oder K.o.-Schlag Schaden und es piekt unangenehm. Aber es lassen sich bei solchen Leuten sicherlich andere Stellen finden, wo der Chip beeintr\u00e4chtigungsfrei hinpasst.<\/p>\n<p><img loading=\"lazy\" decoding=\"async\" alt=\"7_2005\" src=\"http:\/\/wp1117171.wp112.webpack.hosteurope.de\/thinksbtf\/thinking\/wp-content\/uploads\/2013\/01\/7_2005.jpg\" width=\"572\" height=\"76\" \/><\/p>\n<p>Eine Kombination von RFID, GPS und Google Earth sieht meiner Meinung nach erfolgversprechend aus. Die zugeh\u00f6rigen Satelliten sollte man allerdings nicht mit russischen Raketenrestbest\u00e4nden ins All schie\u00dfen. Google k\u00f6nnte uns weiterhelfen, indem sie ihr Google Earth auf Live und eine geringf\u00fcgig bessere Aufl\u00f6sung umstellen. K\u00fcrzlich zeigte ich einer Bekannten deren bescheidene H\u00fctte per Google Earth, und sie bat mich prompt, etwas nach rechts zu schwenken: \u201eGuck mal, ob Emma zu Hause ist. Die liegt am Samstagnachmittag meistens auf der Terrasse.\u201c Ich habe die Bekannte um ein paar J\u00e4hrchen vertr\u00f6stet, ihr aber zugesichert, dass das auch noch kommt und dass sie dann Emma per Skype-Phoneless auch gleich etwas zurufen k\u00f6nnen wird.<\/p>\n<p>Die l\u00e4stigen Durchsagen am Flughafen \u2013 \u201ePaging passenger Giovanelli. You are delaying the flight! Please proceed immediately to gate no. 34!\u201c \u2013 w\u00fcrde sich er\u00fcbrigen. Man w\u00fcsste jederzeit, wo Giovanelli sich gerade befindet, k\u00f6nnte sogar berechnen, ob er sich bewegt oder vielleicht in der Fox Sportsbar \u00fcberm Bier sitzt, und k\u00f6nnte \u201eintelligent\u201c entscheiden, ob er es wohl noch rechtzeitig schaffen kann, das Gate zu erreichen. Ein kurzer Wachruf auf sein Headset w\u00fcrde gen\u00fcgen.<\/p>\n<p>Es ist allerdings fraglich, ob Fluggesellschaften dadurch zuverl\u00e4ssiger in Sachen P\u00fcnktlichkeit w\u00fcrden. Die gewonnene Zeit durch den Wegfall mancher Kontrolle w\u00fcrde sicher durch einen strafferen Flugplan kompensiert.<\/p>\n<p>Es bleibt noch das Problem mit dem Gep\u00e4ck, die Zerlegung dessen vor dem Scanner und die geheimnisvolle Befragung nach den pers\u00f6nlichen Packgewohnheiten: \u201eWann haben Sie Ihr Gep\u00e4ck gepackt? Haben Sie das selbst gemacht? Haben Sie es immer bei sich gehabt, seit sie es gepackt haben? Waren Ihre Augen immer offen?\u201c Meine Standard-Antwort: \u201eNormalerweise macht das meine Mutter. Aber die f\u00fchlte sich gestern schlecht, deshalb hat unser irakischer Butler gepackt. Im Flughafen Hannover musste ich kurz zur Toilette. Zwei nette Afghanen haben aber inzwischen auf mein Gep\u00e4ck aufgepasst.\u201c Solche Antworten k\u00f6nnten allerdings zu leichten Verz\u00f6gerungen der Reise f\u00fchren&#8230;<\/p>\n<p>Mal sehen, mit welchem Ehrgeiz Sch\u00e4uble in die Fu\u00dfstapfen von Schily tritt. Die Technik ist schon auf politische Begleitma\u00dfnahmen angewiesen. Es ist zwar nicht leicht, Schily rechts zu \u00fcberholen, aber der Sch\u00e4uble hat Biss. Der schafft das. Wenn das Implantationsprojekt abgeschlossen ist, kann Angie nach Washington fliegen und ihren Freund Schorschi fragen, ob denn nun alles genehm sei.<\/p>\n<p>Also \u2013 liebe Mitmenschen, wollen Sie weiter f\u00fcr die Ineffizienz Ihrer Spezies mit verantwortlich sein? Testen Sie RFID schon mal im privaten Bereich, vielleicht am Hund. In zehn Jahren werden die Chips schon Babys implantiert, dann diskutiert sicher auch niemand mehr dar\u00fcber, ob das weh tut.<\/p>\n<p style=\"text-align: right;\"><a href=\"http:\/\/wp1117171.wp112.webpack.hosteurope.de\/thinksbtf\/thinking\/?page_id=292\" rel=\"attachment wp-att-759\"><img loading=\"lazy\" decoding=\"async\" alt=\"Glosse_Pfeil\" src=\"http:\/\/wp1117171.wp112.webpack.hosteurope.de\/thinksbtf\/thinking\/wp-content\/uploads\/2013\/01\/Glosse_Pfeil1.jpg\" width=\"129\" height=\"17\" \/><\/a><\/p>\n<\/div>\n","protected":false},"excerpt":{"rendered":"<p>Gerade bin ich von einer Flugreise in die USA zugekehrt. Wie so oft ist nicht alles glatt gelaufen und diverse Optimierungsideen schwirren mir durch den Kopf. Vieles an Optimierung w\u00e4re m\u00f6glich, wenn die Menschheit sich nicht mehr gegen das Implantat &hellip; <a href=\"https:\/\/thinking.holistic-net.de\/?page_id=290&#038;lang=de\">Weiterlesen <span class=\"meta-nav\">&rarr;<\/span><\/a><\/p>\n","protected":false},"author":7,"featured_media":0,"parent":113,"menu_order":0,"comment_status":"open","ping_status":"open","template":"","meta":{"footnotes":""},"class_list":["post-290","page","type-page","status-publish","hentry"],"_links":{"self":[{"href":"https:\/\/thinking.holistic-net.de\/index.php?rest_route=\/wp\/v2\/pages\/290","targetHints":{"allow":["GET"]}}],"collection":[{"href":"https:\/\/thinking.holistic-net.de\/index.php?rest_route=\/wp\/v2\/pages"}],"about":[{"href":"https:\/\/thinking.holistic-net.de\/index.php?rest_route=\/wp\/v2\/types\/page"}],"author":[{"embeddable":true,"href":"https:\/\/thinking.holistic-net.de\/index.php?rest_route=\/wp\/v2\/users\/7"}],"replies":[{"embeddable":true,"href":"https:\/\/thinking.holistic-net.de\/index.php?rest_route=%2Fwp%2Fv2%2Fcomments&post=290"}],"version-history":[{"count":4,"href":"https:\/\/thinking.holistic-net.de\/index.php?rest_route=\/wp\/v2\/pages\/290\/revisions"}],"predecessor-version":[{"id":840,"href":"https:\/\/thinking.holistic-net.de\/index.php?rest_route=\/wp\/v2\/pages\/290\/revisions\/840"}],"up":[{"embeddable":true,"href":"https:\/\/thinking.holistic-net.de\/index.php?rest_route=\/wp\/v2\/pages\/113"}],"wp:attachment":[{"href":"https:\/\/thinking.holistic-net.de\/index.php?rest_route=%2Fwp%2Fv2%2Fmedia&parent=290"}],"curies":[{"name":"wp","href":"https:\/\/api.w.org\/{rel}","templated":true}]}}