{"id":286,"date":"2013-01-17T17:14:55","date_gmt":"2013-01-17T17:14:55","guid":{"rendered":"http:\/\/wp1117171.wp153.webpack.hosteurope.de\/thinksbtf\/thinking\/?page_id=286"},"modified":"2013-02-22T11:15:22","modified_gmt":"2013-02-22T10:15:22","slug":"over-and-over-again","status":"publish","type":"page","link":"https:\/\/thinking.holistic-net.de\/?page_id=286&lang=de","title":{"rendered":"Over and over again"},"content":{"rendered":"<p>Kreative, bewegliche, unkonventionelle Menschen beeindrucken mich. Wir wollen und m\u00fcssen fit f\u00fcr Ver\u00e4nderungen sein und das ist gut so.<\/p>\n<p>Aber, was denken Sie, wenn Sie eine Gruppe von Personen im Business-Outfit auf offener Stra\u00dfe sehen, die gemeinsam den Schlachtruf kreischen: \u201eIhr seid sexy, wir sind obersexy!\u201c?<\/p>\n<p><img loading=\"lazy\" decoding=\"async\" alt=\"5_2005\" src=\"http:\/\/wp1117171.wp112.webpack.hosteurope.de\/thinksbtf\/thinking\/wp-content\/uploads\/2013\/01\/5_2005.jpg\" width=\"573\" height=\"76\" \/><\/p>\n<p>Tendenz: Over-motivated. Auf dem halben Weg zur geschlossenen Anstalt. Wie Sie wissen, mache ich mir gelegentlich Sorgen um meine pers\u00f6nliche Zeitgeist-Kompatibilit\u00e4t, zumal diese sehr eng mit dem wirtschaftlichen Erfolg verkn\u00fcpft ist. Ich beobachte also kontinuierlich die Umwelt und frage mich, welchen Entwicklungen ich pers\u00f6nlich folgen m\u00fcsste, um betriebswirtschaftlich und sozial \u201eim Gesch\u00e4ft\u201c zu bleiben.<\/p>\n<p>Die oben beschriebene Gruppe ist einem obskuren Ausbildungscenter eines Telefonie-Providers in der N\u00e4he unseres B\u00fcros zuzuordnen. Gekennzeichnet durch branchen\u00fcblichen Badge, der immer theatralisch um den Hals baumelt, das Band in leuchtender Firmenfarbe. Was ist ein Mensch ohne Badge? Kann er \u00fcberhaupt von Bedeutung sein? Der Gipfel ist der Formel-1-Badge vom Hockenheimring oder gar aus Monaco. Frauen weist er als autorisierte Boxenluder aus, M\u00e4nner als mega-mega-wichtig. Es soll Leute geben, die haben drei und mehr Badges. Wow! Ich bin stolz, euch zu kennen. Klarer Fall von over-badged.<\/p>\n<p>Die Gruppe gl\u00e4nzt zus\u00e4tzlich zu ihrem befremdlichen Verhalten durch gewagte Haarschnitte und coole Anz\u00fcge. Der morgendliche Griff in die Anstaltspackung Gel scheint f\u00fcr die M\u00e4nner Bestandteil der Gesch\u00e4ftsidee zu sein. Over-dressed, over-styled, over-gelt.<\/p>\n<p>Die Trainingsma\u00dfnahmen, die von lauter Anpeitschmusik begleitet werden und in gelegentlichem Kampfgeschrei gipfeln, enden in der Regel mit einem Auftritt der Gruppe auf deren B\u00fcrobalkon, wo dann der aufgestaute Adrenalinspiegel mit Zigaretten reguliert wird. Losgelassen sollen Sie vermutlich DSL-XXXL-Anschl\u00fcsse an alte Leute verkaufen, damit diese schneller telefonieren k\u00f6nnen. Die ganze Szenerie ist in meinen Augen over-fl\u00fcssig.<\/p>\n<p>K\u00fcrzlich holte ich mit meiner Kollegin bei einer mir bislang unbekannten Autovermietung einen Mietwagen ab. Schon am Telefon hatte ein Mitarbeiter darauf hingewiesen, dass sie eigentlich weltweit die Gr\u00f6\u00dften seien. Overestimated.<\/p>\n<p>Wir mussten leider in den over-sizedten Gesch\u00e4ftsr\u00e4umen eine viertel Stunde warten, weil der bestellte Wagen under-verf\u00fcgbar war. Over-booked. In den 15 Minuten Anwesenheit fragten uns mindestens f\u00fcnf Mitarbeiter \u2013 \u00fcbrigens ebenfalls stark over-dressed \u2013 unabh\u00e4ngig voneinander mit dem gleichen Wortlaut, ob wir ein warmes oder kaltes Getr\u00e4nk haben m\u00f6chten. Klarer Fall von over-trained. Ich wollte nur das bestellte Auto und kam mir in Sachen Getr\u00e4nke over-serviced vor.<\/p>\n<p>Mit Kreativit\u00e4t und mentaler Beweglichkeit oder gar erfrischender Individualit\u00e4t hat dieses sekten\u00e4hnliche Konformit\u00e4tsverhalten nichts zu tun. Hat die Chefs und Trainer dieser J\u00fcnger denn jegliches Vertrauen in bew\u00e4hrte europ\u00e4ische Umgangsformen verlassen?<\/p>\n<p style=\"text-align: right;\"><a href=\"http:\/\/wp1117171.wp112.webpack.hosteurope.de\/thinksbtf\/thinking\/?page_id=288\" rel=\"attachment wp-att-759\"><img loading=\"lazy\" decoding=\"async\" alt=\"Glosse_Pfeil\" src=\"http:\/\/wp1117171.wp112.webpack.hosteurope.de\/thinksbtf\/thinking\/wp-content\/uploads\/2013\/01\/Glosse_Pfeil1.jpg\" width=\"129\" height=\"17\" \/><\/a><\/p>\n","protected":false},"excerpt":{"rendered":"<p>Kreative, bewegliche, unkonventionelle Menschen beeindrucken mich. Wir wollen und m\u00fcssen fit f\u00fcr Ver\u00e4nderungen sein und das ist gut so. Aber, was denken Sie, wenn Sie eine Gruppe von Personen im Business-Outfit auf offener Stra\u00dfe sehen, die gemeinsam den Schlachtruf kreischen: &hellip; <a href=\"https:\/\/thinking.holistic-net.de\/?page_id=286&#038;lang=de\">Weiterlesen <span class=\"meta-nav\">&rarr;<\/span><\/a><\/p>\n","protected":false},"author":7,"featured_media":0,"parent":113,"menu_order":0,"comment_status":"open","ping_status":"open","template":"","meta":{"footnotes":""},"class_list":["post-286","page","type-page","status-publish","hentry"],"_links":{"self":[{"href":"https:\/\/thinking.holistic-net.de\/index.php?rest_route=\/wp\/v2\/pages\/286","targetHints":{"allow":["GET"]}}],"collection":[{"href":"https:\/\/thinking.holistic-net.de\/index.php?rest_route=\/wp\/v2\/pages"}],"about":[{"href":"https:\/\/thinking.holistic-net.de\/index.php?rest_route=\/wp\/v2\/types\/page"}],"author":[{"embeddable":true,"href":"https:\/\/thinking.holistic-net.de\/index.php?rest_route=\/wp\/v2\/users\/7"}],"replies":[{"embeddable":true,"href":"https:\/\/thinking.holistic-net.de\/index.php?rest_route=%2Fwp%2Fv2%2Fcomments&post=286"}],"version-history":[{"count":4,"href":"https:\/\/thinking.holistic-net.de\/index.php?rest_route=\/wp\/v2\/pages\/286\/revisions"}],"predecessor-version":[{"id":831,"href":"https:\/\/thinking.holistic-net.de\/index.php?rest_route=\/wp\/v2\/pages\/286\/revisions\/831"}],"up":[{"embeddable":true,"href":"https:\/\/thinking.holistic-net.de\/index.php?rest_route=\/wp\/v2\/pages\/113"}],"wp:attachment":[{"href":"https:\/\/thinking.holistic-net.de\/index.php?rest_route=%2Fwp%2Fv2%2Fmedia&parent=286"}],"curies":[{"name":"wp","href":"https:\/\/api.w.org\/{rel}","templated":true}]}}