{"id":284,"date":"2013-01-17T17:14:19","date_gmt":"2013-01-17T17:14:19","guid":{"rendered":"http:\/\/wp1117171.wp153.webpack.hosteurope.de\/thinksbtf\/thinking\/?page_id=284"},"modified":"2013-02-22T11:12:36","modified_gmt":"2013-02-22T10:12:36","slug":"grenzen-der-intelligenz","status":"publish","type":"page","link":"https:\/\/thinking.holistic-net.de\/?page_id=284&lang=de","title":{"rendered":"Grenzen der Intelligenz"},"content":{"rendered":"<div>\n<p>Dass IT-L\u00f6sungen Stilbl\u00fcten produzieren, ist eigentlich ein alter Hut. Manche sind nur witzig, manche sind \u00e4rgerlich. In der Regel entstehen sie durch den f\u00e4lschlichen Glauben, dass Computer an sich intelligent seien. Aus gegebenem Anlass m\u00f6chte ich zwei Beispiele schildern.<\/p>\n<p><img loading=\"lazy\" decoding=\"async\" alt=\"4_2005\" src=\"http:\/\/wp1117171.wp112.webpack.hosteurope.de\/thinksbtf\/thinking\/wp-content\/uploads\/2013\/01\/4_2005.jpg\" width=\"572\" height=\"76\" \/><\/p>\n<p>Dass bei der Erstellung eines E-Mail-Accounts bei einem \u00f6ffentlichen Provider wie GMX oder web.de die pers\u00f6nlichen Angaben auf das Allernotwendigste reduziert sein sollten, um dem Zielgruppen-Marketing so wenig Anhaltspunkte wie m\u00f6glich zu geben, wei\u00df jedes Kind. Wer beispielsweise im ICQ seinen echten Namen, sein Geschlecht und sein Alter angibt, ist selbst schuld. Gezielte Irref\u00fchrung ist hier geradezu legitim. Unsere Auszubildende, die gelegentlich ein T-Shirt mit dem Aufdruck \u201eEndlich 18\u201c tr\u00e4gt, hat eine web.de-Mailbox. Das Geburtsdatum in ihrem Profil hat sie offenbar in das Jahr 1912 verlegt. Nun erhielt sie einen Gl\u00fcckwunsch zum 93. Geburtstag mit dem Gratis-Angebot f\u00fcr drei Monate web.de-Club einschlie\u00dflich Virenschutz, Spamschutz und XXL-Onlinespeicher. Man kann web.de immerhin zugute halten, dass hier der Mensch in der zweiten Lebensh\u00e4lfte nicht ausgegrenzt wird. Na denn, viel Spa\u00df! Ob der Spamschutz auch vor web.de selbst sch\u00fctzt, bleibt offen. Zu pr\u00fcfen bleibt, ob m\u00f6glicherweise auch zum 150. Geburtstag gratuliert wird.<\/p>\n<p>Eher \u00e4rgerlich sind begrenzt intelligente IT-Implementierungen bei Beh\u00f6rden oder Krankenkassen. Auf Grund etwas ung\u00fcnstiger gesetzlicher Regelungen sind meine drei Kinder freiwillig bei der AOK versichert. In regelm\u00e4\u00dfigen Abst\u00e4nden erhalten sie die Aufforderung, ihre Einkommensverh\u00e4ltnisse nachzuweisen. Auch 12-J\u00e4hrige bleiben hiervon nicht verschont. Die Briefe sind klar und ausschlie\u00dflich an die Kinder adressiert \u2013 ohne R\u00fccksicht auf deren Alter oder Gesch\u00e4ftsf\u00e4higkeit. Auch im Anschreiben selbst steht kein Hinweis auf Erziehungsberechtigte. Ob solche Briefe auch an Dreij\u00e4hrige gehen, entzieht sich meiner Kenntnis. Welche juristischen Konsequenzen das einfache Wegwerfen dieser Briefe h\u00e4tte, wei\u00df ich nicht. Ist es denn so schwierig, in ein Programm, das Anschreiben an Millionen Menschen generiert, die Abfrage \u201eIf Alter&lt;16\u201c oder etwas in der Art einzuf\u00fcgen und sich eine juristisch schl\u00fcssige Strategie zu \u00fcberlegen, wie man die erw\u00fcnschten Angaben erhalten kann?<\/p>\n<p>F\u00fcr ein anderes Thema bin ich vermutlich nicht intelligent genug, um es zu verstehen. Vielleicht erschlie\u00dft es sich mir auch noch nicht, dass Spam und Viren im Kern ein eigener Industriezweig sind, der gepflegt werden muss. Der Umgang mit den Verursachern von Spam und Viren ist jedenfalls aus meiner Sicht halbherzig, das Gejammer vollmundig. Hinter jedem Viagra- und jedem Hypothekenangebot \u2013 zu 99 Prozent aus dem Land der unbegrenzten M\u00f6glichkeiten \u2013 steckt irgend jemand, der damit Geld machen will und somit auch ermittelbar ist. Auch ist mir unklar, warum eine Internet-Dom\u00e4ne postbank-de.com \u00fcberhaupt zugelassen wird und \u00fcber einen l\u00e4ngeren Zeitraum kriminelle E-Mails mit Link auf diese Website und der Aufforderung, Postbank-TANs einzugeben, versendet werden k\u00f6nnen. Dass diese E-Mails in miserablem Deutsch verfasst sind, macht den Vorgang nur noch absurder. Mein schlauer Kollege fragt mich allerdings: Wie soll ein deutscher Beamter eine scheinbar amerikanische Firma mit wei\u00dfrussischem Gesch\u00e4ftsf\u00fchrer, die auf den Cayman Islands oder in einem anderen Krokodilt\u00fcmpel ihr tr\u00fcbes Gewerbe angemeldet hat und den Webserver f\u00fcr 48 Stunden bei einem chinesischen Provider in der Mongolei betreibt, in ihrem Tun einschr\u00e4nken?<\/p>\n<p>Da \u00f6ffnen wir doch lieber ein k\u00fchles Helles oder einen wohltemperierten Roten und lassen die Welt des Internets ihren Gang gehen.<\/p>\n<p style=\"text-align: right;\"><a href=\"http:\/\/wp1117171.wp112.webpack.hosteurope.de\/thinksbtf\/thinking\/?page_id=286\" rel=\"attachment wp-att-759\"><img loading=\"lazy\" decoding=\"async\" alt=\"Glosse_Pfeil\" src=\"http:\/\/wp1117171.wp112.webpack.hosteurope.de\/thinksbtf\/thinking\/wp-content\/uploads\/2013\/01\/Glosse_Pfeil1.jpg\" width=\"129\" height=\"17\" \/><\/a><\/p>\n<\/div>\n","protected":false},"excerpt":{"rendered":"<p>Dass IT-L\u00f6sungen Stilbl\u00fcten produzieren, ist eigentlich ein alter Hut. Manche sind nur witzig, manche sind \u00e4rgerlich. In der Regel entstehen sie durch den f\u00e4lschlichen Glauben, dass Computer an sich intelligent seien. Aus gegebenem Anlass m\u00f6chte ich zwei Beispiele schildern. Dass &hellip; <a href=\"https:\/\/thinking.holistic-net.de\/?page_id=284&#038;lang=de\">Weiterlesen <span class=\"meta-nav\">&rarr;<\/span><\/a><\/p>\n","protected":false},"author":7,"featured_media":0,"parent":113,"menu_order":0,"comment_status":"open","ping_status":"open","template":"","meta":{"footnotes":""},"class_list":["post-284","page","type-page","status-publish","hentry"],"_links":{"self":[{"href":"https:\/\/thinking.holistic-net.de\/index.php?rest_route=\/wp\/v2\/pages\/284","targetHints":{"allow":["GET"]}}],"collection":[{"href":"https:\/\/thinking.holistic-net.de\/index.php?rest_route=\/wp\/v2\/pages"}],"about":[{"href":"https:\/\/thinking.holistic-net.de\/index.php?rest_route=\/wp\/v2\/types\/page"}],"author":[{"embeddable":true,"href":"https:\/\/thinking.holistic-net.de\/index.php?rest_route=\/wp\/v2\/users\/7"}],"replies":[{"embeddable":true,"href":"https:\/\/thinking.holistic-net.de\/index.php?rest_route=%2Fwp%2Fv2%2Fcomments&post=284"}],"version-history":[{"count":3,"href":"https:\/\/thinking.holistic-net.de\/index.php?rest_route=\/wp\/v2\/pages\/284\/revisions"}],"predecessor-version":[{"id":830,"href":"https:\/\/thinking.holistic-net.de\/index.php?rest_route=\/wp\/v2\/pages\/284\/revisions\/830"}],"up":[{"embeddable":true,"href":"https:\/\/thinking.holistic-net.de\/index.php?rest_route=\/wp\/v2\/pages\/113"}],"wp:attachment":[{"href":"https:\/\/thinking.holistic-net.de\/index.php?rest_route=%2Fwp%2Fv2%2Fmedia&parent=284"}],"curies":[{"name":"wp","href":"https:\/\/api.w.org\/{rel}","templated":true}]}}