{"id":282,"date":"2013-01-17T17:13:49","date_gmt":"2013-01-17T17:13:49","guid":{"rendered":"http:\/\/wp1117171.wp153.webpack.hosteurope.de\/thinksbtf\/thinking\/?page_id=282"},"modified":"2013-02-26T10:52:14","modified_gmt":"2013-02-26T09:52:14","slug":"wer-fahrt-so-spat-durch-nacht-und-wind","status":"publish","type":"page","link":"https:\/\/thinking.holistic-net.de\/?page_id=282&lang=de","title":{"rendered":"Wer f\u00e4hrt so sp\u00e4t durch Nacht und Wind?"},"content":{"rendered":"<p>Es ist die Polizei der Stadt F\u00fcrth. Zur Abwechslung will ich mich an dieser Stelle wieder einmal einigen vollkommen IT-freien Themen widmen.<\/p>\n<p><img loading=\"lazy\" decoding=\"async\" alt=\"3_2005\" src=\"http:\/\/wp1117171.wp112.webpack.hosteurope.de\/thinksbtf\/thinking\/wp-content\/uploads\/2013\/01\/3_2005.jpg\" width=\"573\" height=\"76\" \/><\/p>\n<p>Aufgrund misslicher Erfahrung in der sp\u00e4ten Jugend mache ich einen gro\u00dfen Bogen um alle wei\u00dfgr\u00fcnen Fahrzeuge mit Blaulicht auf dem Dach. Wenn solch ein Auto vor oder hinter mir f\u00e4hrt, biege ich auch mal ab, ohne eigentlich abbiegen zu wollen. Manchmal wird man aber im wahrsten Sinne des Wortes kalt erwischt. W\u00e4hrend unserer Lotusphere-Review-Veranstaltung in F\u00fcrth vor einigen Wochen hing am fr\u00fchen Morgen unter dem Scheibenwischer meines korrekt geparkten Fahrzeuges ein unheilvoller Zettel. Wie immer war ich mir keiner Schuld bewusst. Mit zitternden H\u00e4nden, nicht nur wegen der Temperatur von -13\u00b0 Celsius, sondern auch der Angst, straff\u00e4llig geworden zu sein, entfaltete ich das Schriftst\u00fcck.<\/p>\n<p>Der Sachverhalt: Das vordere und hintere Nummernschild meines Fahrzeuges waren vertauscht.<\/p>\n<p>&gt;\u00a0\u00a0\u00a0\u00a0\u00a0 T\u00e4ter: mein Autoh\u00e4ndler (das wei\u00df die Polizei aber nicht).<\/p>\n<p>&gt;\u00a0\u00a0\u00a0\u00a0\u00a0 Zeitpunkt der Tatfeststellung: 5:30 Uhr (AM nicht PM).<\/p>\n<p>&gt;\u00a0\u00a0\u00a0\u00a0\u00a0 Au\u00dfentemperatur zur Feststellungszeit: -15\u00b0 Celsius (steht allerdings nicht auf dem Zettel).<\/p>\n<p>Ich bin beeindruckt, dass die F\u00fcrther Polizei auch bei sibirischen Temperaturen intensive Inspektionen an parkenden Fahrzeugen vornimmt, um gesetzlichen Regelungen unerbittlich Geltung zu verschaffen. Ich wurde somit schriftlich aufgefordert, den Missstand zu beseitigen und den Wagen binnen einer Woche bei einer Polizeidienststelle meiner Wahl vorzuf\u00fchren. Das Zittern verschwand w\u00e4hrend des ganzen Tages nicht so richtig aus meinen H\u00e4nden.<\/p>\n<p>A propos \u201eZittern\u201c: Auf der gleichen Veranstaltung trat bei der abendlichen Party eine Baucht\u00e4nzerin auf. Die Temperatur im Partyraum lag \u00fcbrigens ausreichend \u00fcber dem Gefrierpunkt. Einige G\u00e4ste, die offenbar Erfahrung mit Baucht\u00e4nzerinnen haben, bem\u00e4ngelten die fehlenden Pfunde an Bauch und H\u00fcften der jungen Dame. Sie hatte eher die Figur eines Mannequins, denn diejenige einer Baucht\u00e4nzerin. Der budgetverantwortliche Gesch\u00e4ftsf\u00fchrer gab zur Auskunft: \u201eF\u00fcr eine f\u00fcllige Baucht\u00e4nzerin hat das Budget nicht gereicht. Dann h\u00e4tten wir am Catering sparen m\u00fcssen. Wollt ihr das?\u201c F\u00fcr die n\u00e4chste Lotus\u00adphere Review soll es eine spezielle Kollekte f\u00fcr das Bauchtanzprogramm geben.<\/p>\n<p>Zum Abschluss doch noch der Schwenk in unser Business. Die Meldung, dass Ray Ozzie seine Firma Groove an Microsoft verkauft hat, wurde in der Szene doch mit einiger \u00dcberraschung zur Kenntnis genommen. Kurz zuvor, auf der Lotusphere in Orlando, hatte er noch die Standing Ovations der Fangemeinde genossen. Es kann mir niemand erz\u00e4hlen, dass der Deal mit Microsoft zu diesem Zeitpunkt nicht schon unter Dach und Fach war. Was machen wir nun mit unserer Verehrung f\u00fcr den \u201eSzene-Guru\u201c Ray Ozzie? Verstehen, hassen, ignorieren, erst recht beklatschen? Ich wei\u00df es nicht. Wei\u00df er, was er bei Microsoft will. Wei\u00df Bill Gates, was er mit Ray Ozzie will? Warten wir\u2018s ab. Die Lotus-Fangemeinde ist jedenfalls um eine Illusion der verschworenen Gemeinsamkeit gegen Microsoft \u00e4rmer geworden.<\/p>\n<p style=\"text-align: right;\"><a href=\"http:\/\/wp1117171.wp112.webpack.hosteurope.de\/thinksbtf\/thinking\/?page_id=284\" rel=\"attachment wp-att-759\"><img loading=\"lazy\" decoding=\"async\" alt=\"Glosse_Pfeil\" src=\"http:\/\/wp1117171.wp112.webpack.hosteurope.de\/thinksbtf\/thinking\/wp-content\/uploads\/2013\/01\/Glosse_Pfeil1.jpg\" width=\"129\" height=\"17\" \/><\/a><\/p>\n","protected":false},"excerpt":{"rendered":"<p>Es ist die Polizei der Stadt F\u00fcrth. Zur Abwechslung will ich mich an dieser Stelle wieder einmal einigen vollkommen IT-freien Themen widmen. Aufgrund misslicher Erfahrung in der sp\u00e4ten Jugend mache ich einen gro\u00dfen Bogen um alle wei\u00dfgr\u00fcnen Fahrzeuge mit Blaulicht &hellip; <a href=\"https:\/\/thinking.holistic-net.de\/?page_id=282&#038;lang=de\">Weiterlesen <span class=\"meta-nav\">&rarr;<\/span><\/a><\/p>\n","protected":false},"author":7,"featured_media":0,"parent":113,"menu_order":0,"comment_status":"open","ping_status":"open","template":"","meta":{"footnotes":""},"class_list":["post-282","page","type-page","status-publish","hentry"],"_links":{"self":[{"href":"https:\/\/thinking.holistic-net.de\/index.php?rest_route=\/wp\/v2\/pages\/282","targetHints":{"allow":["GET"]}}],"collection":[{"href":"https:\/\/thinking.holistic-net.de\/index.php?rest_route=\/wp\/v2\/pages"}],"about":[{"href":"https:\/\/thinking.holistic-net.de\/index.php?rest_route=\/wp\/v2\/types\/page"}],"author":[{"embeddable":true,"href":"https:\/\/thinking.holistic-net.de\/index.php?rest_route=\/wp\/v2\/users\/7"}],"replies":[{"embeddable":true,"href":"https:\/\/thinking.holistic-net.de\/index.php?rest_route=%2Fwp%2Fv2%2Fcomments&post=282"}],"version-history":[{"count":5,"href":"https:\/\/thinking.holistic-net.de\/index.php?rest_route=\/wp\/v2\/pages\/282\/revisions"}],"predecessor-version":[{"id":889,"href":"https:\/\/thinking.holistic-net.de\/index.php?rest_route=\/wp\/v2\/pages\/282\/revisions\/889"}],"up":[{"embeddable":true,"href":"https:\/\/thinking.holistic-net.de\/index.php?rest_route=\/wp\/v2\/pages\/113"}],"wp:attachment":[{"href":"https:\/\/thinking.holistic-net.de\/index.php?rest_route=%2Fwp%2Fv2%2Fmedia&parent=282"}],"curies":[{"name":"wp","href":"https:\/\/api.w.org\/{rel}","templated":true}]}}