{"id":280,"date":"2013-01-17T17:13:14","date_gmt":"2013-01-17T17:13:14","guid":{"rendered":"http:\/\/wp1117171.wp153.webpack.hosteurope.de\/thinksbtf\/thinking\/?page_id=280"},"modified":"2013-02-22T11:06:05","modified_gmt":"2013-02-22T10:06:05","slug":"good-guy-microsoft","status":"publish","type":"page","link":"https:\/\/thinking.holistic-net.de\/?page_id=280&lang=de","title":{"rendered":"Good Guy Microsoft!?"},"content":{"rendered":"<p>Eigentlich geh\u00f6re ich nicht zu denen, die alles und jede \u00c4u\u00dferung von Microsoft eifrig kommentieren m\u00fcssen. Auf der Lotusphere habe ich das Verhalten von Microsoft-Menschen jedoch so hautnah miterlebt, dass ich \u00a0mich ausnahmsweise nicht zur\u00fcckhalten kann.<\/p>\n<p><img loading=\"lazy\" decoding=\"async\" alt=\"2_2005\" src=\"http:\/\/wp1117171.wp112.webpack.hosteurope.de\/thinksbtf\/thinking\/wp-content\/uploads\/2013\/01\/2_2005.jpg\" width=\"573\" height=\"76\" \/><\/p>\n<p>Beobachtungen aus Orlando: Auf der Veranstaltung waren, eindeutig durch ihren Badge gekennzeichnet, mehr als 15 Mitarbeiter von Microsoft als offiziell geduldete Industriespione zugegen. Sie kamen teils aus Redmond, teils aus M\u00fcnchen. Sollten Sie die offizielle Conference Fee bezahlt haben, war damit fast eine Mahlzeit \u201eboxed lunch\u201c f\u00fcr alle Konferenzteilnehmer finanziert, was aber wegen der kulinarischen Qualit\u00e4t keine Werbung f\u00fcr Microsoft w\u00e4re.<\/p>\n<p>Da ich einen der M\u00fcnchner Microsoft-Kollegen seit langer Zeit kenne, lauschte ich einigen Vortr\u00e4gen gemeinsam mit ihm. Meine Konzentration auf den Redner hielt nicht lange an, denn schon nach wenigen Minuten wurde ich von den Umtrieben der Microsoft-Leute abgelenkt. Die Professionalit\u00e4t, mit der sie die gebotenen Informationen verarbeitet haben, war beeindruckend. Noch nie habe ich jemanden gesehen, der so diszipliniert und systematisch auf Tablet-PCs mitschreibt und derart flink Grafiken skizziert. Informationstr\u00e4chtige Slides wurden sofort mit der digitalen Kamera festgehalten, in manchen F\u00e4llen diskret, fast schon verschw\u00f6rerisch, aus der H\u00fcfte. Eine reine Pr\u00e4ventivma\u00dfnahme. Schlie\u00dflich soll es auch schon vorgekommen sein, dass dargestellte Skizzen im Online-Forum fehlten. In amerikanischer Manier wurde nach jedem erledigten Tagewerk abends ein Report an die Kommandozentrale nach Redmond gemailt. Professionell, n\u00fcchtern, cool.<\/p>\n<p>Messen f\u00fcr Navigationssysteme haben die Spione bisher anscheinend gemieden. Denn bis vor kurzem war der Routenplaner auf der MSN Website durchaus verbesserungsw\u00fcrdig. Vermutlich hat Microsoft die Engine dieses Routenplaners nicht programmiert, bietet den Dienst aber immerhin unter seiner Fahne an:<\/p>\n<p>mappoint.msn.com\/directions-find.aspx.<\/p>\n<p>Gab man beispielsweise als Startpunkt die Stadt Haugesund in Norwegen und als Ziel Trondheim in Norwegen ein, stellte der Planer eine sicherlich sch\u00f6ne, aber nicht unbedingt direkte Route zusammen. Zwei Fragen dr\u00e4ngten sich auf: Hat Microsoft einen Provisionsvertrag mit einer norwegisch-englischen F\u00e4hrlinie abgeschlossen? Oder ist in Chelsea eine Fischkiste abzuholen, die dringend nach Trondheim muss?<\/p>\n<p>Bei anderen Eingaben wurde eine Hin- und R\u00fcckfahrt per F\u00e4hre angeboten, um einen nur 15 Kilometer entfernten Ort zu erreichen. Inzwischen hat man den Lapsus korrigiert. F\u00fcr Tests fehlte mir bislang die Zeit, auf \u00dcberraschungen bin ich vorbereitet.<\/p>\n<p>F\u00fcr Computersicherheit macht sich Bill Gates ganz pers\u00f6nlich stark. J\u00fcngst hat er all diejenigen, die es noch nicht wussten, darauf hingewiesen, dass zum Leidwesen aller \u201eauch b\u00f6se Jungs clever sind\u201c. Prim\u00e4r meint er damit Spammer und Hacker. Ob er sich selbst im Sinne unzul\u00e4ssiger Marktbeherrschung auch einschlie\u00dft, bleibt offen. Sicherlich bevorzugt er die Rolle des \u201eGood Guy\u201c, der Millionen nach S\u00fcdostasien spendet. Nebenbei engagiert sich das Redmonder Unternehmen im M\u00fcnchner \u201eHaus der Gegenwart\u201c und stattet es mit seinem eHome-Konzept aus. Es w\u00fcrde Microsoft wohl gefallen, diesen Markt irgendwann genauso zu beherrschen wie den PC-Markt. Bill Gates erkl\u00e4rt der Welt den digitalen Lifestyle und die Consumer folgen mit offenem Mund.<\/p>\n<p>So weit wird es hoffentlich nicht kommen, denn gl\u00fccklicherweise gibt es noch ein paar Kritiker, die ihre Augen offen halten und auf Missst\u00e4nde hinweisen.<\/p>\n<p style=\"text-align: right;\"><a href=\"http:\/\/wp1117171.wp112.webpack.hosteurope.de\/thinksbtf\/thinking\/?page_id=282\" rel=\"attachment wp-att-759\"><img loading=\"lazy\" decoding=\"async\" alt=\"Glosse_Pfeil\" src=\"http:\/\/wp1117171.wp112.webpack.hosteurope.de\/thinksbtf\/thinking\/wp-content\/uploads\/2013\/01\/Glosse_Pfeil1.jpg\" width=\"129\" height=\"17\" \/><\/a><\/p>\n","protected":false},"excerpt":{"rendered":"<p>Eigentlich geh\u00f6re ich nicht zu denen, die alles und jede \u00c4u\u00dferung von Microsoft eifrig kommentieren m\u00fcssen. Auf der Lotusphere habe ich das Verhalten von Microsoft-Menschen jedoch so hautnah miterlebt, dass ich \u00a0mich ausnahmsweise nicht zur\u00fcckhalten kann. Beobachtungen aus Orlando: Auf &hellip; <a href=\"https:\/\/thinking.holistic-net.de\/?page_id=280&#038;lang=de\">Weiterlesen <span class=\"meta-nav\">&rarr;<\/span><\/a><\/p>\n","protected":false},"author":7,"featured_media":0,"parent":113,"menu_order":0,"comment_status":"open","ping_status":"open","template":"","meta":{"footnotes":""},"class_list":["post-280","page","type-page","status-publish","hentry"],"_links":{"self":[{"href":"https:\/\/thinking.holistic-net.de\/index.php?rest_route=\/wp\/v2\/pages\/280","targetHints":{"allow":["GET"]}}],"collection":[{"href":"https:\/\/thinking.holistic-net.de\/index.php?rest_route=\/wp\/v2\/pages"}],"about":[{"href":"https:\/\/thinking.holistic-net.de\/index.php?rest_route=\/wp\/v2\/types\/page"}],"author":[{"embeddable":true,"href":"https:\/\/thinking.holistic-net.de\/index.php?rest_route=\/wp\/v2\/users\/7"}],"replies":[{"embeddable":true,"href":"https:\/\/thinking.holistic-net.de\/index.php?rest_route=%2Fwp%2Fv2%2Fcomments&post=280"}],"version-history":[{"count":3,"href":"https:\/\/thinking.holistic-net.de\/index.php?rest_route=\/wp\/v2\/pages\/280\/revisions"}],"predecessor-version":[{"id":823,"href":"https:\/\/thinking.holistic-net.de\/index.php?rest_route=\/wp\/v2\/pages\/280\/revisions\/823"}],"up":[{"embeddable":true,"href":"https:\/\/thinking.holistic-net.de\/index.php?rest_route=\/wp\/v2\/pages\/113"}],"wp:attachment":[{"href":"https:\/\/thinking.holistic-net.de\/index.php?rest_route=%2Fwp%2Fv2%2Fmedia&parent=280"}],"curies":[{"name":"wp","href":"https:\/\/api.w.org\/{rel}","templated":true}]}}