{"id":275,"date":"2013-01-17T17:11:12","date_gmt":"2013-01-17T17:11:12","guid":{"rendered":"http:\/\/wp1117171.wp153.webpack.hosteurope.de\/thinksbtf\/thinking\/?page_id=275"},"modified":"2013-02-22T11:00:28","modified_gmt":"2013-02-22T10:00:28","slug":"von-der-allgemeinbildung-zum-expertensystem","status":"publish","type":"page","link":"https:\/\/thinking.holistic-net.de\/?page_id=275&lang=de","title":{"rendered":"Von der Allgemeinbildung zum Expertensystem"},"content":{"rendered":"<p>Es gab Zeiten, in denen sich die Deutschen als Weltmeister der Allgemeinbildung einsch\u00e4tzten. Sp\u00e4testens seit der Pisa-Studie br\u00f6ckelt das Selbstvertrauen. Politiker, P\u00e4dagogen und viele andere gebildete Menschen ringen nun um Konzepte, im Pisa-Ranking wieder einen der vorderen Pl\u00e4tze einzunehmen. Zu einer guten Allgemeinbildung geh\u00f6rt auch die Kenntnis der deutschen Sprache. Was korrekt ist und was nicht, ist mittlerweile Ansichtssache. Die Rangelei um die Rechtschreibreform ist dabei eher kontraproduktiv. Immerhin nutzten einige Zeitungsredaktionen die endlosen Diskussionen, um sich im Sommerloch zu profilieren. Selbst im Rahmen von Hartz IV wird vielf\u00e4ltig \u00fcber Weiterbildung debattiert. Schlussendlich sinniert die IT-Branche in Zyklen \u00fcber die Sinnf\u00e4lligkeit und Notwendigkeit von Expertensystemen.<\/p>\n<p><img loading=\"lazy\" decoding=\"async\" alt=\"7_2004\" src=\"http:\/\/wp1117171.wp112.webpack.hosteurope.de\/thinksbtf\/thinking\/wp-content\/uploads\/2013\/01\/7_2004.jpg\" width=\"571\" height=\"76\" \/><\/p>\n<p>Die Bildung in Deutschland befindet sich\u00a0 eindeutig im Notstand. Ersch\u00fctternde Alltagserlebnisse beweisen das immer wieder. Neulich beauftragte mich meine Frau, im Reptilienhaus Heimchen als Futter f\u00fcr einen Mauersegler in Pflege zu kaufen. Neben mir orderte ein Golf-GTI-Fahrer, m\u00e4chtig t\u00e4towiert und ganz in Schwarz, Ratten f\u00fcr seine Anaconda. Gleichzeitig wollte er das nette Tierchen per Anzeige verkaufen. Er schrieb: \u201eANNAKOMDA, 1,50 lang, 500 Euro.\u201c Seine Freundin hei\u00dft vermutlich auch Anna, und er muss sie st\u00e4ndig rufen.<\/p>\n<p>Nicht weit vom Reptilienhaus entfernt, brachte mich wieder ein Aushang zum Schmunzeln. An einer Eisdiele war zu erfahren: \u201eWelpen zu verkaufen, 5 Labrador und 3 Golden Reddriver. Preis 400 Euro pro Welpe.\u201c Wenn es ums Geld geht, gibt es offenbar weniger Bildungsm\u00e4ngel. Ob sich der Anbieter von den Einnahmen ein Lexikon oder ein Hunderassenbuch kaufen m\u00f6chte, bleibt offen.<\/p>\n<p>Bildung mit leicht gehobenem Niveau ist auch im Umgang mit Telefonanlagen gefragt. Wir wissen alle, dass dabei nur wenige den Expertenhimmel je erreichen. Ein in anderen Belangen hoch kompetenter Mitarbeiter eines Partnerunternehmens wollte mich vor ein paar Tagen einfach nur weiterverbinden. Er nutzte die\u00a0 Gelegenheit und demonstrierte mir das komplette Musikprogramm der Telefonanlage. Finally, he failed \u2013 wie der Amerikaner sagen w\u00fcrde.<\/p>\n<p>F\u00fcr den Knowledge-Transfer in Unternehmen ist nicht nur Allgemeinbildung, sondern auch Fachwissen erforderlich. In einem Presse-Ticker erschien j\u00fcngst die Meldung \u201eBig Blue erwirbt Venetica, Spezialist f\u00fcr unstrukturierte Informationen, die \u00fcber Unternehmensnetze verstreut sind\u201c. Wohl als freud\u2018sche Fehlleistung las ich \u201everstreut werden\u201c statt \u201everstreut sind\u201c und stellte mir eine neue Zentrifugaltechnik f\u00fcr unstrukturierte Informationen vor. Offensichtlich habe ich meinen Frust \u00fcber das Verschwinden des IBM-Knowledge-Discovery-Servers noch nicht verwunden. Ich werde mir die neue Zentrifuge aus sicherer Entfernung ansehen.<\/p>\n<p>Die privaten und gesch\u00e4ftlichen Intentionen, den staatlichen Bildungsauftrag zu unterst\u00fctzen und vorhandenes Wissen besser zu verbreiten, sind l\u00f6blich. Der Weg zum Erfolg ist wie so oft sehr steinig. Manches scheitert auch an halbherzigen Gesch\u00e4ftsideen. Vor einem Zeitungsladen in der N\u00e4he unseres B\u00fcros hing ein Schild: \u201eWir bestellen auch Schulb\u00fccher!\u201c Darunter ein Zettel: \u201eBetriebsferien vom 9.8. bis 6.9.\u201c Die Schulferien in Niedersachsen endeten am 18. August.<\/p>\n<p style=\"text-align: right;\"><a href=\"http:\/\/wp1117171.wp112.webpack.hosteurope.de\/thinksbtf\/thinking\/?page_id=277\" rel=\"attachment wp-att-759\"><img loading=\"lazy\" decoding=\"async\" alt=\"Glosse_Pfeil\" src=\"http:\/\/wp1117171.wp112.webpack.hosteurope.de\/thinksbtf\/thinking\/wp-content\/uploads\/2013\/01\/Glosse_Pfeil1.jpg\" width=\"129\" height=\"17\" \/><\/a><\/p>\n","protected":false},"excerpt":{"rendered":"<p>Es gab Zeiten, in denen sich die Deutschen als Weltmeister der Allgemeinbildung einsch\u00e4tzten. Sp\u00e4testens seit der Pisa-Studie br\u00f6ckelt das Selbstvertrauen. Politiker, P\u00e4dagogen und viele andere gebildete Menschen ringen nun um Konzepte, im Pisa-Ranking wieder einen der vorderen Pl\u00e4tze einzunehmen. Zu &hellip; <a href=\"https:\/\/thinking.holistic-net.de\/?page_id=275&#038;lang=de\">Weiterlesen <span class=\"meta-nav\">&rarr;<\/span><\/a><\/p>\n","protected":false},"author":7,"featured_media":0,"parent":116,"menu_order":0,"comment_status":"open","ping_status":"open","template":"","meta":{"footnotes":""},"class_list":["post-275","page","type-page","status-publish","hentry"],"_links":{"self":[{"href":"https:\/\/thinking.holistic-net.de\/index.php?rest_route=\/wp\/v2\/pages\/275","targetHints":{"allow":["GET"]}}],"collection":[{"href":"https:\/\/thinking.holistic-net.de\/index.php?rest_route=\/wp\/v2\/pages"}],"about":[{"href":"https:\/\/thinking.holistic-net.de\/index.php?rest_route=\/wp\/v2\/types\/page"}],"author":[{"embeddable":true,"href":"https:\/\/thinking.holistic-net.de\/index.php?rest_route=\/wp\/v2\/users\/7"}],"replies":[{"embeddable":true,"href":"https:\/\/thinking.holistic-net.de\/index.php?rest_route=%2Fwp%2Fv2%2Fcomments&post=275"}],"version-history":[{"count":3,"href":"https:\/\/thinking.holistic-net.de\/index.php?rest_route=\/wp\/v2\/pages\/275\/revisions"}],"predecessor-version":[{"id":812,"href":"https:\/\/thinking.holistic-net.de\/index.php?rest_route=\/wp\/v2\/pages\/275\/revisions\/812"}],"up":[{"embeddable":true,"href":"https:\/\/thinking.holistic-net.de\/index.php?rest_route=\/wp\/v2\/pages\/116"}],"wp:attachment":[{"href":"https:\/\/thinking.holistic-net.de\/index.php?rest_route=%2Fwp%2Fv2%2Fmedia&parent=275"}],"curies":[{"name":"wp","href":"https:\/\/api.w.org\/{rel}","templated":true}]}}