{"id":250,"date":"2013-01-17T16:57:15","date_gmt":"2013-01-17T16:57:15","guid":{"rendered":"http:\/\/wp1117171.wp153.webpack.hosteurope.de\/thinksbtf\/thinking\/?page_id=250"},"modified":"2013-01-17T16:57:15","modified_gmt":"2013-01-17T16:57:15","slug":"zweitverwertung-der-berufserfahrung","status":"publish","type":"page","link":"https:\/\/thinking.holistic-net.de\/?page_id=250&lang=de","title":{"rendered":"\u201eZweitverwertung\u201c der Berufserfahrung"},"content":{"rendered":"<p>Mit einem Freund aus der IT-Branche \u00fcberlegte ich k\u00fcrzlich die (Gesch\u00e4fts-)Idee, ob wir mit einer \u201eZweitverwertung\u201c unserer Berufserfahrung ein paar Euro dazuverdienen k\u00f6nnten. Die wirtschaftliche Lage in Deutschland \u00fcberflutet derzeit die Wenigsten von uns mit Umsatz, bietet aber eine Menge Ans\u00e4tze, unseren Berufsalltag kabarettistisch zu inszenieren.<\/p>\n<p>Ausl\u00f6ser unserer\u00a0 Diskussion war die m\u00fchsame Darbietung einer James-Bond-Comedy-Truppe beim IBM Business Partner Camp, eine bedr\u00fcckend flache Darstellung zwischen Action und Slapstick. War die \u00c4hnlichkeit zur Politik beabsichtigt oder Zufall? Mit einer eigenen Vorf\u00fchrung h\u00e4tten wir jedenfalls den Unterhaltungswert aus dem Stegreif toppen k\u00f6nnen.<\/p>\n<p>Es gelang uns aber nicht, den Business Case \u201eIT-Kabarett\u201c gesund zu rechnen. Da brachten selbst ein paar K\u00f6lsch keinen rechnerischen ROI. Mit anderen Worten: Was k\u00f6nnte ein IT-Kabarett inhaltlich bieten? Und existiert \u00fcberhaupt ein Zuschauer, der sich f\u00fcr eine solche Leistung interessiert?<\/p>\n<p>Nat\u00fcrlich kennen wir eine F\u00fclle von brancheninternen Schoten, die sich entweder um Bill Gates oder den d\u00fcmmsten anzunehmenden User ranken. Aber schon am heimischen K\u00fcchentisch finden diese Witzchen keinen Abnehmer. Der branchenfremde Lebensabschnittsgef\u00e4hrte oder die Gef\u00e4hrtin blicken verst\u00e4ndnislos drein und die Kinder kratzen sich demonstrativ unter der Achsel. Lediglich bei geschlossenen IT-Stammtischen werden Witze aus der Branche verstanden, lassen aber das Gef\u00fchl zur\u00fcck, dass es schon bessere Abende gab. Sieht ganz so aus, als ob die Gr\u00fcndung eines IT-Kabaretts zu den riskanten Business Cases z\u00e4hlt.<\/p>\n<p>Kabarett besteht weniger aus plumpen Witzen. \u201eSex and Crime\u201c ist immer ein Garant f\u00fcr Publikumsinteresse. In der IT-Branche: Fehlanzeige. Sie ist \u00e4hnlich der Bankbranche unsexy. Das mag an der schwierigen erotischen Zuordnung der Besch\u00e4ftigungsobjekte liegen: die Software, die Hardware, das Consulting, das Geld, der TechDax. \u00dcber alkoholbedingte Entgleisungen zu Messezeiten sollte vornehm geschwiegen werden. Die Crime-Elemente beschr\u00e4nken sich auf Wirtschaftskriminalit\u00e4t, und nichts ist langweiliger als diese Sparte. Lediglich jeder 25. Tatort-Krimi strapaziert diesen Kriminalit\u00e4tssektor.<\/p>\n<p>Auf der weiteren Suche nach der gesellschaftlichen Relevanz \u201emeiner\u201c Branche habe ich die Literaturbeilage der \u201eZeit\u201c zur Frankfurter Buchmesse durchgebl\u00e4ttert.<\/p>\n<p>Teil 1: Belletristik \u2013 da stehen andere Themen zur Diskussion.<\/p>\n<p>Teil 2: Kinder- und Jugendbuch ist verst\u00e4ndlicherweise auch kein Bezug zu finden, obwohl durchaus Themen denkbar w\u00e4ren.<\/p>\n<p>Teil 3: Politisches Buch. Ich ahnte es. IT ist absolut apolitisch, keiner Erw\u00e4hnung wert.<\/p>\n<p>Teil 4: Sachbuch, meine Hoffnung auf den Nachweis gesellschaft\u00adlicher Relevanz. Aber entweder haben die Zeit-Redakteure kein Interesse an IT-Themen oder entsprechende Werke sind in Frankfurt nicht aufgefallen.<\/p>\n<p>Teil 5: Musik \u2013 gl\u00fccklicherweise (noch) ohne IT.<\/p>\n<p>Ein weiteres Indiz f\u00fcr die mangelnde Relevanz unserer Branche: Ich habe meine Tochter gefragt, ob in GZSZ Computerthemen eine Rolle spielen. Ihre Antwort: Null. Nicht mal im werbetr\u00e4chtigen Product Placement scheint die IT-Branche aktiv zu sein.<\/p>\n<p>Kabarettistische Verwertung von IT-Themen scheint derzeit auf einem genauso d\u00fcnnen und gef\u00e4hrlichen Brett zu stehen, wie so vieles andere in unserem Land. Wir bleiben also dabei, den einen oder anderen Insiderscherz als Testballon auf branchen\u00fcbergreifenden Partys zu starten. Und wir achten sensibel darauf, ob nur aus H\u00f6flichkeit geschmunzelt wird oder wieder einer pr\u00e4ventiv lacht, weil er Witze sowieso nie versteht.<\/p>\n","protected":false},"excerpt":{"rendered":"<p>Mit einem Freund aus der IT-Branche \u00fcberlegte ich k\u00fcrzlich die (Gesch\u00e4fts-)Idee, ob wir mit einer \u201eZweitverwertung\u201c unserer Berufserfahrung ein paar Euro dazuverdienen k\u00f6nnten. Die wirtschaftliche Lage in Deutschland \u00fcberflutet derzeit die Wenigsten von uns mit Umsatz, bietet aber eine Menge &hellip; <a href=\"https:\/\/thinking.holistic-net.de\/?page_id=250&#038;lang=de\">Weiterlesen <span class=\"meta-nav\">&rarr;<\/span><\/a><\/p>\n","protected":false},"author":7,"featured_media":0,"parent":118,"menu_order":0,"comment_status":"open","ping_status":"open","template":"","meta":{"footnotes":""},"class_list":["post-250","page","type-page","status-publish","hentry"],"_links":{"self":[{"href":"https:\/\/thinking.holistic-net.de\/index.php?rest_route=\/wp\/v2\/pages\/250","targetHints":{"allow":["GET"]}}],"collection":[{"href":"https:\/\/thinking.holistic-net.de\/index.php?rest_route=\/wp\/v2\/pages"}],"about":[{"href":"https:\/\/thinking.holistic-net.de\/index.php?rest_route=\/wp\/v2\/types\/page"}],"author":[{"embeddable":true,"href":"https:\/\/thinking.holistic-net.de\/index.php?rest_route=\/wp\/v2\/users\/7"}],"replies":[{"embeddable":true,"href":"https:\/\/thinking.holistic-net.de\/index.php?rest_route=%2Fwp%2Fv2%2Fcomments&post=250"}],"version-history":[{"count":2,"href":"https:\/\/thinking.holistic-net.de\/index.php?rest_route=\/wp\/v2\/pages\/250\/revisions"}],"predecessor-version":[{"id":252,"href":"https:\/\/thinking.holistic-net.de\/index.php?rest_route=\/wp\/v2\/pages\/250\/revisions\/252"}],"up":[{"embeddable":true,"href":"https:\/\/thinking.holistic-net.de\/index.php?rest_route=\/wp\/v2\/pages\/118"}],"wp:attachment":[{"href":"https:\/\/thinking.holistic-net.de\/index.php?rest_route=%2Fwp%2Fv2%2Fmedia&parent=250"}],"curies":[{"name":"wp","href":"https:\/\/api.w.org\/{rel}","templated":true}]}}