{"id":245,"date":"2013-01-17T16:55:15","date_gmt":"2013-01-17T16:55:15","guid":{"rendered":"http:\/\/wp1117171.wp153.webpack.hosteurope.de\/thinksbtf\/thinking\/?page_id=245"},"modified":"2013-02-22T10:01:04","modified_gmt":"2013-02-22T09:01:04","slug":"der-unmundige-verbraucher","status":"publish","type":"page","link":"https:\/\/thinking.holistic-net.de\/?page_id=245&lang=de","title":{"rendered":"Der (un)m\u00fcndige Verbraucher!"},"content":{"rendered":"<p>Nicht alles was angesagt ist, ist gut. Das gilt insbesondere f\u00fcr die hemmungslose Fusionsmanie von Firmen \u2013 egal ob feindlich, freundlich oder sonst wie betitelt. Dies kann wirklich nicht im Sinne der Verbraucher sein. Und hier sind wir alle Verbraucher. Die Mechanismen sind einleuchtend und einfach. Beispiel Larry Ellison, der derzeit kaum Aufwand betreibt, um den wahren Hintergrund seines Handelns zu kaschieren. Gem\u00e4\u00df einer leicht modifizierten Pfadfinder-Weisheit ist nur jeder tote Wettbewerber ein guter Wettbewerber. Peoplesoft frisst J.D. Edwards, Oracle frisst Peoplesoft und wer frisst Oracle?<\/p>\n<p><img loading=\"lazy\" decoding=\"async\" alt=\"5_2003\" src=\"http:\/\/wp1117171.wp112.webpack.hosteurope.de\/thinksbtf\/thinking\/wp-content\/uploads\/2013\/01\/5_2003.jpg\" width=\"571\" height=\"76\" \/><\/p>\n<p>Dieselben Analysten, die vor Wochen gerade diesen Unternehmen eine \u201efull range productline\u201c attestiert haben, sagen nun: \u201ePasst doch gut zusammen, der eine ist hier stark, der andere dort. Alles gut f\u00fcr den Verbraucher.\u201c Monarchistische Claqueure, Pressegelaber zur Ruhigstellung des unm\u00fcndigen Verbrauchers. Wer kann denn so naiv sein zu glauben, dass irgendeine dieser \u201eKonsolidierungen\u201c zum Nutzen des Verbrauchers ist? Das k\u00f6nnen doch nur die Leute sein, die sich \u00fcber jede Mitteilung in der Yellow Press freuen \u2013 weil sie sich bereits als Teil der bedachten Schicht w\u00e4hnen, inklusive Yacht, Harem oder Schloss. Wo bleibt Bodenhaftung?<\/p>\n<p>Ich finde es gut, dass sich die Stadt M\u00fcnchen f\u00fcr Linux als Basis ihrer Infrastruktur entschieden hat. Selbst der Wei\u00dfbier-Abend von Ude mit Ballmer hat daran nichts mehr ge\u00e4ndert. Peinlich und gleichzeitig erstaunlich ist es, dass gerade eine Beh\u00f6rde, \u2013 die doch sonst als eher unflexibel und risikoscheu gilt \u2013, den Industrieunternehmen so eine Entscheidung vormacht. Vielleicht haben die M\u00fcnchner auch das Risiko gescheut, sich Microsoft mit Haut und Haaren auszuliefern. Oder ging es ausnahmsweise mal um das Prinzip, dem Lobbyismus und der Mauschelei einen Riegel vorzuschieben?<\/p>\n<p>Ich sto\u00dfe dabei nicht in das Horn \u201eAlle gegen Microsoft\u201c, sondern in das der freien Marktwirtschaft. Die Meldung in der Computerwoche, dass Schily \u201emit Microsoft und IBM Rahmenvertr\u00e4ge abgeschlossen hat, um den Beh\u00f6rden eine gr\u00f6\u00dfere Flexibilit\u00e4t bei der Auswahl zu erm\u00f6glichen\u201c, halte ich eher f\u00fcr einen Scherz. Wo ist denn da die Auswahl? Notes oder Exchange, damit hat sich\u2019s denn auch.<\/p>\n<p>Noch besser sieht es da auf bundespolitischer Ebene aus. Dass die CDU ausgerechnet jetzt das schnelle Inkrafttreten eines Gesetzes zum Schutz des Verbrauchers vor kriminellen Machenschaften mit 0190er-Telefonnummern verhindert hat, macht mich fassungslos. Selbst die vorgesehenen Kulanzzeiten bis zur Wirksamkeit, die im Gesetz vereinbart sind, sind der reinste Hohn. Vermutlich unter der Bremswirkung m\u00e4chtiger Lobbyisten wurde der Verbraucher und dessen Auslieferung an wirtschaftliche Interessen einfach au\u00dfer Acht gelassen. Wer soll denn da gesch\u00fctzt werden? Die automatischen Einnahmequellen?<\/p>\n<p>Die Rubrik \u201eErfahrungen im Berufsleben\u201c darf in dieser Ausf\u00fchrung nicht fehlen: Es geht um Flexibilit\u00e4t, Beratung und Kundenn\u00e4he bei der Lufthansa. Einer taiwanesischen Austauschsch\u00fclerin (Lebendgewicht unter 45 Kilo) wollte die Lufthansa beim Check-In 450 Euro f\u00fcr zehn Kilo \u00dcbergewicht-Gep\u00e4ck abkn\u00f6pfen. Handgep\u00e4ck hatte sie keines mehr. Nebenan liefen Mitb\u00fcrger der so genannten offenen Gewichtsklasse mit vier prallvollen Aldi-T\u00fcten in den gleichen Flieger. Erst durch eine unerm\u00fcdliche Debatte konnte die Angelegenheit doch noch zufriedenstellend geregelt werden. Wo bleibt hier die Ausgewogenheit?<\/p>\n<p>Ein unzureichend gesch\u00fctzter Web-Server, den wir bewusst vor unsere Firewall gestellt haben, hat genau 24 Stunden \u00fcberlebt. Dann war er mit mehreren GByte M\u00fcll beladen. Man k\u00f6nnte fast zur Erkenntnis kommen, dass das Zerst\u00f6rungspotenzial in unserer Gesellschaft dem Konstruktiven die Waage h\u00e4lt. Aber zumindest Firewall-Hersteller sehen das ja auch wieder gesch\u00e4ftsf\u00f6rdernd.<\/p>\n<p>Erst wenn jeder einzelne Verbraucher sich selbst besser einbringt und seine Vorstellungen formuliert, wird sich der Markt und das \u201eStaats-Management\u201c auf ihn einstellen. Dann reduzieren sich die Spielchen mit dem Verbraucher und dessen Geld! Aber erst dann!<\/p>\n<p style=\"text-align: right;\"><a href=\"http:\/\/wp1117171.wp112.webpack.hosteurope.de\/thinksbtf\/thinking\/?attachment_id=759\" rel=\"attachment wp-att-759\"><img loading=\"lazy\" decoding=\"async\" alt=\"Glosse_Pfeil\" src=\"http:\/\/wp1117171.wp112.webpack.hosteurope.de\/thinksbtf\/thinking\/wp-content\/uploads\/2013\/01\/Glosse_Pfeil1.jpg\" width=\"129\" height=\"17\" \/><\/a><\/p>\n","protected":false},"excerpt":{"rendered":"<p>Nicht alles was angesagt ist, ist gut. Das gilt insbesondere f\u00fcr die hemmungslose Fusionsmanie von Firmen \u2013 egal ob feindlich, freundlich oder sonst wie betitelt. Dies kann wirklich nicht im Sinne der Verbraucher sein. Und hier sind wir alle Verbraucher. &hellip; <a href=\"https:\/\/thinking.holistic-net.de\/?page_id=245&#038;lang=de\">Weiterlesen <span class=\"meta-nav\">&rarr;<\/span><\/a><\/p>\n","protected":false},"author":7,"featured_media":0,"parent":118,"menu_order":0,"comment_status":"open","ping_status":"open","template":"","meta":{"footnotes":""},"class_list":["post-245","page","type-page","status-publish","hentry"],"_links":{"self":[{"href":"https:\/\/thinking.holistic-net.de\/index.php?rest_route=\/wp\/v2\/pages\/245","targetHints":{"allow":["GET"]}}],"collection":[{"href":"https:\/\/thinking.holistic-net.de\/index.php?rest_route=\/wp\/v2\/pages"}],"about":[{"href":"https:\/\/thinking.holistic-net.de\/index.php?rest_route=\/wp\/v2\/types\/page"}],"author":[{"embeddable":true,"href":"https:\/\/thinking.holistic-net.de\/index.php?rest_route=\/wp\/v2\/users\/7"}],"replies":[{"embeddable":true,"href":"https:\/\/thinking.holistic-net.de\/index.php?rest_route=%2Fwp%2Fv2%2Fcomments&post=245"}],"version-history":[{"count":3,"href":"https:\/\/thinking.holistic-net.de\/index.php?rest_route=\/wp\/v2\/pages\/245\/revisions"}],"predecessor-version":[{"id":775,"href":"https:\/\/thinking.holistic-net.de\/index.php?rest_route=\/wp\/v2\/pages\/245\/revisions\/775"}],"up":[{"embeddable":true,"href":"https:\/\/thinking.holistic-net.de\/index.php?rest_route=\/wp\/v2\/pages\/118"}],"wp:attachment":[{"href":"https:\/\/thinking.holistic-net.de\/index.php?rest_route=%2Fwp%2Fv2%2Fmedia&parent=245"}],"curies":[{"name":"wp","href":"https:\/\/api.w.org\/{rel}","templated":true}]}}