{"id":229,"date":"2013-01-17T14:05:22","date_gmt":"2013-01-17T14:05:22","guid":{"rendered":"http:\/\/wp1117171.wp153.webpack.hosteurope.de\/thinksbtf\/thinking\/?page_id=229"},"modified":"2013-02-20T16:11:23","modified_gmt":"2013-02-20T15:11:23","slug":"auf-der-suche-nach-verlasslichem","status":"publish","type":"page","link":"https:\/\/thinking.holistic-net.de\/?page_id=229&lang=de","title":{"rendered":"Auf der Suche nach Verl\u00e4sslichem"},"content":{"rendered":"<p>Am 11.9. eine Glosse zu schreiben, die am 11.10. erscheint, ist eine undankbare Aufgabe. Die Gedanken kreisen in ganz anderen Richtungen, denn heute ist ein Tag, an dem sogar Vielflieger lieber auf dem Boden bleiben. Und f\u00fcr den 11.10. haben vielleicht knapp 40 Millionen Bundesb\u00fcrger bereits ihre Auswanderung geplant. Denn dieser Teil der deutschen Bev\u00f6lkerung m\u00f6chte dem m\u00f6glichen Gesetz, nur noch Tischdecken, Bettw\u00e4sche und Unterw\u00e4sche in wei\u00df-blauem Rautendesign zu benutzen, nicht Folge leisten.<\/p>\n<p><img loading=\"lazy\" decoding=\"async\" alt=\"7_2002\" src=\"http:\/\/wp1117171.wp112.webpack.hosteurope.de\/thinksbtf\/thinking\/wp-content\/uploads\/2013\/01\/7_2002.jpg\" width=\"572\" height=\"76\" \/><\/p>\n<p>Die anderen 40 Millionen Einwohner \u2013 abz\u00fcglich derer, die bereits eine Lederhose besitzen \u2013 stehen vielleicht euphorisch Schlange nach Lederhosen. Diese werden seit der Bundestagswahl von vier Millionen ehemaligen Arbeitslosen auf bayrischen Almh\u00fctten in der Herbstsonne gen\u00e4ht.<\/p>\n<p>M\u00f6glicherweise hat bis dahin George W. Bush die Relevanz von Tischdecken und Bettw\u00e4sche ohnehin gegen Null getrieben, so dass Deutschland ganz andere Probleme bewegt als textile Muster.<\/p>\n<p>Im Oktober kann auch alles ganz anders sein: Der Kandidat ist dort, wo er hinpasst, und Bush sucht nach wie vor Mitspieler, um die Welt in amerikanischem Sinne abzurunden.<\/p>\n<p>Verl\u00e4ssliches gibt es jedenfalls am 11.9.2002 nicht \u2013 auch in der IT nicht. Das ist der Stand: Momentaner Renner f\u00fcr IT-Dienstleister ist die EDV-technische Umsetzung von Unternehmensfusionen und -Separationen. Das Sch\u00f6ne daran ist, dass die Entscheidung zu solchen Resortierungen in der Industrie- und Bankenlandschaft auf h\u00f6chster Ebene getroffen wird. Die Notwendigkeit von IT-Restruk\u00adturierungen folgt wie das Amen in der Kirche. F\u00fcr den IT-Dienst\u00adleister ist das bequem, er muss sich nicht st\u00e4ndig f\u00fcr revolution\u00e4re Ideen und deren Kosten rechtfertigen, sondern kann immer sagen: \u201eIhr habt es so gewollt! Wir erledigen allein das, was f\u00fcr euer zuk\u00fcnftiges Arbeiten nun unerl\u00e4sslich ist.\u201c Andererseits sind es spannende Projekte, weil sie an Heterogenit\u00e4t und der Auseinandersetzung mit so genannten \u201egewachsenen Umgebungen\u201c kaum zu \u00fcberbieten sind. Gr\u00fcne Wiese ist doch langweilig!<\/p>\n<p>Wer jedoch Spa\u00df an sehr gr\u00fcnen Wiesen hat, sollte sich mit Websphere Studio Application Developer 4.0 besch\u00e4ftigen. WebSphere ist eine mystische Quelle des Reichtums f\u00fcr IT-Dienstleister. Einmal durchleuchtet, wandelt sie sich jedoch zur Projektplattform mit dem gleichen \u00c4rgerpotenzial wie jede andere Plattform auch. Es ist allerdings ein Schuss mehr an Arroganz zu entdecken. Aber wer wird Entwicklungsumgebungen kritisieren, die als Lizenz zum Gelddrucken gehandelt werden?<\/p>\n<p>Eine ganz und gar nicht gr\u00fcne Wiese ist die Website von Lotus. In fr\u00fcheren Jahren waren viele im Herbst schon ganz nerv\u00f6s, weil die Anmeldung zur Lotusphere anstand. Ich sehe der Veranstaltung zumindest buchungstechnisch ganz gelassen entgegen. Denn \u00fcber die normale Navigation der Site www.lotus.com ist es mir gar nicht gelungen, Informationen \u00fcber diesen beliebten Event zu erhalten. Die Strukturen der IBM-Websites sind \u00e4u\u00dferst nebul\u00f6s. Erst die Suche unter dem Stichwort \u201eLotusphere\u201c f\u00fchrt zu einem direkten Link. Angeklickt folgt die Ank\u00fcndigung des Termins und die Aufforderung an den Interessenten, weitere Entwicklungen im Oktober zu beobachten.<\/p>\n<p>Fr\u00fcher h\u00e4tte mich so etwas zum Anlegen eines Wiedervorlagedokumentes an jedem Tag im Oktober bewegt. Ich beobachte ohnehin aufmerksam das weltweite Geschehen, daher l\u00e4sst mich das heute eher kalt. Vielleicht liegt es auch einfach daran, dass man \u00e4lter wird und cooler mit solchen Highlights des Berufslebens umgehen kann.<\/p>\n<p>Vielleicht liegt es einfach daran, dass man \u00e4lter wird &#8230;<\/p>\n","protected":false},"excerpt":{"rendered":"<p>Am 11.9. eine Glosse zu schreiben, die am 11.10. erscheint, ist eine undankbare Aufgabe. Die Gedanken kreisen in ganz anderen Richtungen, denn heute ist ein Tag, an dem sogar Vielflieger lieber auf dem Boden bleiben. Und f\u00fcr den 11.10. haben &hellip; <a href=\"https:\/\/thinking.holistic-net.de\/?page_id=229&#038;lang=de\">Weiterlesen <span class=\"meta-nav\">&rarr;<\/span><\/a><\/p>\n","protected":false},"author":7,"featured_media":0,"parent":120,"menu_order":0,"comment_status":"open","ping_status":"open","template":"","meta":{"footnotes":""},"class_list":["post-229","page","type-page","status-publish","hentry"],"_links":{"self":[{"href":"https:\/\/thinking.holistic-net.de\/index.php?rest_route=\/wp\/v2\/pages\/229","targetHints":{"allow":["GET"]}}],"collection":[{"href":"https:\/\/thinking.holistic-net.de\/index.php?rest_route=\/wp\/v2\/pages"}],"about":[{"href":"https:\/\/thinking.holistic-net.de\/index.php?rest_route=\/wp\/v2\/types\/page"}],"author":[{"embeddable":true,"href":"https:\/\/thinking.holistic-net.de\/index.php?rest_route=\/wp\/v2\/users\/7"}],"replies":[{"embeddable":true,"href":"https:\/\/thinking.holistic-net.de\/index.php?rest_route=%2Fwp%2Fv2%2Fcomments&post=229"}],"version-history":[{"count":2,"href":"https:\/\/thinking.holistic-net.de\/index.php?rest_route=\/wp\/v2\/pages\/229\/revisions"}],"predecessor-version":[{"id":717,"href":"https:\/\/thinking.holistic-net.de\/index.php?rest_route=\/wp\/v2\/pages\/229\/revisions\/717"}],"up":[{"embeddable":true,"href":"https:\/\/thinking.holistic-net.de\/index.php?rest_route=\/wp\/v2\/pages\/120"}],"wp:attachment":[{"href":"https:\/\/thinking.holistic-net.de\/index.php?rest_route=%2Fwp%2Fv2%2Fmedia&parent=229"}],"curies":[{"name":"wp","href":"https:\/\/api.w.org\/{rel}","templated":true}]}}