{"id":227,"date":"2013-01-17T14:04:50","date_gmt":"2013-01-17T14:04:50","guid":{"rendered":"http:\/\/wp1117171.wp153.webpack.hosteurope.de\/thinksbtf\/thinking\/?page_id=227"},"modified":"2013-02-20T16:09:53","modified_gmt":"2013-02-20T15:09:53","slug":"renaissance-des-surrealismus","status":"publish","type":"page","link":"https:\/\/thinking.holistic-net.de\/?page_id=227&lang=de","title":{"rendered":"Renaissance des Surrealismus"},"content":{"rendered":"<p>F\u00fcr uns Normalb\u00fcrger ist es schwer, das Treiben der \u201eGro\u00dfen\u201c angemessen zu bewerten. Was bedeuten 30 Milliarden US-Dollar Verschuldung f\u00fcr ein Unternehmen wie Worldcom, 15 Millionen Euro Abfindung f\u00fcr Ron Sommer oder Spenden eines R\u00fcstungslobbyisten an deutsche Politiker in H\u00f6he von 500.000 Euro? T\u00e4glich werden wir aus den Nachrichten mit neuen, ungreifbaren Zahlen konfrontiert, bei denen die Nullen im Mittelpunkt stehen. Es gelingt mir leider nicht, diese Unsummen mit meinem beruflichen und pers\u00f6n\u00adlichen Alltag in Einklang zu bringen.<\/p>\n<p><img loading=\"lazy\" decoding=\"async\" alt=\"6_2002\" src=\"http:\/\/wp1117171.wp112.webpack.hosteurope.de\/thinksbtf\/thinking\/wp-content\/uploads\/2013\/01\/6_2002.jpg\" width=\"572\" height=\"76\" \/><\/p>\n<p>Versuchsweise helfe ich mir mit kleinen Rechenexempeln. Bei der Worldcom-Insolvenz zum Beispiel ist die Deutsche Bank laut Presse\u00adangaben mit etwa einer Milliarde Euro betroffen. Wollten die Bundesb\u00fcrger die Deutschen Bank aus nationalem Mitleid in dieser misslichen Lage unterst\u00fctzen (rein hypothetisch), dann m\u00fcsste jeder der rund 82 Millionen Bundesb\u00fcrger schlappe 12,20 Euro zahlen \u2013 ich pers\u00f6nlich w\u00e4re als Familienvater mit 61 Euro betroffen. Gerechter w\u00e4re es, nur die Erwerbst\u00e4tigen zur Spende zu bitten. Dann k\u00e4me mein Beitrag auf etwa 32 Euro. Und Ronnis Abfindung bedeutet gerade einmal ein Ortsgespr\u00e4ch pro Bundesb\u00fcrger. Das ist doch der Rede gar nicht wert. So gesehen ist alles nur halb so schlimm. Allerdings d\u00fcrften sich solche kollektiven Spendenaufrufe nicht stark h\u00e4ufen.<\/p>\n<p>Einen anderen, technischen Surrealismus habe ich zum wiederholten Mal w\u00e4hrend meines Urlaubs auf dem Campingplatz beobachtet. Fern von der Heimat kann eine Normalfamilie vermeintlich nur mit zwei bis vier Handys, einem Notebook, einer Digitalkamera, ein bis zwei MiniDisc-Playern oder vergleichbarem Instrumentarium \u00fcberleben. Selbstverst\u00e4ndlich verf\u00fcgen all diese Dinge \u00fcber ein propriet\u00e4res Ladeger\u00e4t. Da nicht jeder einzelne Standplatz mit Strom versorgt wird, treibt das Laden des unverzichtbaren Technik-Equipments bunte Bl\u00fcten.<\/p>\n<p>Der begehrte Strom ist sinnvollerweise im Waschhaus verf\u00fcgbar. Anf\u00e4nger schlie\u00dfen dort einfach ihre Ger\u00e4te an und legen sich anschlie\u00dfend in die H\u00e4ngematte. Das spart das Abholen. Die Sachen sind nach kurzer Zeit ohnehin weg. Profis kennen die nahezu perfekte Sicherungsma\u00dfnahme: Alle Ger\u00e4te werden an eine Zehnfachsteckdose geh\u00e4ngt und in eine gro\u00dfe abschlie\u00dfbare Alukiste gelegt. Nur das Kabel der Steckdose ragt heraus und wird im Waschhaus angeschlossen. (Tipp: Von einer aufgeklebten St\u00fcckliste ist abzusehen.) Die Kiste selbst ist mit einem soliden Fahrradschloss am Abflussrohr befestigt. Dabei k\u00f6nnen nur noch zwei Dinge \u201edumm laufen\u201c: Ein netter Camper zieht den Stecker oder im Waschhaus fliegt die Sicherung raus.<\/p>\n<p>Zur\u00fcck zur Welt der \u201eGro\u00dfen\u201c. In wenigen Wochen sind Bundestagswahlen. Bis dahin kann der eine oder andere Politiker durchaus noch an der<br \/>\nDopingkontrolle scheitern oder mit privat verflogenen Lufthansa-Meilen abst\u00fcrzen. F\u00fcr Stoiber und Spa\u00dfpolitiker Westerwelle bleibt genug Zeit, gemeinsam die absolute Steuerbefreiung bei gleichzeitig freier Kost und Logis in bayerischen Hotels zu versprechen. M\u00f6g\u00adlicherweise wechseln Ebbers und Sommer in der Zeitung auf die Sportseite, denn hier stehen H\u00f6chstleistungen in allen Disziplinen. Und wir fragen uns weiter: Was ist eigentlich real, was ist surreal \u2013 und was ist einfach nur Spa\u00df?!<\/p>\n<p><i>Nachtrag, November\u00a0 2008: Der scherzhafte Vorschlag verzockte Milliarden durch B\u00fcrgerspenden auszugleichen hat uns inzwischen eingeholt, auch wenn es nicht \u00fcber freiwillige Spenden, sondern indirekt \u00fcber Steuern und Sparma\u00dfnahmen bei regul\u00e4ren staatlichen Aufgaben l\u00e4uft.<\/i><\/p>\n","protected":false},"excerpt":{"rendered":"<p>F\u00fcr uns Normalb\u00fcrger ist es schwer, das Treiben der \u201eGro\u00dfen\u201c angemessen zu bewerten. Was bedeuten 30 Milliarden US-Dollar Verschuldung f\u00fcr ein Unternehmen wie Worldcom, 15 Millionen Euro Abfindung f\u00fcr Ron Sommer oder Spenden eines R\u00fcstungslobbyisten an deutsche Politiker in H\u00f6he &hellip; <a href=\"https:\/\/thinking.holistic-net.de\/?page_id=227&#038;lang=de\">Weiterlesen <span class=\"meta-nav\">&rarr;<\/span><\/a><\/p>\n","protected":false},"author":7,"featured_media":0,"parent":120,"menu_order":0,"comment_status":"open","ping_status":"open","template":"","meta":{"footnotes":""},"class_list":["post-227","page","type-page","status-publish","hentry"],"_links":{"self":[{"href":"https:\/\/thinking.holistic-net.de\/index.php?rest_route=\/wp\/v2\/pages\/227","targetHints":{"allow":["GET"]}}],"collection":[{"href":"https:\/\/thinking.holistic-net.de\/index.php?rest_route=\/wp\/v2\/pages"}],"about":[{"href":"https:\/\/thinking.holistic-net.de\/index.php?rest_route=\/wp\/v2\/types\/page"}],"author":[{"embeddable":true,"href":"https:\/\/thinking.holistic-net.de\/index.php?rest_route=\/wp\/v2\/users\/7"}],"replies":[{"embeddable":true,"href":"https:\/\/thinking.holistic-net.de\/index.php?rest_route=%2Fwp%2Fv2%2Fcomments&post=227"}],"version-history":[{"count":3,"href":"https:\/\/thinking.holistic-net.de\/index.php?rest_route=\/wp\/v2\/pages\/227\/revisions"}],"predecessor-version":[{"id":714,"href":"https:\/\/thinking.holistic-net.de\/index.php?rest_route=\/wp\/v2\/pages\/227\/revisions\/714"}],"up":[{"embeddable":true,"href":"https:\/\/thinking.holistic-net.de\/index.php?rest_route=\/wp\/v2\/pages\/120"}],"wp:attachment":[{"href":"https:\/\/thinking.holistic-net.de\/index.php?rest_route=%2Fwp%2Fv2%2Fmedia&parent=227"}],"curies":[{"name":"wp","href":"https:\/\/api.w.org\/{rel}","templated":true}]}}