{"id":223,"date":"2013-01-17T14:03:38","date_gmt":"2013-01-17T14:03:38","guid":{"rendered":"http:\/\/wp1117171.wp153.webpack.hosteurope.de\/thinksbtf\/thinking\/?page_id=223"},"modified":"2013-02-20T16:06:00","modified_gmt":"2013-02-20T15:06:00","slug":"frischer-wind-fur-unsere-konjunktur","status":"publish","type":"page","link":"https:\/\/thinking.holistic-net.de\/?page_id=223&lang=de","title":{"rendered":"Frischer Wind f\u00fcr unsere Konjunktur"},"content":{"rendered":"<p>Nun also geht\u00b4s los mit dem Aufschwung. Die Industrieproduktion ist im ersten Quartal 2002 wieder um 0,25 Prozent gestiegen \u2013 das macht Hoffnung. Am Neuen Markt werden die letzten Bereini\u00adgungen vorgenommen. Sogar Verhaftungen spielen sich dabei ab. Das ist wie im Finanzkrimi und erh\u00f6ht die Spannung. Neue Firmen haben Aufstellung bezogen, um ja nicht den Startschuss f\u00fcr die n\u00e4chsten sieben fetten Jahre zu verpassen.<\/p>\n<p><img loading=\"lazy\" decoding=\"async\" alt=\"4_2002\" src=\"http:\/\/wp1117171.wp112.webpack.hosteurope.de\/thinksbtf\/thinking\/wp-content\/uploads\/2013\/01\/4_2002.jpg\" width=\"572\" height=\"76\" \/><\/p>\n<p>Im Ernst, es gibt wirklich genug zu tun, und das Geld wurde auch nicht abgeschafft. IT-Infrastrukturen und Anwendungsportfolios lassen sich nicht vereisen oder mit Fixativ bespr\u00fchen, damit sie ohne weitere Investitionen konserviert bleiben. Bereits in den achtziger Jahren war von einem Anwendungsstau die Rede, der eher auf technologische Gr\u00fcnde zur\u00fcckzuf\u00fchren war. Heute sehe ich einen Anwendungsstau, der sich durch die investive Zur\u00fcckhaltung der letzten beiden Jahre ergeben hat.<\/p>\n<p>Wir sollten uns wieder auf solides, faires Business konzentrieren. Wenn sich die genannten 0,25 Prozent zu 0,5 Prozent entwickeln oder daraus gar ein echtes ganzes Prozent wird, dann d\u00fcrfen wir beim Kunden auch mal das Wort \u201eInnovation\u201c in den Mund nehmen.<\/p>\n<p>Angesichts der strapazierten Kassen allerorten habe ich zum Beispiel eine Empfehlung f\u00fcr IBM. Denn das Pricing des IBM Software Symposions 2002 in Wien ist mit 1.850 Euro etwas entglitten. Die Beschreibung \u201eIBM presents the most powerful e-business software portfolio on the planet under one roof\u201c klingt zwar gigantisch, aber wir wollen das doch nicht \u00fcber eine Konferenzgeb\u00fchr komplett finanzieren. Es ist verst\u00e4ndlich, dass die vielen W\u00e4hrungen einschlie\u00dflich Euro f\u00fcr Verwirrungen sorgen. Aber es ist doch nicht damit getan, eine bekannte Ziffernfolge zu nehmen \u2013 beispielsweise 1850 \u2013, dann nach einem schicken Sonderzeichen \u2013 etwa f\u00fcr den Euro \u2013 zu suchen und dieses schn\u00f6de hinter die Ziffernfolge zu h\u00e4ngen.<\/p>\n<p>Informieren, Business Partner binden und neue Business Partner gewinnen, sollten f\u00fcr IBM die Ziele solcher Veranstaltungen sein. Kosten von 1.850 Euro muten dem Besucher eher nach Melkvorgang an. Vielleicht folgt das Pricing der Philosophie: \u201eJeder Handgriff ist ein Profit Center\u201c oder \u201eWas man hat, das hat man.\u201c<\/p>\n<p>Als Ausgleich f\u00fcr diese zarte Kritik weise ich ausdr\u00fccklich darauf hin, dass man mit IBM auch sehr positive Erfahrungen machen kann. Unser Business Partner-Betreuer geh\u00f6rt zu diesen Lichtblicken.<\/p>\n<p>Zur\u00fcck zur wachsenden Konjunktur. Das n\u00e4chste strategische Kurz-Meeting ruft, der n\u00e4chste Kunde steht in einer Stunde vor der T\u00fcr. Los geht\u00b4s!<\/p>\n<p>PS: Ich bin bereit, meinen Worten auch Taten folgen zu lassen und werde meinen Beitrag zum Aufschwung leisten.<\/p>\n","protected":false},"excerpt":{"rendered":"<p>Nun also geht\u00b4s los mit dem Aufschwung. Die Industrieproduktion ist im ersten Quartal 2002 wieder um 0,25 Prozent gestiegen \u2013 das macht Hoffnung. Am Neuen Markt werden die letzten Bereini\u00adgungen vorgenommen. Sogar Verhaftungen spielen sich dabei ab. Das ist wie &hellip; <a href=\"https:\/\/thinking.holistic-net.de\/?page_id=223&#038;lang=de\">Weiterlesen <span class=\"meta-nav\">&rarr;<\/span><\/a><\/p>\n","protected":false},"author":7,"featured_media":0,"parent":120,"menu_order":0,"comment_status":"open","ping_status":"open","template":"","meta":{"footnotes":""},"class_list":["post-223","page","type-page","status-publish","hentry"],"_links":{"self":[{"href":"https:\/\/thinking.holistic-net.de\/index.php?rest_route=\/wp\/v2\/pages\/223","targetHints":{"allow":["GET"]}}],"collection":[{"href":"https:\/\/thinking.holistic-net.de\/index.php?rest_route=\/wp\/v2\/pages"}],"about":[{"href":"https:\/\/thinking.holistic-net.de\/index.php?rest_route=\/wp\/v2\/types\/page"}],"author":[{"embeddable":true,"href":"https:\/\/thinking.holistic-net.de\/index.php?rest_route=\/wp\/v2\/users\/7"}],"replies":[{"embeddable":true,"href":"https:\/\/thinking.holistic-net.de\/index.php?rest_route=%2Fwp%2Fv2%2Fcomments&post=223"}],"version-history":[{"count":2,"href":"https:\/\/thinking.holistic-net.de\/index.php?rest_route=\/wp\/v2\/pages\/223\/revisions"}],"predecessor-version":[{"id":710,"href":"https:\/\/thinking.holistic-net.de\/index.php?rest_route=\/wp\/v2\/pages\/223\/revisions\/710"}],"up":[{"embeddable":true,"href":"https:\/\/thinking.holistic-net.de\/index.php?rest_route=\/wp\/v2\/pages\/120"}],"wp:attachment":[{"href":"https:\/\/thinking.holistic-net.de\/index.php?rest_route=%2Fwp%2Fv2%2Fmedia&parent=223"}],"curies":[{"name":"wp","href":"https:\/\/api.w.org\/{rel}","templated":true}]}}