{"id":215,"date":"2013-01-17T14:01:22","date_gmt":"2013-01-17T14:01:22","guid":{"rendered":"http:\/\/wp1117171.wp153.webpack.hosteurope.de\/thinksbtf\/thinking\/?page_id=215"},"modified":"2013-02-20T15:36:28","modified_gmt":"2013-02-20T14:36:28","slug":"ubergangszeiten","status":"publish","type":"page","link":"https:\/\/thinking.holistic-net.de\/?page_id=215&lang=de","title":{"rendered":"\u00dcbergangszeiten"},"content":{"rendered":"<p>Wir leben in unruhigen Zeiten. Das ist nichts Neues, und sicherlich wiederhole ich mich. Aber es besch\u00e4ftigt mich, wenn zielstrebige harte Gesch\u00e4ftsm\u00e4nner zu Zweiflern werden. Und es gibt beinahe t\u00e4glich einen Anlass daf\u00fcr.<\/p>\n<p>Zum Beispiel die Er\u00f6ffnung der Online-Registrierung zur Lotus\u00adphere 2002: In den letzten Jahren war das ein Datum, dem viele entgegengefiebert haben. Denn es ging immer das Ger\u00fccht umher, dass \u2013 wenn \u00fcberhaupt \u2013 nur die Schnellsten und Schlauesten eine Chance h\u00e4tten, einen der begehrten Pl\u00e4tze zu bekommen. Der Eingang der elektronischen Confirmation f\u00fcr die gelungene Registrierung kam Baldrian in Eimern gleich.<\/p>\n<p><img loading=\"lazy\" decoding=\"async\" alt=\"8_2001\" src=\"http:\/\/wp1117171.wp112.webpack.hosteurope.de\/thinksbtf\/thinking\/wp-content\/uploads\/2013\/01\/8_2001.jpg\" width=\"572\" height=\"76\" \/><\/p>\n<p>Heuer ist es jedoch anders. Das Interesse ist gebremst. Manche argumentieren ihren Verzicht mit betriebswirtschaftlichen Bedenken, einige zweifeln pl\u00f6tzlich am Sinn der Veranstaltung. \u201eDie haben doch schon im Vorjahr gespart, das wird in 2002 noch d\u00fcnner!\u201c Andere sind ehrlich: \u201eMilzbrand brauch\u2019 ich nicht!\u201c oder \u201eIch fahre mit der Bahn!\u201c Eine Anmelde-Statistik mit Vorjahrsvergleich w\u00fcrde sicherlich erschreckende Zahlen aufweisen.<\/p>\n<p>Hektische, voreilige Flugbuchungen bei Gesellschaften, die im Januar nur noch auf Urlaubsvideos existieren werden, sind ohnehin nicht anzuraten. Meine Empfehlung: Alles in Ruhe auf sich zukommen lassen.<\/p>\n<p>Dann gibt es noch den ewigen Kampf Exchange gegen Domino. Am Montag flattert mir ein Email in die Box. Eine gro\u00dfe bundesweite Institution m\u00f6chte komplett von Exchange auf Domino umstellen und ruft deswegen alle kompetenten Dienstleister aus den Start\u00adl\u00f6chern. Also volle Kraft voraus! Erkenntnis: Endlich haben es alle gemerkt. Domino ist besser als Exchange.<\/p>\n<p>Am darauf folgenden Tag versuche ich mit einer Pr\u00e4sentation bei einem anderen Kunden ein CMS-Projekt zu akquirieren und werbe wortreich f\u00fcr Lotus Domino als Basis-Software. Der Gesch\u00e4ftsf\u00fchrer erstickt mit einer \u201ehoffnungsvollen\u201c Bemerkung alles im Keim: \u201eDomino haben wir gerade herausgeworfen. Der Dienstleister hat das Office-System nicht zum Laufen gebracht und ist jetzt offensichtlich pleite. Wir stellen auf Exchange um!\u201c Ob meine R\u00fcckzugsbemerkung: \u201eDer Domino-Server als CMS-Backend kann brav neben einem Exchange-Server stehen!\u201c nutzen wird &#8230; wer wei\u00df? Jegliche differenzierte Argumentation scheint hinf\u00e4llig.<\/p>\n<p>Wenn mal nicht gerade die Schlacht Microsoft gegen IBM\/Lotus auf der Agenda steht, dann geht es um Websphere oder Domino. Mit dem selbst auferlegten Motto \u201eWettbewerb und freie Marktwirtschaft in jeder Lebenslage\u201c wird so mancher Nerv geopfert. Der Adrenalin\u00adspiegel muss hochgehalten werden.<\/p>\n","protected":false},"excerpt":{"rendered":"<p>Wir leben in unruhigen Zeiten. Das ist nichts Neues, und sicherlich wiederhole ich mich. Aber es besch\u00e4ftigt mich, wenn zielstrebige harte Gesch\u00e4ftsm\u00e4nner zu Zweiflern werden. Und es gibt beinahe t\u00e4glich einen Anlass daf\u00fcr. Zum Beispiel die Er\u00f6ffnung der Online-Registrierung zur &hellip; <a href=\"https:\/\/thinking.holistic-net.de\/?page_id=215&#038;lang=de\">Weiterlesen <span class=\"meta-nav\">&rarr;<\/span><\/a><\/p>\n","protected":false},"author":7,"featured_media":0,"parent":122,"menu_order":0,"comment_status":"open","ping_status":"open","template":"","meta":{"footnotes":""},"class_list":["post-215","page","type-page","status-publish","hentry"],"_links":{"self":[{"href":"https:\/\/thinking.holistic-net.de\/index.php?rest_route=\/wp\/v2\/pages\/215","targetHints":{"allow":["GET"]}}],"collection":[{"href":"https:\/\/thinking.holistic-net.de\/index.php?rest_route=\/wp\/v2\/pages"}],"about":[{"href":"https:\/\/thinking.holistic-net.de\/index.php?rest_route=\/wp\/v2\/types\/page"}],"author":[{"embeddable":true,"href":"https:\/\/thinking.holistic-net.de\/index.php?rest_route=\/wp\/v2\/users\/7"}],"replies":[{"embeddable":true,"href":"https:\/\/thinking.holistic-net.de\/index.php?rest_route=%2Fwp%2Fv2%2Fcomments&post=215"}],"version-history":[{"count":2,"href":"https:\/\/thinking.holistic-net.de\/index.php?rest_route=\/wp\/v2\/pages\/215\/revisions"}],"predecessor-version":[{"id":700,"href":"https:\/\/thinking.holistic-net.de\/index.php?rest_route=\/wp\/v2\/pages\/215\/revisions\/700"}],"up":[{"embeddable":true,"href":"https:\/\/thinking.holistic-net.de\/index.php?rest_route=\/wp\/v2\/pages\/122"}],"wp:attachment":[{"href":"https:\/\/thinking.holistic-net.de\/index.php?rest_route=%2Fwp%2Fv2%2Fmedia&parent=215"}],"curies":[{"name":"wp","href":"https:\/\/api.w.org\/{rel}","templated":true}]}}