{"id":205,"date":"2013-01-17T13:57:25","date_gmt":"2013-01-17T13:57:25","guid":{"rendered":"http:\/\/wp1117171.wp153.webpack.hosteurope.de\/thinksbtf\/thinking\/?page_id=205"},"modified":"2013-02-20T15:30:10","modified_gmt":"2013-02-20T14:30:10","slug":"quo-vadis-lotus","status":"publish","type":"page","link":"https:\/\/thinking.holistic-net.de\/?page_id=205&lang=de","title":{"rendered":"Quo vadis, Lotus?"},"content":{"rendered":"<p>Wieder stehe ich vor dem Dilemma, dass meine Leser eine lustige Glosse erwarten, die vergangenen beiden Monaten jedoch wenig\u00a0 Am\u00fcsantes geboten haben. Mir scheint die IT-Branche ohnehin etwas gehemmt, was Belustigungen betrifft. Auch kulturell gilt sie nicht als besonders ergiebig. Und wenn man dar\u00fcber hinaus wie das Karnickel auf die Schlange guckt, sind die Geschichten, die das Leben schreibt, eher der trockeneren Art.<\/p>\n<p><img loading=\"lazy\" decoding=\"async\" alt=\"3_2001\" src=\"http:\/\/wp1117171.wp112.webpack.hosteurope.de\/thinksbtf\/thinking\/wp-content\/uploads\/2013\/01\/3_2001.jpg\" width=\"572\" height=\"76\" \/><\/p>\n<p>F\u00fcr die einen Karnickel ist der Nemax 50 die Schlange, f\u00fcr die anderen ist es der Investor oder auch der Chef mit seinem in ein Excel-Sheet gemei\u00dfelten Gesch\u00e4ftsmodell. F\u00fcr manche ist es \u201enur\u201c die Computerwoche, die sie beim Durchlesen schon wieder zu drei Vierteln nicht verstehen.<\/p>\n<p>F\u00fcr Lotus-Mitarbeiter ist es IBM.<\/p>\n<p>Der Spatzengesang auf den D\u00e4chern ist in den letzten Monaten zum Posaunenchor angeschwollen: Der Weg der Lotus Development Corporation von der innovativen Softwareschmiede zum \u201eIBM brand\u201c ist vollzogen. Als tr\u00f6stender Ritterschlag wird die Marke Lotus zum \u201epower brand\u201c geadelt. Die Entwicklung ist eigentlich vollkommen logisch, und mancher h\u00e4tte die nahtlose Eingliederung von Lotus in die IBM schon viel fr\u00fcher erwartet. Aber wenn\u00b4s dann endg\u00fcltig passiert, reiben sich doch Beobachter und Betroffene die \u00c4uglein. Der letzte Feierabend-Umtrunk &#8211; mir ist der amerikanische Fachausdruck gerade entfallen &#8211; auf dem CeBIT-Messestand war gepr\u00e4gt von emsigen Film- und Fotoaufnahmen, und das war mehr als das Ausprobieren der neuesten Digitaltechnik. Es war der Abschied vom letzten Lotus CeBIT-Messestand und der Schimmer einer Tr\u00e4ne war in manchem Auge zu sehen. Das eine oder andere gelb-schwarze T-Shirt wird wohl in Folie geschwei\u00dft werden, um es sp\u00e4ter den Enkelkindern zeigen zu k\u00f6nnen.<\/p>\n<p>Was mich etwas erstaunt, ist die asymptotische N\u00e4herung an den Lichtschalter. So richtig ausmachen will ihn keiner, es scheint mehr ein Dimmen zu sein. Da hat die Branche schon H\u00e4rteres erlebt. Manches Licht wird mit der 54er-Magnum ausgeschossen.<\/p>\n<p>Wenden wir uns den konstruktiven Perspektiven zu: Lotus wird neben DB2, Websphere und Tivoli eine von vier \u201epower brands\u201c in der IBM-Softwarewelt. Die exakte Positionierung der Lotus-Assets wird weiter fortschreiten, manches Kleinod wird von der Bildfl\u00e4che verschwinden, das eine oder andere Produkt wird unter dem starken IBM-Logo zur Institution im Softwaremarkt werden. Es ist w\u00fcnschenswert, dass sich diese Entwicklung f\u00fcr Business-Partner und Endkunden transparent vollzieht, damit wir nicht in Investitionsgr\u00e4ben laufen. Also, liebe IBM-Leute, gebt uns rechtzeitig Bescheid, was ihr plant \u2013 so weit ihr es \u00fcberhaupt wisst!<\/p>\n<p>Zum Schluss noch teilweise Erfreuliches: Einer meiner Lebenstr\u00e4ume ist der Clipboard Stack, also die M\u00f6glichkeit, mehrere Dinge hintereinander ins Clipboard zu nehmen ohne das Vorhergehende zu l\u00f6schen. Das hat Billy jetzt in Office 2000 realisieren lassen. Danke! So kann man auch mit kleinen Sachen Benutzern eine Freude machen. In Lotus Notes geht das noch nicht, aber mit der Power von IBM &#8230; \u00dcber weitere Lebenstr\u00e4ume informiere ich Sie das n\u00e4chste Mal.<\/p>\n","protected":false},"excerpt":{"rendered":"<p>Wieder stehe ich vor dem Dilemma, dass meine Leser eine lustige Glosse erwarten, die vergangenen beiden Monaten jedoch wenig\u00a0 Am\u00fcsantes geboten haben. Mir scheint die IT-Branche ohnehin etwas gehemmt, was Belustigungen betrifft. Auch kulturell gilt sie nicht als besonders ergiebig. &hellip; <a href=\"https:\/\/thinking.holistic-net.de\/?page_id=205&#038;lang=de\">Weiterlesen <span class=\"meta-nav\">&rarr;<\/span><\/a><\/p>\n","protected":false},"author":7,"featured_media":0,"parent":122,"menu_order":0,"comment_status":"open","ping_status":"open","template":"","meta":{"footnotes":""},"class_list":["post-205","page","type-page","status-publish","hentry"],"_links":{"self":[{"href":"https:\/\/thinking.holistic-net.de\/index.php?rest_route=\/wp\/v2\/pages\/205","targetHints":{"allow":["GET"]}}],"collection":[{"href":"https:\/\/thinking.holistic-net.de\/index.php?rest_route=\/wp\/v2\/pages"}],"about":[{"href":"https:\/\/thinking.holistic-net.de\/index.php?rest_route=\/wp\/v2\/types\/page"}],"author":[{"embeddable":true,"href":"https:\/\/thinking.holistic-net.de\/index.php?rest_route=\/wp\/v2\/users\/7"}],"replies":[{"embeddable":true,"href":"https:\/\/thinking.holistic-net.de\/index.php?rest_route=%2Fwp%2Fv2%2Fcomments&post=205"}],"version-history":[{"count":2,"href":"https:\/\/thinking.holistic-net.de\/index.php?rest_route=\/wp\/v2\/pages\/205\/revisions"}],"predecessor-version":[{"id":689,"href":"https:\/\/thinking.holistic-net.de\/index.php?rest_route=\/wp\/v2\/pages\/205\/revisions\/689"}],"up":[{"embeddable":true,"href":"https:\/\/thinking.holistic-net.de\/index.php?rest_route=\/wp\/v2\/pages\/122"}],"wp:attachment":[{"href":"https:\/\/thinking.holistic-net.de\/index.php?rest_route=%2Fwp%2Fv2%2Fmedia&parent=205"}],"curies":[{"name":"wp","href":"https:\/\/api.w.org\/{rel}","templated":true}]}}