{"id":199,"date":"2013-01-17T13:51:54","date_gmt":"2013-01-17T13:51:54","guid":{"rendered":"http:\/\/wp1117171.wp153.webpack.hosteurope.de\/thinksbtf\/thinking\/?page_id=199"},"modified":"2013-02-20T15:26:54","modified_gmt":"2013-02-20T14:26:54","slug":"vom-elektronischen-handel-zum-unsittlichen-kommerz","status":"publish","type":"page","link":"https:\/\/thinking.holistic-net.de\/?page_id=199&lang=de","title":{"rendered":"Vom elektronischen Handel zum &#8222;unsittlichen&#8220; Kommerz"},"content":{"rendered":"<p>W\u00e4hrend meines Studiums &#8211; seinerzeit &#8211; schrieb ich ein kleines\u00a0\u00a0\u00a0 PASCAL-Programm, das die H\u00e4ufigkeit der einzelnen Buchstaben in ASCII-Dateien statistisch darstellte. Das war nicht sonderlich intellektuell, aber just, wenn man nach einer kleinen Stehgreif\u00fcbung sucht, f\u00e4llt einem oft nichts von gro\u00dfer Tragweite ein.<\/p>\n<p>Bereits meine damaligen akademischen Forschungen bewiesen, dass der Buchstabe &#8222;E&#8220; der absolute Renner ist. Die Analyse moderner Texte aus der IT-Branche mit besagtem PASCAL-Programm zeigt dar\u00fcber hinaus, dass das &#8222;E&#8220; seinen Vorsprung in gigantischem Rahmen ausweitet.<\/p>\n<p><img loading=\"lazy\" decoding=\"async\" alt=\"7_2000\" src=\"http:\/\/wp1117171.wp112.webpack.hosteurope.de\/thinksbtf\/thinking\/wp-content\/uploads\/2013\/01\/7_2000.jpg\" width=\"571\" height=\"76\" \/><\/p>\n<p>Es gibt im Prinzip kein Substantiv mehr, vor das man nicht ein &#8222;E&#8220; h\u00e4ngen k\u00f6nnte. IBM hat zu dieser E-Revolution gewaltig beigetragen und fragt unbedarfte Kunden: &#8222;Are you ready for e-business?&#8220; Wenn der Kunde mit spitzen Fingern zugreift, geht es Schlag auf Schlag weiter: E-Commerce, E-Banking,<\/p>\n<p>E-Shop, E-Learning, E-Bay, E-Books, E-Communication usw.<br \/>\nE-Mail ist schon lange ein alter Hut und E-Suite leider verstorben.<\/p>\n<p>Wenn in der Freizeitbranche gefragt wird: &#8222;Was kommt nach dem Kickboard?&#8220;, hei\u00dft es im IT-Bereich: &#8222;Was folgt dem &#8222;E&#8220;, wenn das IT-Marketing nach Neuem lechzt?&#8220;<\/p>\n<p>Andere Buchstaben dr\u00e4ngen bereits massiv nach und drohen das &#8222;E&#8220; auf\u00b4s Abstellgleis zu schieben. W\u00fcrden einzelne Buchstaben am Neuen Markt gehandelt, w\u00e4ren das &#8222;M&#8220; f\u00fcr &#8222;mobile&#8220; und das &#8222;P&#8220; f\u00fcr &#8222;pervasive&#8220; die hei\u00dfen Tipps. Entsprechende Tendenzen lassen sich beim Durchbl\u00e4ttern der IT-Magazine erkennen. Bedenken habe ich allerdings beim Begriff &#8222;pervasive&#8220;.<\/p>\n<p>Entweder das &#8222;P&#8220; setzt sich so schnell durch, dass niemand mehr die Bedeutung hinterfragt oder es entsteht dasselbe Problem wie vor Jahren mit dem Begriff &#8222;residente Programme&#8220;. Noch heute schwa\u00addronieren IT-Fachleute \u00fcber &#8222;resistente&#8220; oder gar &#8222;renitente&#8220; Pro\u00adgramme, wenn sie \u00fcber die alten DOS-Zeiten berichten. Wer aber hindert diese Sprachk\u00fcnstler daran, in Zukunft \u00fcber &#8222;perversen&#8220; Commerce oder andere unsittlichen Varianten zu sinnieren?<\/p>\n<p>Wenn irgendwann alles E- und M- und P- ist, k\u00f6nnen die Pr\u00e4fixe wieder gestrichen werden, da sie dann keinen differenzierenden Aussagewert mehr besitzen.<\/p>\n<p>H\u00e4ufig werde ich gefragt, ob ich meine Glosse nicht in Richtung Klatschreport ausdehnen m\u00f6chte. Manche behaupten sogar, mich extra zu Veranstaltungen einzuladen, damit ich Glossenmaterial bekomme. Aus gesch\u00e4ftlichen Gr\u00fcnden sind mir aber redaktionelle Handschellen angelegt, somit eigne ich mich vor meiner Pensionierung nur teilweise als Klatschreporter.<\/p>\n<p>Auf der Lotusphere in Berlin beobachtete ich \u00fcbrigens einen Herrn am Buffet, der sich exakt sechs kurze W\u00fcrstchen auf seinen Teller legt. Ich kenne das als &#8222;N\u00fcrnberger W\u00fcrstchen&#8220; aus dem ICE-Restaurant und vermutete, dass er aus N\u00fcrnberg sei und sprach ihn an. Und tats\u00e4chlich &#8211; er kam aus F\u00fcrth. Es geht eben nichts \u00fcber das korrekte Anwenden von Alltagsgebr\u00e4uchen &#8211; die \u00fcberdies noch ohne jegliche &#8222;Vorsilben&#8220; auskommen.<\/p>\n<p>Bevor ich&#8217;s vergesse: Eine Frage bewegt mich noch. Vielleicht kann sie mir einer der G\u00e4ste des Beacon Award Dinners auf der Lotusphere beantworten: War es wirklich Whitney Houston oder ein Double? Und wenn es kein Double war, was hat ihr Auftritt gekostet?<\/p>\n","protected":false},"excerpt":{"rendered":"<p>W\u00e4hrend meines Studiums &#8211; seinerzeit &#8211; schrieb ich ein kleines\u00a0\u00a0\u00a0 PASCAL-Programm, das die H\u00e4ufigkeit der einzelnen Buchstaben in ASCII-Dateien statistisch darstellte. Das war nicht sonderlich intellektuell, aber just, wenn man nach einer kleinen Stehgreif\u00fcbung sucht, f\u00e4llt einem oft nichts von &hellip; <a href=\"https:\/\/thinking.holistic-net.de\/?page_id=199&#038;lang=de\">Weiterlesen <span class=\"meta-nav\">&rarr;<\/span><\/a><\/p>\n","protected":false},"author":7,"featured_media":0,"parent":124,"menu_order":0,"comment_status":"open","ping_status":"open","template":"","meta":{"footnotes":""},"class_list":["post-199","page","type-page","status-publish","hentry"],"_links":{"self":[{"href":"https:\/\/thinking.holistic-net.de\/index.php?rest_route=\/wp\/v2\/pages\/199","targetHints":{"allow":["GET"]}}],"collection":[{"href":"https:\/\/thinking.holistic-net.de\/index.php?rest_route=\/wp\/v2\/pages"}],"about":[{"href":"https:\/\/thinking.holistic-net.de\/index.php?rest_route=\/wp\/v2\/types\/page"}],"author":[{"embeddable":true,"href":"https:\/\/thinking.holistic-net.de\/index.php?rest_route=\/wp\/v2\/users\/7"}],"replies":[{"embeddable":true,"href":"https:\/\/thinking.holistic-net.de\/index.php?rest_route=%2Fwp%2Fv2%2Fcomments&post=199"}],"version-history":[{"count":2,"href":"https:\/\/thinking.holistic-net.de\/index.php?rest_route=\/wp\/v2\/pages\/199\/revisions"}],"predecessor-version":[{"id":682,"href":"https:\/\/thinking.holistic-net.de\/index.php?rest_route=\/wp\/v2\/pages\/199\/revisions\/682"}],"up":[{"embeddable":true,"href":"https:\/\/thinking.holistic-net.de\/index.php?rest_route=\/wp\/v2\/pages\/124"}],"wp:attachment":[{"href":"https:\/\/thinking.holistic-net.de\/index.php?rest_route=%2Fwp%2Fv2%2Fmedia&parent=199"}],"curies":[{"name":"wp","href":"https:\/\/api.w.org\/{rel}","templated":true}]}}