{"id":193,"date":"2013-01-17T13:49:33","date_gmt":"2013-01-17T13:49:33","guid":{"rendered":"http:\/\/wp1117171.wp153.webpack.hosteurope.de\/thinksbtf\/thinking\/?page_id=193"},"modified":"2013-02-20T15:23:40","modified_gmt":"2013-02-20T14:23:40","slug":"expo-aufschlag-fur-lotus-notes","status":"publish","type":"page","link":"https:\/\/thinking.holistic-net.de\/?page_id=193&lang=de","title":{"rendered":"EXPO-Aufschlag f\u00fcr Lotus Notes"},"content":{"rendered":"<p>Als Speerspitze der Lotus-Business-Partner in der EXPO-Stadt Hannover hat man eine gewisse Verpflichtung, \u00fcber dieses Gro\u00dfereignis zu berichten. Mit Erscheinen dieses Heftes sollte die grandiose Er\u00f6ffnungsveranstaltung gerade \u00fcber die B\u00fchne gegangen sein. Passend w\u00e4re die Story \u201cEXPO-Gesellschaft nutzt Lotus Notes als weltweites Informations- und Kommunikationssystem\u201d oder wenigstens \u201cEXPO-Webserver unter Lotus Domino\u201d. Leider sehe ich mich au\u00dferstande, solche Erfolgsmeldungen zu bieten. Mir ist nicht bekannt, ob Lotus Softwaretechnologie in irgendeinem L\u00e4nder-Pavillon \u00f6ffentlich oder im Back-Office Einzug gefunden hat. Das Thema \u201cMensch, Natur, Technik\u201d ist zwangsweise nicht besonders EDV-lastig, wobei Technik am ehesten in diese Richtung tendiert.<\/p>\n<p><img loading=\"lazy\" decoding=\"async\" alt=\"4_2000\" src=\"http:\/\/wp1117171.wp112.webpack.hosteurope.de\/thinksbtf\/thinking\/wp-content\/uploads\/2013\/01\/4_2000.jpg\" width=\"571\" height=\"76\" \/><\/p>\n<p>In den fr\u00fchen Anf\u00e4ngen der EXPO hatten wir uns als lokaler Dienstleister um Kontakte zu diversen Organisationskomitees bem\u00fcht. Ich hatte sogar Lotus auf dieses Marketingfeld aufmerksam gemacht, da der Bedarf an tauglichen EDV-Instrumentarien bei allen beteiligten Organisationen sicherlich enorm sein muss. Am Ende sind alle unsere halbherzigen Bem\u00fchungen gescheitert. Wir wussten auch nie genau, ob man sich mit dem Hinweis auf ein EXPO-Engagement blamiert oder Lorbeeren verdienen kann.<\/p>\n<p>Die US-Amerikaner waren clever und haben sich mit einem Nationenpavillon fein herausgehalten und somit Birgit Breuel einschlie\u00dflich ihrer Freunde vom Vorstand der Messe AG im Regen stehen gelassen. F\u00fcr Lotus w\u00e4re es jederzeit m\u00f6glich gewesen, dort als Vermarktungspartner einzusteigen, aber offenbar war die Kartoffel \u201cEXPO\u201d zu hei\u00df, zu kalt, zu teuer oder zu provinziell &#8211; wer wei\u00df? Amerika ist immerhin mit Coca-Cola und McDonalds vertreten, IBM ist ebenfalls Produkt-Partner. Letztere sind mir durch Werbung in diesem Zusammenhang jedoch noch nicht aufgefallen.<\/p>\n<p>Die Deutsche Bahn als Welt-Partner m\u00f6chte auf der EXPO keine Lorbeeren verdienen, es w\u00e4re unwahrscheinlich, dass das gelingt. Das Minimalziel bis zur EXPO-Er\u00f6ffnung lautet, die desolate Gro\u00dfbaustelle \u201cHauptbahnhof Hannover\u201d einigerma\u00dfen in den Griff zu bekommen. Alternativ zur Profilierung durch ordentliche Dienstleistung entschloss sich die Deutsche Bahn zum Abzocken der B\u00fcrger der Nieders\u00e4chsischen Landeshauptstadt und aller Reisender aus und nach Hannover, die \u00fcberhaupt nichts mit der EXPO zu tun haben. Die saftigen Zuschl\u00e4ge f\u00fcr Nicht-EXPO-Besucher werden sich w\u00e4hrend der Dauer der Ausstellung f\u00fcr die Mitarbeiter unseres Unternehmens\u00a0 sicher auf einige tausend Mark summieren, private Mehrkosten nicht mit eingerechnet.<\/p>\n<p>Nun sollte das hier nicht als Spendenaufruf f\u00fcr die Notes Development GmbH verstanden werden \u2013 was mich \u00e4rgert, ist die asoziale Idee der Bahn. Wie w\u00e4re es, wenn alle Lotus Business Partner, die f\u00fcr die Deutsche Bahn Dienstleistungen erbringen, zwischen 1. Juni und 31. Oktober 2000 einen EXPO-Aufschlag in ihre Rechnungen packen? Man muss das nicht rechtfertigen, schlie\u00dflich kann es die Deutsche Bahn auch nicht.<\/p>\n","protected":false},"excerpt":{"rendered":"<p>Als Speerspitze der Lotus-Business-Partner in der EXPO-Stadt Hannover hat man eine gewisse Verpflichtung, \u00fcber dieses Gro\u00dfereignis zu berichten. Mit Erscheinen dieses Heftes sollte die grandiose Er\u00f6ffnungsveranstaltung gerade \u00fcber die B\u00fchne gegangen sein. Passend w\u00e4re die Story \u201cEXPO-Gesellschaft nutzt Lotus Notes &hellip; <a href=\"https:\/\/thinking.holistic-net.de\/?page_id=193&#038;lang=de\">Weiterlesen <span class=\"meta-nav\">&rarr;<\/span><\/a><\/p>\n","protected":false},"author":7,"featured_media":0,"parent":124,"menu_order":0,"comment_status":"open","ping_status":"open","template":"","meta":{"footnotes":""},"class_list":["post-193","page","type-page","status-publish","hentry"],"_links":{"self":[{"href":"https:\/\/thinking.holistic-net.de\/index.php?rest_route=\/wp\/v2\/pages\/193","targetHints":{"allow":["GET"]}}],"collection":[{"href":"https:\/\/thinking.holistic-net.de\/index.php?rest_route=\/wp\/v2\/pages"}],"about":[{"href":"https:\/\/thinking.holistic-net.de\/index.php?rest_route=\/wp\/v2\/types\/page"}],"author":[{"embeddable":true,"href":"https:\/\/thinking.holistic-net.de\/index.php?rest_route=\/wp\/v2\/users\/7"}],"replies":[{"embeddable":true,"href":"https:\/\/thinking.holistic-net.de\/index.php?rest_route=%2Fwp%2Fv2%2Fcomments&post=193"}],"version-history":[{"count":2,"href":"https:\/\/thinking.holistic-net.de\/index.php?rest_route=\/wp\/v2\/pages\/193\/revisions"}],"predecessor-version":[{"id":676,"href":"https:\/\/thinking.holistic-net.de\/index.php?rest_route=\/wp\/v2\/pages\/193\/revisions\/676"}],"up":[{"embeddable":true,"href":"https:\/\/thinking.holistic-net.de\/index.php?rest_route=\/wp\/v2\/pages\/124"}],"wp:attachment":[{"href":"https:\/\/thinking.holistic-net.de\/index.php?rest_route=%2Fwp%2Fv2%2Fmedia&parent=193"}],"curies":[{"name":"wp","href":"https:\/\/api.w.org\/{rel}","templated":true}]}}