{"id":188,"date":"2013-01-17T12:48:04","date_gmt":"2013-01-17T12:48:04","guid":{"rendered":"http:\/\/wp1117171.wp153.webpack.hosteurope.de\/thinksbtf\/thinking\/?page_id=188"},"modified":"2013-02-20T15:21:16","modified_gmt":"2013-02-20T14:21:16","slug":"die-optimisten-die-realisten-und-die-nihilisten","status":"publish","type":"page","link":"https:\/\/thinking.holistic-net.de\/?page_id=188&lang=de","title":{"rendered":"Die Optimisten, die Realisten und die Nihilisten"},"content":{"rendered":"<p>Mein Gesch\u00e4ftsalltag besteht darin, vor gr\u00f6\u00dferen oder kleineren\u00a0\u00a0 Problemen zu stehen und unter Zeit- und Kostendruck die richtige Entscheidung zur L\u00f6sung dieser Probleme treffen zu m\u00fcssen. Dabei treffe ich intern wie extern auf drei Typen von \u201cBeratern&#8220;: Optimisten, Realisten und Nihilisten. Eigentlich sind f\u00fcr mich nur die Realisten von Interesse. Da die Optimisten und die Nihilisten aber oft mit Tarnkappen arbeiten, f\u00e4llt die richtige Selektion schwer.<\/p>\n<p><img loading=\"lazy\" decoding=\"async\" alt=\"2_2000\" src=\"http:\/\/wp1117171.wp112.webpack.hosteurope.de\/thinksbtf\/thinking\/wp-content\/uploads\/2013\/01\/2_2000.jpg\" width=\"571\" height=\"76\" \/><\/p>\n<p>Die Optimisten &#8211; auch als \u201cdie Oberschlauen&#8220; zu bezeichnen &#8211; rufen im Vorbeigehen: &#8222;Mach\u00b4n Update auf 5.01a!&#8220;, &#8222;Nimm DGW!&#8220;, &#8222;Nach einem Boot ist alles wieder gut!&#8220;, &#8222;Neuen Treiber aus\u00b4m Web dr\u00fcberbrezeln!&#8220;, &#8222;Ich mail dir \u00b4nen Workaround!&#8220; oder &#8222;PCs sind biologische Systeme. Manchmal l\u00f6st sich das von selbst!&#8220;.<\/p>\n<p>Die Realisten sagen mit Kopfkratzen: &#8222;Es gibt da zwei oder drei L\u00f6sungswege, das ist aber alles ausgesprochen viel Arbeit.&#8220;<\/p>\n<p>Die Nihilisten knurren: &#8222;Kannste vergessen!&#8220;, &#8222;Hat noch nie funktioniert!&#8220;, &#8222;Na denn viel Spa\u00df!&#8220;.<\/p>\n<p>Ein exemplarisches Problem bei uns ist seit Jahren die Entwicklung von multilingualen Applikationen und Add-On-Tools. Es besteht aus einem st\u00e4ndigen Hin und Her zwischen generellem Wegdiskutieren der notwendigen Mehrsprachigkeit, konzeptloser Doppel- und Dreifachpflege von Lotus Notes-Datenbanken, Implementierung einer LSA-konformen Mimik mit Tendenz zum Erw\u00fcrgen der Applikation bis hin zur Unpflegbarkeit. Und als Kr\u00f6nung gibt es auch noch<br \/>\nDomino Global Workbench. &#8222;Nimm doch endlich DGW&#8220;, sagte ein Optimist zu mir.<\/p>\n<p>Ich nahm es und taggte Strings bis ich unter mittleren Kreislaufpro-blemen litt &#8211; jeder Arbeitsschutzbeauftragte h\u00e4tte mich von meiner Strafarbeit erl\u00f6st. Immerhin, nach flei\u00dfiger \u00dcbersetzung von 500 Terms g\u00f6nnte ich mir hoch \u00fcber den Alpen die erste automatisch generierte \u201elanguage database&#8220; und landete mit einer pr\u00e4sentablen englischen Version der Applikation auf dem Flughafen von Venedig. Welche Teile der Strafarbeit jetzt kontinuierlich zu wiederholen sind, bleibt abzuwarten. Denn es war nur ein erster Test und die Quell\u00addatenbank wird sicher noch vielfach \u00fcberarbeitet werden.<\/p>\n<p>\u00dcbrigens sollte man beim Taggen im Flugzeug n\u00fcchtern sein, der Griff zur T\u00fcte ist sonst vorprogrammiert. Realistisch gesehen ist das alles ausgesprochen viel Arbeit.<\/p>\n<p>Ob die von Fachleuten ge\u00e4u\u00dferte Forderung, Lotus Notes eine professionelle Sprachressourcen-Verwaltung im Kern einzuverleiben, jemals realisiert wird? Welchen Lebensberater soll ich fragen?<\/p>\n<p>Die CeBIT 2000 wird wieder ein weltweites Treffen der Optimisten werden. Nur am fr\u00fchen Vormittag, wenn der Kampf gegen die Folgen der letzten Nacht noch im gestressten K\u00f6rper tobt, mutieren sie manchmal zu Nihilisten. Und am letzten Messetag, wenn die Leads gez\u00e4hlt sind und das heimische Office wieder ruft, werden manche wieder zu Realisten.<\/p>\n","protected":false},"excerpt":{"rendered":"<p>Mein Gesch\u00e4ftsalltag besteht darin, vor gr\u00f6\u00dferen oder kleineren\u00a0\u00a0 Problemen zu stehen und unter Zeit- und Kostendruck die richtige Entscheidung zur L\u00f6sung dieser Probleme treffen zu m\u00fcssen. Dabei treffe ich intern wie extern auf drei Typen von \u201cBeratern&#8220;: Optimisten, Realisten und &hellip; <a href=\"https:\/\/thinking.holistic-net.de\/?page_id=188&#038;lang=de\">Weiterlesen <span class=\"meta-nav\">&rarr;<\/span><\/a><\/p>\n","protected":false},"author":7,"featured_media":0,"parent":124,"menu_order":0,"comment_status":"open","ping_status":"open","template":"","meta":{"footnotes":""},"class_list":["post-188","page","type-page","status-publish","hentry"],"_links":{"self":[{"href":"https:\/\/thinking.holistic-net.de\/index.php?rest_route=\/wp\/v2\/pages\/188","targetHints":{"allow":["GET"]}}],"collection":[{"href":"https:\/\/thinking.holistic-net.de\/index.php?rest_route=\/wp\/v2\/pages"}],"about":[{"href":"https:\/\/thinking.holistic-net.de\/index.php?rest_route=\/wp\/v2\/types\/page"}],"author":[{"embeddable":true,"href":"https:\/\/thinking.holistic-net.de\/index.php?rest_route=\/wp\/v2\/users\/7"}],"replies":[{"embeddable":true,"href":"https:\/\/thinking.holistic-net.de\/index.php?rest_route=%2Fwp%2Fv2%2Fcomments&post=188"}],"version-history":[{"count":2,"href":"https:\/\/thinking.holistic-net.de\/index.php?rest_route=\/wp\/v2\/pages\/188\/revisions"}],"predecessor-version":[{"id":672,"href":"https:\/\/thinking.holistic-net.de\/index.php?rest_route=\/wp\/v2\/pages\/188\/revisions\/672"}],"up":[{"embeddable":true,"href":"https:\/\/thinking.holistic-net.de\/index.php?rest_route=\/wp\/v2\/pages\/124"}],"wp:attachment":[{"href":"https:\/\/thinking.holistic-net.de\/index.php?rest_route=%2Fwp%2Fv2%2Fmedia&parent=188"}],"curies":[{"name":"wp","href":"https:\/\/api.w.org\/{rel}","templated":true}]}}