{"id":186,"date":"2013-01-17T12:47:31","date_gmt":"2013-01-17T12:47:31","guid":{"rendered":"http:\/\/wp1117171.wp153.webpack.hosteurope.de\/thinksbtf\/thinking\/?page_id=186"},"modified":"2013-02-20T15:20:18","modified_gmt":"2013-02-20T14:20:18","slug":"das-volk-braucht-mythen-kaiser-und-konige","status":"publish","type":"page","link":"https:\/\/thinking.holistic-net.de\/?page_id=186&lang=de","title":{"rendered":"Das Volk braucht Mythen, Kaiser und K\u00f6nige"},"content":{"rendered":"<p>Es g\u00e4be verschiedene M\u00f6glichkeiten, in der Computerbranche f\u00fcr Aufsehen zu sorgen &#8211; zum Beispiel durch den Einsatz von echten Groupware-L\u00f6sungen anstelle von Email-Zentrifugen, durch die Anpassung von Computertechnologie an erfolgreiche Arbeitskul\u00adturen und nicht umgekehrt, oder durch die Erfindung echter Knowledge-Management Systeme anstelle satellitengest\u00fctzer Volltextrecherche. Aber das alles scheint etwas schwierig zu sein. Deshalb widmet sich die Branche lieber der Mythenbildung. In der Wortwahl sind dem C\u00e4sarenwahn dabei wenig Grenzen gesetzt. Man nehme den Mund so voll wie irgend m\u00f6glich.<\/p>\n<p><img loading=\"lazy\" decoding=\"async\" alt=\"1_2000\" src=\"http:\/\/wp1117171.wp112.webpack.hosteurope.de\/thinksbtf\/thinking\/wp-content\/uploads\/2013\/01\/1_2000.jpg\" width=\"572\" height=\"76\" \/><\/p>\n<p>Ein dynamischer Mensch aus Braunschweig will der Bill Gates der Groupware werden. Das Volk applaudiert und Herr Fleischmann macht sich im Aufsichtsrat n\u00fctzlich. Ob der besagte Mensch so reich, so m\u00e4chtig, so oft vor Gericht oder so beliebt wie Bill Gates sein m\u00f6chte, ist mir noch unklar. Naja, ich will kein Bill Gates werden, also werden wir wohl weiterhin gut miteinander auskommen.<\/p>\n<p>Die Herren Kagermann und Plattner verk\u00fcndeten auf der US-Sapphire in Philadelphia, dass sie \u201cin Zukunft den Desktop besitzen wollen&#8220;. Das Volk applaudiert. Ob die beiden das materiell meinen und mir meinen PC oder zumindest den Bildschirm abkaufen werden, wei\u00df ich nicht. Was kann man mit so vielen Desktops an\u00adfangen? Den Turmbau von Walldorf? Ich vermute, sie w\u00fcrden gerne bestimmen, was zuk\u00fcnftig auf meinem Desktop zu sehen ist. Naja, ich hoffe, dass ich da noch ein W\u00f6rtchen mitreden darf, denn h\u00fcbsch finde ich das nicht, was die Herren bis jetzt zu bieten haben &#8211; oder m\u00f6chten Sie immer so etwas wie SAPGUI auf Ihrem Bildschirm sehen?<\/p>\n<p>Bill Gates selbst wartet nicht ab, bis PC und Fernsehen techno\u00adlogisch auf einem Bildschirm vereint sind. Er bem\u00fcht sich jetzt schon einmal prophylaktisch um Fernsehrechte. Das Volk applaudiert. Die britische Fu\u00dfballiga soll den Ball unter Microsoft-\u00c4gide rollen lassen. Dann spielt Windows 98 gegen Windows 2000, die Tore werden auf dem rechten Lattenkreuz mit Windows-Controls versehen und es wird uns allen ein Vergn\u00fcgen sein. Naja, ich bin gespannt auf das Duell Kirch oder Middelhoff gegen Gates um die EU-Einheitsfernsehrechte im Jahr 2005.<\/p>\n<p>Das Volk jedoch ist begeistert \u00fcber M\u00e4nner, die das Schicksal in die Hand nehmen, die sagen: &#8222;Ich bin der Gr\u00f6\u00dfte!&#8220; oder &#8222;Ich will alles haben!&#8220;. Nicht jeden \u00f6ffentlich ge\u00e4u\u00dferten Anspruch kann die Fee sofort Realit\u00e4t werden lassen, aber das Marketing-Konzept stimmt dennoch. Das Volk wird die Aktien der C\u00e4saren in schwindelerregende H\u00f6hen treiben und irgendwann haben wir auch hier Kult-Verh\u00e4ltnisse wie in Nordkorea. Wer wird dann die Rolle vom Kim Il Sung einnehmen? Wessen Statue wird auf jedem Dorfplatz aufgestellt und verehrt werden?<\/p>\n<p>Gl\u00fccklicherweise gibt es noch Menschen, die sich diesen Mythen teilweise entziehen k\u00f6nnen. Als ich meiner Frau k\u00fcrzlich das Titelblatt des letzten Notes Magazins zeigte und sie fragte, ob sie den Surfer kenne, antwortete sie: &#8222;Ach, Fritz Burgd\u00f6rfer oder so \u00e4hnlich!\u201d<\/p>\n","protected":false},"excerpt":{"rendered":"<p>Es g\u00e4be verschiedene M\u00f6glichkeiten, in der Computerbranche f\u00fcr Aufsehen zu sorgen &#8211; zum Beispiel durch den Einsatz von echten Groupware-L\u00f6sungen anstelle von Email-Zentrifugen, durch die Anpassung von Computertechnologie an erfolgreiche Arbeitskul\u00adturen und nicht umgekehrt, oder durch die Erfindung echter Knowledge-Management &hellip; <a href=\"https:\/\/thinking.holistic-net.de\/?page_id=186&#038;lang=de\">Weiterlesen <span class=\"meta-nav\">&rarr;<\/span><\/a><\/p>\n","protected":false},"author":7,"featured_media":0,"parent":124,"menu_order":0,"comment_status":"open","ping_status":"open","template":"","meta":{"footnotes":""},"class_list":["post-186","page","type-page","status-publish","hentry"],"_links":{"self":[{"href":"https:\/\/thinking.holistic-net.de\/index.php?rest_route=\/wp\/v2\/pages\/186","targetHints":{"allow":["GET"]}}],"collection":[{"href":"https:\/\/thinking.holistic-net.de\/index.php?rest_route=\/wp\/v2\/pages"}],"about":[{"href":"https:\/\/thinking.holistic-net.de\/index.php?rest_route=\/wp\/v2\/types\/page"}],"author":[{"embeddable":true,"href":"https:\/\/thinking.holistic-net.de\/index.php?rest_route=\/wp\/v2\/users\/7"}],"replies":[{"embeddable":true,"href":"https:\/\/thinking.holistic-net.de\/index.php?rest_route=%2Fwp%2Fv2%2Fcomments&post=186"}],"version-history":[{"count":3,"href":"https:\/\/thinking.holistic-net.de\/index.php?rest_route=\/wp\/v2\/pages\/186\/revisions"}],"predecessor-version":[{"id":668,"href":"https:\/\/thinking.holistic-net.de\/index.php?rest_route=\/wp\/v2\/pages\/186\/revisions\/668"}],"up":[{"embeddable":true,"href":"https:\/\/thinking.holistic-net.de\/index.php?rest_route=\/wp\/v2\/pages\/124"}],"wp:attachment":[{"href":"https:\/\/thinking.holistic-net.de\/index.php?rest_route=%2Fwp%2Fv2%2Fmedia&parent=186"}],"curies":[{"name":"wp","href":"https:\/\/api.w.org\/{rel}","templated":true}]}}