{"id":182,"date":"2013-01-17T12:46:17","date_gmt":"2013-01-17T12:46:17","guid":{"rendered":"http:\/\/wp1117171.wp153.webpack.hosteurope.de\/thinksbtf\/thinking\/?page_id=182"},"modified":"2013-03-06T11:25:35","modified_gmt":"2013-03-06T10:25:35","slug":"hier-sind-die-milliarden-herr-finanzminister","status":"publish","type":"page","link":"https:\/\/thinking.holistic-net.de\/?page_id=182&lang=de","title":{"rendered":"Hier sind die Milliarden, Herr Finanzminister!"},"content":{"rendered":"<p>Bis vor einigen Jahren h\u00e4tte ich mit dem Begriff &#8222;Geldwerter Vorteil&#8220; \u00fcberhaupt nichts anfangen k\u00f6nnen. Entweder man hat Geld bar in der Hand oder eben nicht. \u00dcber die Jahre des Gesch\u00e4ftslebens haben mich unsere Steuerberater dar\u00fcber aufgekl\u00e4rt, welche grunds\u00e4tzlichen Vorstellungen das Finanzamt damit verbindet. Inzwischen entwickle ich mich regelrecht zur Sp\u00fcrnase f\u00fcr m\u00f6glichen geldwerten Vorteil und m\u00f6chte meine Ideen an den Finanzminister weitergeben.<\/p>\n<p><img loading=\"lazy\" decoding=\"async\" alt=\"5_1999\" src=\"http:\/\/wp1117171.wp112.webpack.hosteurope.de\/thinksbtf\/thinking\/wp-content\/uploads\/2013\/01\/5_1999.jpg\" width=\"573\" height=\"76\" \/><\/p>\n<p>Unser Entlohnungsmodell, jedem Mitarbeiter ein zu versteuerndes Festgehalt von 500,- DM zu zahlen und ihn unter der Hand mit einem Ferrari Testarossa als Firmenwagen, einem Rennpferd und einer\u00a0\u00a0 Yacht auszustatten, fiel beim Finanzamt durch bzw. erwies sich als Milchm\u00e4dchenrechnung. Weihnachtsfeiern werden durch den &#8222;geldwerten Vorteil&#8220; erheblich teurer als die Bewirtungsrechnung ausweist, Hochzeitsgeschenke an Mitarbeiter (im Fachjargon: Heiratsbeihilfe) bekommen nach der Steuerpr\u00fcfung ebenfalls andere Dimensionen.<\/p>\n<p>Die Besteuerung der 16 Tonteller mit Pr\u00e4gung plus Trinkgef\u00e4\u00dfe, die ein Kollege aus dem tiefen Westen von der Lotus Partner Camp Party auf Burg Satzvay mit nach Hause schleppte, ist mir unklar. Zahlt Lotus die Steuern, zahlt der Arbeitgeber des Kollegen oder er selbst? Werden die Teller, die er aufgrund seines angeschlagenen Zustandes nicht heil nach Hause brachte, abgezogen? Wie sieht es mit den T-Shirts aus?<\/p>\n<p>Wie sind die Portr\u00e4tzeichnungen zu versteuern, die von Teilnehmern der DNUG-Tagung in M\u00fcnchen angefertigt wurden? Wer taxiert den k\u00fcnstlerischen Wert? H\u00e4ngt er vom Objekt ab?<\/p>\n<p>Desweiteren bitte ich die Finanz\u00e4mter, folgende Tatbest\u00e4nde zu pr\u00fcfen:<\/p>\n<p>&#8211;\u00a0\u00a0 Die Heizkosten im B\u00fcro k\u00f6nnten als geldwerter Vorteil dem Lohn zugeschlagen werden. Schlie\u00dflich kann man im Kalten auch mit Pullover arbeiten.<\/p>\n<p>&#8211; \u00a0 St\u00fchle sollten die Mitarbeiter von zu Hause mitbringen, ansonsten \u00ad Sie ahnen es \u00ad &#8222;geldwerter&#8220; Vorteil<\/p>\n<p>&#8211; \u00a0 Unser B\u00fcro liegt im 4.Stock mit guter Aussicht, die hat mancher Mitarbeiter zu Hause nicht.<\/p>\n<p>Also dann&#8230;<\/p>\n<p>sch\u00f6ne Aussichten und verbindliche Gr\u00fc\u00dfe, Herr Finanzminister!<\/p>\n<p>Ihr J\u00f6rg Allmann<\/p>\n","protected":false},"excerpt":{"rendered":"<p>Bis vor einigen Jahren h\u00e4tte ich mit dem Begriff &#8222;Geldwerter Vorteil&#8220; \u00fcberhaupt nichts anfangen k\u00f6nnen. Entweder man hat Geld bar in der Hand oder eben nicht. \u00dcber die Jahre des Gesch\u00e4ftslebens haben mich unsere Steuerberater dar\u00fcber aufgekl\u00e4rt, welche grunds\u00e4tzlichen Vorstellungen &hellip; <a href=\"https:\/\/thinking.holistic-net.de\/?page_id=182&#038;lang=de\">Weiterlesen <span class=\"meta-nav\">&rarr;<\/span><\/a><\/p>\n","protected":false},"author":7,"featured_media":0,"parent":126,"menu_order":0,"comment_status":"open","ping_status":"open","template":"","meta":{"footnotes":""},"class_list":["post-182","page","type-page","status-publish","hentry"],"_links":{"self":[{"href":"https:\/\/thinking.holistic-net.de\/index.php?rest_route=\/wp\/v2\/pages\/182","targetHints":{"allow":["GET"]}}],"collection":[{"href":"https:\/\/thinking.holistic-net.de\/index.php?rest_route=\/wp\/v2\/pages"}],"about":[{"href":"https:\/\/thinking.holistic-net.de\/index.php?rest_route=\/wp\/v2\/types\/page"}],"author":[{"embeddable":true,"href":"https:\/\/thinking.holistic-net.de\/index.php?rest_route=\/wp\/v2\/users\/7"}],"replies":[{"embeddable":true,"href":"https:\/\/thinking.holistic-net.de\/index.php?rest_route=%2Fwp%2Fv2%2Fcomments&post=182"}],"version-history":[{"count":3,"href":"https:\/\/thinking.holistic-net.de\/index.php?rest_route=\/wp\/v2\/pages\/182\/revisions"}],"predecessor-version":[{"id":1033,"href":"https:\/\/thinking.holistic-net.de\/index.php?rest_route=\/wp\/v2\/pages\/182\/revisions\/1033"}],"up":[{"embeddable":true,"href":"https:\/\/thinking.holistic-net.de\/index.php?rest_route=\/wp\/v2\/pages\/126"}],"wp:attachment":[{"href":"https:\/\/thinking.holistic-net.de\/index.php?rest_route=%2Fwp%2Fv2%2Fmedia&parent=182"}],"curies":[{"name":"wp","href":"https:\/\/api.w.org\/{rel}","templated":true}]}}