{"id":18,"date":"2013-01-14T15:03:50","date_gmt":"2013-01-14T15:03:50","guid":{"rendered":"http:\/\/wp1117171.wp153.webpack.hosteurope.de\/thinksbtf\/thinking\/?page_id=18"},"modified":"2013-04-18T14:59:54","modified_gmt":"2013-04-18T12:59:54","slug":"2012-2","status":"publish","type":"page","link":"https:\/\/thinking.holistic-net.de\/?page_id=18&lang=de","title":{"rendered":"Motivation zum Glossenschreiben"},"content":{"rendered":"<p><strong>F\u00fcnfzehn Jahre Glossen schreiben<\/strong><\/p>\n<p>Als ich die erste Glosse schrieb, \u2013 damals noch f\u00fcr das Notes Magazin, den Vorl\u00e4ufer des Digital Business Magazins [Didschidel Bisin\u00e4ss M\u00e4gezien] \u2013 dachte ich, dass das eine Eintagsfliege wird. Auch nach den ersten f\u00fcnf Glossen habe ich noch jederzeit damit gerechnet, dass die Redaktion dem Treiben kurzfristig ein Ende setzt. Irgendwann waren es mehr als 100 Glossen geworden. Dann kam der Entschluss zum Glossenbuch.\u00a0 Im Vorfeld habe ich nat\u00fcrlich alles nochmal gelesen. Manches klingt r\u00fcckwirkend etwas naiv, allzu h\u00e4ufig l\u00e4sst sich auch der eigene Frust \u00fcber das Berufsleben nicht kaschieren. Mir ist durchaus bewusst, dass die Menschheit prim\u00e4r Lustiges und Positives lesen will. Das ist nicht immer gelungen.<\/p>\n<p>B\u00fccher sind sch\u00f6n, aber sie kosten Geld in der Produktion und sind nicht ganz einfach auf einem aktuellen Stand zu halten. Nun erklimmen die Glossen also die n\u00e4chste Stufe. Sie kommen in den holistic thinking blog und werden somit elektronisch verf\u00fcgbar.<\/p>\n<p>Der Glossen-Profi w\u00fcrde wohl sagen: \u201eEs fehlt manchmal die journalistische Distanz.\u201c Mit mehr Distanz k\u00f6nnte man manche Dinge vielleicht weniger verbissen beschreiben, aber vielleicht w\u00fcrde der Verlust genau dieses Bisses dann die Schilderungen zu stark ver\u00adflachen. Ein bisschen mehr gute Laune h\u00e4tte ich mir r\u00fcckblickend dennoch gew\u00fcnscht.<\/p>\n<p>Einige Glossen sind dennoch etwas flacher als andere. Wenn man aber bedenkt, dass manche Glosse unter Zeitdruck in 15 Minuten entstanden ist, mag man das verzeihen. Wir haben dennoch darauf verzichtet, schw\u00e4chere Werke aus der Samm\u00adlung zu entfernen. Auch eine Musik-CD hat nicht nur Top Hits.<\/p>\n<p>Ein Grundproblem lag nat\u00fcrlich \u00fcber all die Jahre darin, dass es nicht angebracht ist, alle pers\u00f6nlichen und dienstlichen Erlebnisse in einer Glosse auszubreiten. So mancher Freund, Kollege oder Kunde k\u00f6nnte mir das \u00fcbel nehmen. Deshalb stellt die Sammlung sozusagen den partiell gefilterten t\u00e4glichen Wahnsinn eines Gesch\u00e4fts\u00admannes in der IT-Branche dar.<\/p>\n<p>Viel Spa\u00df beim Lesen<br \/>\nJ\u00f6rg Allmann<\/p>\n","protected":false},"excerpt":{"rendered":"<p>F\u00fcnfzehn Jahre Glossen schreiben Als ich die erste Glosse schrieb, \u2013 damals noch f\u00fcr das Notes Magazin, den Vorl\u00e4ufer des Digital Business Magazins [Didschidel Bisin\u00e4ss M\u00e4gezien] \u2013 dachte ich, dass das eine Eintagsfliege wird. Auch nach den ersten f\u00fcnf Glossen &hellip; <a href=\"https:\/\/thinking.holistic-net.de\/?page_id=18&#038;lang=de\">Weiterlesen <span class=\"meta-nav\">&rarr;<\/span><\/a><\/p>\n","protected":false},"author":1,"featured_media":0,"parent":8,"menu_order":3,"comment_status":"closed","ping_status":"closed","template":"ShowcaseChild.php","meta":{"footnotes":""},"class_list":["post-18","page","type-page","status-publish","hentry"],"_links":{"self":[{"href":"https:\/\/thinking.holistic-net.de\/index.php?rest_route=\/wp\/v2\/pages\/18","targetHints":{"allow":["GET"]}}],"collection":[{"href":"https:\/\/thinking.holistic-net.de\/index.php?rest_route=\/wp\/v2\/pages"}],"about":[{"href":"https:\/\/thinking.holistic-net.de\/index.php?rest_route=\/wp\/v2\/types\/page"}],"author":[{"embeddable":true,"href":"https:\/\/thinking.holistic-net.de\/index.php?rest_route=\/wp\/v2\/users\/1"}],"replies":[{"embeddable":true,"href":"https:\/\/thinking.holistic-net.de\/index.php?rest_route=%2Fwp%2Fv2%2Fcomments&post=18"}],"version-history":[{"count":13,"href":"https:\/\/thinking.holistic-net.de\/index.php?rest_route=\/wp\/v2\/pages\/18\/revisions"}],"predecessor-version":[{"id":25,"href":"https:\/\/thinking.holistic-net.de\/index.php?rest_route=\/wp\/v2\/pages\/18\/revisions\/25"}],"up":[{"embeddable":true,"href":"https:\/\/thinking.holistic-net.de\/index.php?rest_route=\/wp\/v2\/pages\/8"}],"wp:attachment":[{"href":"https:\/\/thinking.holistic-net.de\/index.php?rest_route=%2Fwp%2Fv2%2Fmedia&parent=18"}],"curies":[{"name":"wp","href":"https:\/\/api.w.org\/{rel}","templated":true}]}}