{"id":176,"date":"2013-01-17T12:44:19","date_gmt":"2013-01-17T12:44:19","guid":{"rendered":"http:\/\/wp1117171.wp153.webpack.hosteurope.de\/thinksbtf\/thinking\/?page_id=176"},"modified":"2013-02-20T14:50:46","modified_gmt":"2013-02-20T13:50:46","slug":"passive-industriespionage","status":"publish","type":"page","link":"https:\/\/thinking.holistic-net.de\/?page_id=176&lang=de","title":{"rendered":"Passive Industriespionage"},"content":{"rendered":"<p>Die Gewohnheiten von Handy-Benutzern sind zwar schon vielf\u00e4ltig in allen Medien beleuchtet worden, aber man erlebt immer wieder Steigerungen. Die Sensibilit\u00e4t f\u00fcr Peinlichkeiten geht asymptotisch gegen Null, sobald \u00ad vorzugsweise Herren \u00ad solch ein Ger\u00e4t in den Fingern haben. \u00d6ffentlichkeit scheint zus\u00e4tzlich zu befl\u00fcgeln.<\/p>\n<p><img loading=\"lazy\" decoding=\"async\" alt=\"2_1999\" src=\"http:\/\/wp1117171.wp112.webpack.hosteurope.de\/thinksbtf\/thinking\/wp-content\/uploads\/2013\/01\/2_1999.jpg\" width=\"573\" height=\"76\" \/><\/p>\n<p>Am M\u00fcnchner Flughafen wurde ich k\u00fcrzlich zum passiven Industriespion. Ein \u201cTop-Manager\u201d hing w\u00e4hrend der Wartezeit auf den Abflug nach Hannover mit seinem mobilen Office, bestehend aus Akten, Notebook, Time-System und diversem Kleinkram, ausgebreitet \u00fcber drei Sitzpl\u00e4tze, in den Wartesesseln. Den Schlips l\u00e4ssig ge\u00adlockert, die obersten beiden Hemdenkn\u00f6pfe ge\u00f6ffnet, telefonierte er in gleichbleibend beeindruckender Lautst\u00e4rke zuerst mit dem Kunden Siemens, dann mit seinem B\u00fcro und dann mit Mausi.<\/p>\n<p>Beim Kunden bedankte er sich f\u00fcr das konstruktive Meeting vom Vormittag, versprach das Blaue vom Himmel bez\u00fcglich des sofortigen Projektbeginns mit voller Power. Seinem Kompagnon erkl\u00e4rte er anschlie\u00dfend, dass man den Auftrag im Sack habe, nur mit den Ressourcen g\u00e4be es nun Probleme, weil man eigentlich keine habe. Es m\u00fcsse unbedingt jemand n\u00e4chste Woche zu Siemens nach M\u00fcnchen, zur Not Frau Schmidt, obwohl sie keine Ahnung habe. Aber bis Weihnachten gehe es nur ums Absitzen, da passiere sowieso nicht mehr viel.<\/p>\n<p>Weiteres \u00fcber die Auftragsdetails will ich hier zum Schutz des \u201cTop-Managers\u201d und seines Kunden nicht ausbreiten. Sie sind aber mir und mindestens zehn weiteren \u201cpassiven Industriespionen\u201d bekannt. Das abschlie\u00dfende Telefonat mit Mausi war dann eher von der<br \/>\nlocke\u00ad\u00adren Natur. Es h\u00e4tte niveaum\u00e4\u00dfig und inhaltlich gut in die fr\u00fc\u00adhere RTL-Sendung \u201cTutti-Frutti\u201d gepasst. Bei den anderen Zuh\u00f6rern machte sich deutlich eine gewisse Entspannung in den Gesichtsz\u00fcgen bemerkbar.<\/p>\n<p>Da werden angestrengte Diskussionen \u00fcber Zugriffssicherheit und Verschl\u00fcsselung in EDV-Systemen doch zur Farce, wenn hochsensible Inhalte Stunden sp\u00e4ter von hochrangigen Managern in Hyde-Park-Manier unters Volk gebracht werden. Wenn die nicht allzu ferne Zukunft uns endlich mobile Bildtelefone mit ausklappbarem 17-Zoll Monitor bringt, wird das Ganze noch transparenter, und ich kann dann auch mal einen Blick auf Mausi werfen.<\/p>\n<p>Bis dann, Ihr ganz und gar nicht neugieriger J\u00f6rg Allmann<\/p>\n","protected":false},"excerpt":{"rendered":"<p>Die Gewohnheiten von Handy-Benutzern sind zwar schon vielf\u00e4ltig in allen Medien beleuchtet worden, aber man erlebt immer wieder Steigerungen. Die Sensibilit\u00e4t f\u00fcr Peinlichkeiten geht asymptotisch gegen Null, sobald \u00ad vorzugsweise Herren \u00ad solch ein Ger\u00e4t in den Fingern haben. \u00d6ffentlichkeit &hellip; <a href=\"https:\/\/thinking.holistic-net.de\/?page_id=176&#038;lang=de\">Weiterlesen <span class=\"meta-nav\">&rarr;<\/span><\/a><\/p>\n","protected":false},"author":7,"featured_media":0,"parent":126,"menu_order":0,"comment_status":"open","ping_status":"open","template":"","meta":{"footnotes":""},"class_list":["post-176","page","type-page","status-publish","hentry"],"_links":{"self":[{"href":"https:\/\/thinking.holistic-net.de\/index.php?rest_route=\/wp\/v2\/pages\/176","targetHints":{"allow":["GET"]}}],"collection":[{"href":"https:\/\/thinking.holistic-net.de\/index.php?rest_route=\/wp\/v2\/pages"}],"about":[{"href":"https:\/\/thinking.holistic-net.de\/index.php?rest_route=\/wp\/v2\/types\/page"}],"author":[{"embeddable":true,"href":"https:\/\/thinking.holistic-net.de\/index.php?rest_route=\/wp\/v2\/users\/7"}],"replies":[{"embeddable":true,"href":"https:\/\/thinking.holistic-net.de\/index.php?rest_route=%2Fwp%2Fv2%2Fcomments&post=176"}],"version-history":[{"count":2,"href":"https:\/\/thinking.holistic-net.de\/index.php?rest_route=\/wp\/v2\/pages\/176\/revisions"}],"predecessor-version":[{"id":657,"href":"https:\/\/thinking.holistic-net.de\/index.php?rest_route=\/wp\/v2\/pages\/176\/revisions\/657"}],"up":[{"embeddable":true,"href":"https:\/\/thinking.holistic-net.de\/index.php?rest_route=\/wp\/v2\/pages\/126"}],"wp:attachment":[{"href":"https:\/\/thinking.holistic-net.de\/index.php?rest_route=%2Fwp%2Fv2%2Fmedia&parent=176"}],"curies":[{"name":"wp","href":"https:\/\/api.w.org\/{rel}","templated":true}]}}