{"id":173,"date":"2013-01-17T12:42:36","date_gmt":"2013-01-17T12:42:36","guid":{"rendered":"http:\/\/wp1117171.wp153.webpack.hosteurope.de\/thinksbtf\/thinking\/?page_id=173"},"modified":"2013-02-20T14:49:06","modified_gmt":"2013-02-20T13:49:06","slug":"was-will-uns-das-sagen","status":"publish","type":"page","link":"https:\/\/thinking.holistic-net.de\/?page_id=173&lang=de","title":{"rendered":"Kleider machen LSA"},"content":{"rendered":"<p>Die Amerikaner haben mit den Chinesen einen Lebensgrundsatz gemeinsam: Eine gewisse Uniformiertheit in der Kleidung erleichtert das Leben. Ein chinesischer Blaumann als Konferenz-Outfit w\u00e4re auch mal spannend, aber so wagemutig sind die Clothing-Strategen von Lotus dann doch nicht.<\/p>\n<p>Auf der Lotusphere in Berlin gab es wieder die neueste Lotus-Kollektion an T-Shirts, Polo- und Sweat-Shirts zu begutachten. Lotus-Mitarbeiter waren in schwarzen oder gelben T\u00f6nen zu sehen, die Konferenz-Teilnehmer \u2013 sofern sie sich direkt nach dem Empfang des Geschenkpaketes umgezogen hatten \u2013 im wei\u00dfen Orlando-Remake.<\/p>\n<p><img loading=\"lazy\" decoding=\"async\" alt=\"6_1998\" src=\"http:\/\/wp1117171.wp112.webpack.hosteurope.de\/thinksbtf\/thinking\/wp-content\/uploads\/2013\/01\/6_1998.jpg\" width=\"573\" height=\"76\" \/><\/p>\n<p>Nebenbei bemerkt: Meine Familie dankt f\u00fcr die kontinuierliche<br \/>\nT-Shirt-Versorgung und mein alleinstehender Kollege l\u00e4sst sich in K\u00fcrze eine neue Schrankwand im Schlafzimmer installieren, da er sonst dem T-Shirt-Aufkommen nicht mehr Herr wird.<\/p>\n<p>Zur\u00fcck zur Konferenz: Eine auff\u00e4llige Ausnahme der Kleiderordnung stellen die Lotus-Herren aus Bayern bzw. D\u00fcsseldorf dar. Sie hatten die Aufgabe, der Lotus Solution Architecture \u2013 kurz LSA \u2013 zum Durchbruch zu verhelfen und traten in seri\u00f6sem Zwirn zum Marketinggefecht ans Rednerpult.<\/p>\n<p>Ist die LSA seri\u00f6ser als der amerikanische Teil des Lotus-Produkt-portfolios? Oder durften die Herren keine T-Shirts anziehen, weil die Original-Loti jenseits des gro\u00dfen Teiches nicht hinter der LSA stehen? Oder fanden sie einfach keine freie Garderobe zum Umziehen?<\/p>\n<p>Dieses Bekleidungs-Verwirrspiel f\u00f6rderte zumindest nicht den Zulauf zur diesbez\u00fcglichen \u201eBirds of a Feather Session\u201c \u2013 wie zu h\u00f6ren war. Es h\u00e4tte zu zwei gepflegten Doppelkopf-Runden gereicht.<\/p>\n<p>Wir bleiben gespannt wie sich Lotus zum Thema LSA verh\u00e4lt, be\u00adobachten die Kleiderordnung auf der n\u00e4chsten Konferenz und suchen weiter nach wei\u00dfen Hemden, unter denen die Lotus-T-Shirts nicht unangemessen durchschimmern.<\/p>\n","protected":false},"excerpt":{"rendered":"<p>Die Amerikaner haben mit den Chinesen einen Lebensgrundsatz gemeinsam: Eine gewisse Uniformiertheit in der Kleidung erleichtert das Leben. Ein chinesischer Blaumann als Konferenz-Outfit w\u00e4re auch mal spannend, aber so wagemutig sind die Clothing-Strategen von Lotus dann doch nicht. Auf der &hellip; <a href=\"https:\/\/thinking.holistic-net.de\/?page_id=173&#038;lang=de\">Weiterlesen <span class=\"meta-nav\">&rarr;<\/span><\/a><\/p>\n","protected":false},"author":7,"featured_media":0,"parent":128,"menu_order":0,"comment_status":"open","ping_status":"open","template":"","meta":{"footnotes":""},"class_list":["post-173","page","type-page","status-publish","hentry"],"_links":{"self":[{"href":"https:\/\/thinking.holistic-net.de\/index.php?rest_route=\/wp\/v2\/pages\/173","targetHints":{"allow":["GET"]}}],"collection":[{"href":"https:\/\/thinking.holistic-net.de\/index.php?rest_route=\/wp\/v2\/pages"}],"about":[{"href":"https:\/\/thinking.holistic-net.de\/index.php?rest_route=\/wp\/v2\/types\/page"}],"author":[{"embeddable":true,"href":"https:\/\/thinking.holistic-net.de\/index.php?rest_route=\/wp\/v2\/users\/7"}],"replies":[{"embeddable":true,"href":"https:\/\/thinking.holistic-net.de\/index.php?rest_route=%2Fwp%2Fv2%2Fcomments&post=173"}],"version-history":[{"count":3,"href":"https:\/\/thinking.holistic-net.de\/index.php?rest_route=\/wp\/v2\/pages\/173\/revisions"}],"predecessor-version":[{"id":655,"href":"https:\/\/thinking.holistic-net.de\/index.php?rest_route=\/wp\/v2\/pages\/173\/revisions\/655"}],"up":[{"embeddable":true,"href":"https:\/\/thinking.holistic-net.de\/index.php?rest_route=\/wp\/v2\/pages\/128"}],"wp:attachment":[{"href":"https:\/\/thinking.holistic-net.de\/index.php?rest_route=%2Fwp%2Fv2%2Fmedia&parent=173"}],"curies":[{"name":"wp","href":"https:\/\/api.w.org\/{rel}","templated":true}]}}