{"id":1712,"date":"2014-03-12T16:44:05","date_gmt":"2014-03-12T15:44:05","guid":{"rendered":"https:\/\/thinking.holistic-net.de\/?page_id=1712"},"modified":"2023-08-08T12:21:25","modified_gmt":"2023-08-08T10:21:25","slug":"das-objekt-mensch-ist-endlos-konditionierbar","status":"publish","type":"page","link":"https:\/\/thinking.holistic-net.de\/?page_id=1712&lang=de","title":{"rendered":"Das Objekt &#8222;Mensch&#8220; ist endlos konditionierbar"},"content":{"rendered":"<p>Ich habe die leise Bef\u00fcrchtung, dass in unserer Konsumgesellschaft technischer Fortschritt h\u00e4ufig mit Konditionierung auf einen neuen Unsinn verwechselt wird. Ich versuche mal ein paar Beispiele zusammenzutragen.<\/p>\n<p>Fangen wir mal mit dem Ribbon bei den Microsoft-Produkten an. Ich arbeite nun ca. zwei Jahre mit diesem letzten Schrei an User-Interface-Gestaltung. Inzwischen wei\u00df ich so ungef\u00e4hr, wo welche Funktionalit\u00e4t sich befinden k\u00f6nnte. Die Suchschleifen sind \u00fcber die Monate k\u00fcrzer geworden. Irgendwann lasse ich mir nochmal erkl\u00e4ren, was der Unterschied zwischen Entwurf und Layout ist. Dort ist bekanntlich das funktionale Streugut zur Gestaltung von Tabellen im Word untergebracht. Intuitiv ist da gar nichts. Aber ich bin inzwischen mittelm\u00e4\u00dfig konditioniert. Was soll man angesichts des Microsoft-Monopolismus auch anderes tun.<\/p>\n<p>Ein anderer Blick richtet sich auf das User Interface von IBM Connections. Auch dort f\u00e4hrt man mit der Maus Achterbahn, um bestimmte Funktionalit\u00e4ten zu erzielen. IBM strapaziert ja sehr stark den Begriff der Produktivit\u00e4tssteigerung. Liebe Leute, da ist gewaltig Luft nach oben. Im Gegenteil, das unkoordinierte Dreifachangebot der Attachment-Ablage \u00fcber Files, Libraries und Activities kann Produktivit\u00e4t auch gerne mal lahmlegen. Den Begriff Embedded Experience zu bem\u00fchen und dann nicht einmal einen popligen Preview g\u00e4ngiger Dateiformate anzubieten, ist in der Tat auch eine Experience. Auch hier muss man auf die Zwangskonditionierung der Benutzer vertrauen.<\/p>\n<p>Unsere generelle Lebensgestaltung durch Smartphones will ich hier gar nicht erl\u00e4utern. Ein Detail der Konditionierung ist bei mir schon komplett abgeschlossen. Apple hat mich dazu erzogen wie ein Gest\u00f6rter die roten Nummern an den Apps zu eliminieren. IBM hatte das bei Notes mit der Anzahl der Ungelesenen nie geschafft. Aber auf meinem iPhone und dem iPad habe ich das pathologische Bed\u00fcrfnis diese Nummern zu tilgen. Ich f\u00fchre auch t\u00e4glich alle Updates f\u00fcr alle sinnlos gekauften Apps durch, nur damit der App Store Z\u00e4hler weg ist.<\/p>\n<p>Der Blackberry meiner Tochter, ein Modell mit echter Tastatur, verliert so nach und nach Tasten. Manchmal findet sie die Tasten in irgendeiner Tasche wieder und prokelt sie wieder dran. Manche sind auch endg\u00fcltig weg. Das \u201eL\u201c zum Beispiel ist weg. Im SMS und Email-Betrieb wird es durch das \u201ei\u201c ersetzt. Das menschliche Gehirn des Empf\u00e4ngers kann damit prima umgehen. Bei Email-Adressen, URLs oder Passw\u00f6rtern f\u00fchrt das Fehlen des \u201eL\u201c leider zu Kommunikationseinschr\u00e4nkungen. Der Name Allmann hat leider zwei L. Aber meine Tochter meint, man gew\u00f6hnt sich daran. Muss auch so gehen.<\/p>\n<p>Eine Konditionierung im ganz gro\u00dfen Stil wird die Cloud bringen. Wenn uns die paar Weltkonzerne, die offenbar als Gewinner aus dem Spiel \u201eFreie Marktwirtschaft in der IT\u201c hervorgegangen sind, alle in die Cloud verfrachtet haben, dann werden wir ganz andere Konditionierungen erleben. Dann wird pl\u00f6tzlich in jedes Email Werbung eingeblendet, SharePoint und Connections werden Werbebanner haben, so wie das Facebook und andere inzwischen vorf\u00fchren. Microsoft und IBM werden erkl\u00e4ren, dass leider nur so die Preise zu halten sind. Ein Zur\u00fcck wird es nicht mehr geben. Den Begriff \u201eon premise\u201c, den wir gerade m\u00fchsam gelernt haben, k\u00f6nnen wir aus dem aktiven Wortschatz streichen. Nat\u00fcrlich wird die Werbeeinblendung auf Social Analytics basieren. Ist ja dann auch keine Kunst mehr, wenn alle Daten zentral zur Verf\u00fcgung stehen. Vielleicht l\u00f6st sich dann auch meine Lebensproblem Nr.1: Ich wei\u00df manchmal einfach nicht, was ich als n\u00e4chstes kaufen soll. Und wir werden es irgendwann alle so normal finden wie ein Affe im Zoo, der auf einen Buzzer haut, um an die Banane zu kommen.<\/p>\n","protected":false},"excerpt":{"rendered":"<p>Ich habe die leise Bef\u00fcrchtung, dass in unserer Konsumgesellschaft technischer Fortschritt h\u00e4ufig mit Konditionierung auf einen neuen Unsinn verwechselt wird. Ich versuche mal ein paar Beispiele zusammenzutragen. Fangen wir mal mit dem Ribbon bei den Microsoft-Produkten an. Ich arbeite nun &hellip; <a href=\"https:\/\/thinking.holistic-net.de\/?page_id=1712&#038;lang=de\">Weiterlesen <span class=\"meta-nav\">&rarr;<\/span><\/a><\/p>\n","protected":false},"author":7,"featured_media":0,"parent":552,"menu_order":0,"comment_status":"open","ping_status":"closed","template":"","meta":{"footnotes":""},"class_list":["post-1712","page","type-page","status-publish","hentry"],"_links":{"self":[{"href":"https:\/\/thinking.holistic-net.de\/index.php?rest_route=\/wp\/v2\/pages\/1712","targetHints":{"allow":["GET"]}}],"collection":[{"href":"https:\/\/thinking.holistic-net.de\/index.php?rest_route=\/wp\/v2\/pages"}],"about":[{"href":"https:\/\/thinking.holistic-net.de\/index.php?rest_route=\/wp\/v2\/types\/page"}],"author":[{"embeddable":true,"href":"https:\/\/thinking.holistic-net.de\/index.php?rest_route=\/wp\/v2\/users\/7"}],"replies":[{"embeddable":true,"href":"https:\/\/thinking.holistic-net.de\/index.php?rest_route=%2Fwp%2Fv2%2Fcomments&post=1712"}],"version-history":[{"count":2,"href":"https:\/\/thinking.holistic-net.de\/index.php?rest_route=\/wp\/v2\/pages\/1712\/revisions"}],"predecessor-version":[{"id":2973,"href":"https:\/\/thinking.holistic-net.de\/index.php?rest_route=\/wp\/v2\/pages\/1712\/revisions\/2973"}],"up":[{"embeddable":true,"href":"https:\/\/thinking.holistic-net.de\/index.php?rest_route=\/wp\/v2\/pages\/552"}],"wp:attachment":[{"href":"https:\/\/thinking.holistic-net.de\/index.php?rest_route=%2Fwp%2Fv2%2Fmedia&parent=1712"}],"curies":[{"name":"wp","href":"https:\/\/api.w.org\/{rel}","templated":true}]}}