{"id":170,"date":"2013-01-17T12:37:46","date_gmt":"2013-01-17T12:37:46","guid":{"rendered":"http:\/\/wp1117171.wp153.webpack.hosteurope.de\/thinksbtf\/thinking\/?page_id=170"},"modified":"2013-02-27T11:06:48","modified_gmt":"2013-02-27T10:06:48","slug":"outsourcing-auf-fraglichen-pfaden","status":"publish","type":"page","link":"https:\/\/thinking.holistic-net.de\/?page_id=170&lang=de","title":{"rendered":"Outsourcing auf fraglichen Pfaden"},"content":{"rendered":"<p>Im Rahmen der betriebswirtschaftlichen Optimierung wird heute alles \u201eoutgesourct\u201c. So wei\u00df schlie\u00dflich auch seit Jahren der B\u00fcrger, dass ihm die Telefonauskunft nicht mehr von einer im Telefonbuch bl\u00e4tternden Dame der \u00f6rtlichen Telekom erteilt wird.<\/p>\n<p>Ich erinnere mich noch gut: Vor langer Zeit offenbarte die Telekom in M\u00fcnchen \u2013 oder war\u00b4s\u00a0 noch die gute alte Post? \u2013 dass die Telefonauskunft nun nach Ingolstadt ausgelagert sei. Der einfache M\u00fcnchner B\u00fcrger konnte sich seinerzeit schwer vorstellen, wie ihm jemand in Ingolstadt eine taugliche Auskunft \u00fcber eine M\u00fcnchner Telefonnummer geben solle.<\/p>\n<p><img loading=\"lazy\" decoding=\"async\" alt=\"5_1998\" src=\"http:\/\/wp1117171.wp112.webpack.hosteurope.de\/thinksbtf\/thinking\/wp-content\/uploads\/2013\/01\/5_1998.jpg\" width=\"573\" height=\"76\" \/><\/p>\n<p>Inzwischen sind wir um Dimensionen gewachsen: \u201eCall-Center\u201c hei\u00dft das Schlagwort. Alles was vermeintlich billiger erledigt werden kann, wenn man\u00b4s nicht mehr selbst tut, wird an Call-Center \u00fcbergeben. Prim\u00e4r im Support-Bereich ist es eine Illusion, via Hotline-Anruf direkt mit dem Hersteller verbunden zu werden. Man landet in einem Call-Center, in dem emotionslos Waschmaschinen, Rasen\u00adm\u00e4her, Softwareprodukte und Online-Dienste am selben Platz \u201esupportet\u201c werden.<\/p>\n<p>Die Vorstellung des Endkunden, mit dem Experten in der Werkstatt oder in der Softwareschmiede verbunden zu sein, ist antiquiert. Die Inhalte sind doch austauschbar. Warum denn die teuren, eigenen Mitarbeiter mit dem l\u00e4stigen Support belasten?<\/p>\n<p>Lotus sourct out, Microsoft sourct out, alle tun das. Sobald man eine 180er oder gar 190er Nummer liest, wei\u00df man, wie \u00b4s l\u00e4uft.<\/p>\n<p>Ein besonders eindrucksvolles Erlebnis hatte ich erst k\u00fcrzlich mit der Hotline des Online-Dienstes Compuserve. Es galt, den dortigen Netzwerkadministrator auf ein internes Problem hinzuweisen, aber es gab keine Chance, an ihn heranzukommen.<\/p>\n<p>Der Einstig waren 42 \u2013 in Worten zweiundvierzig \u2013 Anrufversuche. Dann ein Freizeichen, dann 4,5 Minuten Musik \u2013 ich kann sicherlich billiger bessere Musik h\u00f6ren. Dann die Weigerung des Hotline-Mit\u00adar\u00adbei\u00adters, mir namentlich ein menschliches Wesen zu nennen, das sich um das Problem k\u00fcmmern kann. Selbstverst\u00e4ndlich darf er nicht sagen, wo er arbeitet, wer sein Vorgesetzter ist und wie ich eine verantwortliche Person erreichen kann.<\/p>\n<p>Dann der Anruf bei Compuserve in Unterhaching. Dann die beharr\u00adliche Weigerung der Telefonistin, mein Gespr\u00e4ch weiter zu verbinden,\u00a0\u00a0 da es technisch nicht m\u00f6glich sei (ich lache!) &#8211; und last, but not least &#8211; die gebetsm\u00fchlenartige Aufforderung, ich solle wieder die Hotline anrufen. Wohlgemerkt \u2013 ich hatte keine Frage, sondern wollte die Hotline auf ein Problem ihrerseits hinweisen.<\/p>\n<p>Wenn Outsourcer ein l\u00fcckenlos reines Gewissen h\u00e4tten, dann w\u00fcrden sie nicht diese Geheimniskr\u00e4merei betreiben. Dem Kunden soll vorgegaukelt werden, dass er direkt durch eine Inhouse-Supportabteilung betreut wird.<\/p>\n<p>Wenn jetzt noch jemand behauptet, das ganze diene lediglich der Besch\u00e4ftigungsf\u00f6rderung im l\u00e4ndlichen Raum, dann kommen mir die Tr\u00e4nen.<\/p>\n<p>Mit verbindlichem Gru\u00df \u2013 Ihr noch nicht \u201eoutgesourcter\u201c J\u00f6rg Allmann<\/p>\n<p style=\"text-align: right;\"><a href=\"http:\/\/wp1117171.wp112.webpack.hosteurope.de\/thinksbtf\/thinking\/?page_id=173\" rel=\"attachment wp-att-759\"><img loading=\"lazy\" decoding=\"async\" alt=\"Glosse_Pfeil\" src=\"http:\/\/wp1117171.wp112.webpack.hosteurope.de\/thinksbtf\/thinking\/wp-content\/uploads\/2013\/01\/Glosse_Pfeil1.jpg\" width=\"129\" height=\"17\" \/><\/a><\/p>\n","protected":false},"excerpt":{"rendered":"<p>Im Rahmen der betriebswirtschaftlichen Optimierung wird heute alles \u201eoutgesourct\u201c. So wei\u00df schlie\u00dflich auch seit Jahren der B\u00fcrger, dass ihm die Telefonauskunft nicht mehr von einer im Telefonbuch bl\u00e4tternden Dame der \u00f6rtlichen Telekom erteilt wird. Ich erinnere mich noch gut: Vor &hellip; <a href=\"https:\/\/thinking.holistic-net.de\/?page_id=170&#038;lang=de\">Weiterlesen <span class=\"meta-nav\">&rarr;<\/span><\/a><\/p>\n","protected":false},"author":7,"featured_media":0,"parent":128,"menu_order":0,"comment_status":"open","ping_status":"open","template":"","meta":{"footnotes":""},"class_list":["post-170","page","type-page","status-publish","hentry"],"_links":{"self":[{"href":"https:\/\/thinking.holistic-net.de\/index.php?rest_route=\/wp\/v2\/pages\/170","targetHints":{"allow":["GET"]}}],"collection":[{"href":"https:\/\/thinking.holistic-net.de\/index.php?rest_route=\/wp\/v2\/pages"}],"about":[{"href":"https:\/\/thinking.holistic-net.de\/index.php?rest_route=\/wp\/v2\/types\/page"}],"author":[{"embeddable":true,"href":"https:\/\/thinking.holistic-net.de\/index.php?rest_route=\/wp\/v2\/users\/7"}],"replies":[{"embeddable":true,"href":"https:\/\/thinking.holistic-net.de\/index.php?rest_route=%2Fwp%2Fv2%2Fcomments&post=170"}],"version-history":[{"count":4,"href":"https:\/\/thinking.holistic-net.de\/index.php?rest_route=\/wp\/v2\/pages\/170\/revisions"}],"predecessor-version":[{"id":966,"href":"https:\/\/thinking.holistic-net.de\/index.php?rest_route=\/wp\/v2\/pages\/170\/revisions\/966"}],"up":[{"embeddable":true,"href":"https:\/\/thinking.holistic-net.de\/index.php?rest_route=\/wp\/v2\/pages\/128"}],"wp:attachment":[{"href":"https:\/\/thinking.holistic-net.de\/index.php?rest_route=%2Fwp%2Fv2%2Fmedia&parent=170"}],"curies":[{"name":"wp","href":"https:\/\/api.w.org\/{rel}","templated":true}]}}