{"id":168,"date":"2013-01-17T12:37:03","date_gmt":"2013-01-17T12:37:03","guid":{"rendered":"http:\/\/wp1117171.wp153.webpack.hosteurope.de\/thinksbtf\/thinking\/?page_id=168"},"modified":"2013-02-27T11:05:39","modified_gmt":"2013-02-27T10:05:39","slug":"lotus-notes-gegen-microsoft-exchange-und-lotus-notes-gegen-sap","status":"publish","type":"page","link":"https:\/\/thinking.holistic-net.de\/?page_id=168&lang=de","title":{"rendered":"Lotus Notes gegen Microsoft Exchange und Lotus Notes gegen SAP"},"content":{"rendered":"<p>Das Thema Lotus Notes oder Microsoft Exchange verfolgt uns seit vielen Jahren; die nach wie vor unsinnigen Vergleiche zwischen diesen beiden Produkten h\u00f6ren einfach nicht auf. Immer wieder \u201eentscheiden\u201c sich Kunden nach angeblich reiflicher \u00dcberlegung\u00a0 f\u00fcr Microsoft Exchange. Die fachliche Grundlage bleibt mir ein R\u00e4tsel. Im Mailing-Bereich mag ein solcher Vergleich angemessen sein. Im Bereich komplexer Workflow-Applikationen unter Nutzung differenzierter Zugriffsrechte bis auf Feldebene und effizienter Repli\u00adkationsmechanismen will ich den Strategen sehen, der existierende Lotus Notes-Applikationen unter Microsoft Exchange funktions- und leistungsgleich nachbilden kann. Mich wundert\u2019s, dass die \u201eMicrosoft only\u201c-Puristen unter den IT-Strategen nicht verhungern und verdursten, denn meines Wissens bietet Microsoft weder Futter noch Getr\u00e4nke \u2013 eine Angebotsl\u00fccke, die Bill Gates \u00fcberdenken sollte.<\/p>\n<p><img loading=\"lazy\" decoding=\"async\" alt=\"4_1998\" src=\"http:\/\/wp1117171.wp112.webpack.hosteurope.de\/thinksbtf\/thinking\/wp-content\/uploads\/2013\/01\/4_1998.jpg\" width=\"573\" height=\"76\" \/><\/p>\n<p>Mit dem Thema Lotus Notes oder SAP werden wir weniger im Sinne einer fachlichen Gegen\u00fcberstellung konfrontiert, sondern unter dem Aspekt: Wo investieren Kunden Zeit und Geld? Immer wieder werden geplante Lotus Notes-Projekte gestoppt oder verz\u00f6gert, weil finanzielle und personelle Ressourcen mit absoluter Priorit\u00e4t in SAP-Projekte gesteckt werden. Traurig genug anzusehen, wie das sch\u00f6ne Geld in monate- oder gar jahrelangen Diskussionen \u00fcber Konten\u00adpl\u00e4ne, Artikelnummern und Personalstammdaten verbraten wird. Gleichzeitig ist un\u00fcbersehbar, dass eine Verbesserung der Informations- und Kommunikationsstruktur dem goldenen Kalb \u201eWertsch\u00f6pfungskette\u201c genauso weiterhelfen w\u00fcrde. Auf die Aussage \u201eWenn wir mit der SAP-Einf\u00fchrung fertig sind, dann machen wir Lotus Notes\u201c mag man sich nicht so richtig verlassen. Erstens liegt das oft in ferner Zukunft, zweitens ahnt man, dass SAP und sein Beraterheer die EDV-Budgets der Unternehmen auch langfristig im (Zu)griff behalten. Ein Lotus Notes-Projekt und seine externen Dienstleister k\u00f6nnen da gerne mal am langen Arm verhungern.<\/p>\n<p>P.S.: K\u00fcrzlich verfolgte ich ein Gespr\u00e4ch zwischen meinem 7-j\u00e4h\u00adrigen Sohn und seinem 6-j\u00e4hrigen Kumpel. Jonas: \u201eLetztens ist Windows bei \u00b4ner Riesenpr\u00e4sentation in Chicago voll abgeschmiert.\u201c Nico: \u201eJa, Windows 95, hab ich auch geh\u00f6rt.\u201c Jonas: \u201eNe, das war Windows 98, das neue \u2013 aber echt, voll abgeschmiert!\u201c&#8230;<\/p>\n<p style=\"text-align: right;\"><a href=\"http:\/\/wp1117171.wp112.webpack.hosteurope.de\/thinksbtf\/thinking\/?page_id=170\" rel=\"attachment wp-att-759\"><img loading=\"lazy\" decoding=\"async\" alt=\"Glosse_Pfeil\" src=\"http:\/\/wp1117171.wp112.webpack.hosteurope.de\/thinksbtf\/thinking\/wp-content\/uploads\/2013\/01\/Glosse_Pfeil1.jpg\" width=\"129\" height=\"17\" \/><\/a><\/p>\n","protected":false},"excerpt":{"rendered":"<p>Das Thema Lotus Notes oder Microsoft Exchange verfolgt uns seit vielen Jahren; die nach wie vor unsinnigen Vergleiche zwischen diesen beiden Produkten h\u00f6ren einfach nicht auf. Immer wieder \u201eentscheiden\u201c sich Kunden nach angeblich reiflicher \u00dcberlegung\u00a0 f\u00fcr Microsoft Exchange. Die fachliche &hellip; <a href=\"https:\/\/thinking.holistic-net.de\/?page_id=168&#038;lang=de\">Weiterlesen <span class=\"meta-nav\">&rarr;<\/span><\/a><\/p>\n","protected":false},"author":7,"featured_media":0,"parent":128,"menu_order":0,"comment_status":"open","ping_status":"open","template":"","meta":{"footnotes":""},"class_list":["post-168","page","type-page","status-publish","hentry"],"_links":{"self":[{"href":"https:\/\/thinking.holistic-net.de\/index.php?rest_route=\/wp\/v2\/pages\/168","targetHints":{"allow":["GET"]}}],"collection":[{"href":"https:\/\/thinking.holistic-net.de\/index.php?rest_route=\/wp\/v2\/pages"}],"about":[{"href":"https:\/\/thinking.holistic-net.de\/index.php?rest_route=\/wp\/v2\/types\/page"}],"author":[{"embeddable":true,"href":"https:\/\/thinking.holistic-net.de\/index.php?rest_route=\/wp\/v2\/users\/7"}],"replies":[{"embeddable":true,"href":"https:\/\/thinking.holistic-net.de\/index.php?rest_route=%2Fwp%2Fv2%2Fcomments&post=168"}],"version-history":[{"count":4,"href":"https:\/\/thinking.holistic-net.de\/index.php?rest_route=\/wp\/v2\/pages\/168\/revisions"}],"predecessor-version":[{"id":965,"href":"https:\/\/thinking.holistic-net.de\/index.php?rest_route=\/wp\/v2\/pages\/168\/revisions\/965"}],"up":[{"embeddable":true,"href":"https:\/\/thinking.holistic-net.de\/index.php?rest_route=\/wp\/v2\/pages\/128"}],"wp:attachment":[{"href":"https:\/\/thinking.holistic-net.de\/index.php?rest_route=%2Fwp%2Fv2%2Fmedia&parent=168"}],"curies":[{"name":"wp","href":"https:\/\/api.w.org\/{rel}","templated":true}]}}