{"id":161,"date":"2013-01-17T12:34:08","date_gmt":"2013-01-17T12:34:08","guid":{"rendered":"http:\/\/wp1117171.wp153.webpack.hosteurope.de\/thinksbtf\/thinking\/?page_id=161"},"modified":"2013-02-27T11:01:35","modified_gmt":"2013-02-27T10:01:35","slug":"rhetoriken-der-it-branche-niveau-upgrade-erforderlich","status":"publish","type":"page","link":"https:\/\/thinking.holistic-net.de\/?page_id=161&lang=de","title":{"rendered":"Rhetoriken der IT-Branche: Niveau-Upgrade erforderlich"},"content":{"rendered":"<p>Werte B\u00fcttenredner, unsere Branche feiert sich ja \u00fcberaus gerne. Wir sind die Wichtigsten, die Gr\u00f6\u00dften, die Besten \u2013 branchen\u00fcbergreifend. Wenn wir aber einmal voraussetzen, dass Rhetorik nach wie vor ein anerkanntes Kulturgut ist, dann tun sich auf Veranstaltungen der IT-Branche entsetzliche Abgr\u00fcnde auf. Es zeigt sich immer wieder, dass die verqueren Ma\u00dfst\u00e4be unserer Branche Redner in die B\u00fctt schwemmen, die entweder noch ein paar Lektionen vor dem heimischen Spiegel verbringen oder lieber g\u00e4nzlich \u00f6ffentliche Auftritte als Redner meiden sollten. Da die Inhalte ihrer Vortr\u00e4ge oft belanglos oder altbekannt sind, achtet der Zuh\u00f6rer umso mehr auf die pers\u00f6nliche Ausstrahlung des Redners, seine rhetorischen F\u00e4higkeiten und die Qualit\u00e4t der Pr\u00e4sentationstechnik. Grundausstattung: Schicker Anzug, grenzenloses Selbstvertrauen \u2013 basierend auf dem letzten Gehaltszettel \u2013 und hypermoderne Technik.<\/p>\n<p><img loading=\"lazy\" decoding=\"async\" alt=\"1_1998\" src=\"http:\/\/wp1117171.wp112.webpack.hosteurope.de\/thinksbtf\/thinking\/wp-content\/uploads\/2013\/01\/1_1998.jpg\" width=\"573\" height=\"76\" \/><\/p>\n<p>Doch nun zu den menschlichen Feinheiten mit einem Beispiel aus dem Top-Management und einem aus der \u201emittleren Etage\u201c: Die Veranstaltung Treffpunkt @rbeit in der Alten Oper zu Frankfurt liefert einige Beweise daf\u00fcr, dass h\u00f6chste Geh\u00e4lter keine Garantie f\u00fcr hohe oder mittlere Vortragsqualit\u00e4t darstellen. Was will uns der Vortragende sagen, wenn er eine endlose Anzahl von Liniendia\u00adgrammen bietet, in denen der Strich immer \u2013 wie sollte es auch anders sein \u2013 von links unten nach rechts oben geht. Dass seine Unterlagen offenbar vorher herunter gefallen waren und somit die Reihenfolge der Slides nicht zu den abgelesenen Zahlenkolonnen passt \u2013 wen st\u00f6rt das schon. Dumm gelaufen.<\/p>\n<p>Es ist ein weitverbreiteter Irrtum in unserer Branche, dass die Produkte Lotus Freelance oder Microsoft Powerpoint automatisch passende Inhalte liefern und gute Vortr\u00e4ge garantieren. Den H\u00f6hepunkt der Vortragstechnik bieten Zeitgenossen, die mit dem R\u00fccken zum Publikum ihre Slides vorlesen &#8211; selbst staunend \u00fcber das, was der Ghostwriter ihnen da untergejubelt hat. Der engagierte Vortrag eines guten Redners mit reduziertem technischen Aufwand ist eine Erholung nach solchen Darbietungen. Bei Kandidaten aus der \u201emittleren Etage\u201c mag der Zuh\u00f6rer nachsichtiger sein, denn nicht jeder Redner ist freiwillig vor das Volk getreten. Die Kalauer sind daf\u00fcr etwas grobschl\u00e4chtiger. In einer anderen Veranstaltung in Frankfurt \u2013 der Ort scheint rhetorische Koryph\u00e4en anzuziehen \u2013 lauschten die Anwesenden folgenden Aussagen: \u201eDas ist zumindest meines Wissens nach zumindest das einzigste Tool, was das kann\u201c und \u201eWir haben bis jetzt `ne ganz relativ gute Resonanz da drauf\u201c. Der Vortrag gipfelte in der Empfehlung: \u201eDann gehen Se zum EDV-Leiter und schieben dem einfach die CD rein.\u201c Nach diesem an K\u00f6rperverletzung grenzenden Vorschlag musste ich leider die Veranstaltung verlassen.<\/p>\n<p>Vielleicht w\u00e4ren es auch \u201ePerlen vor die S\u00e4ue\u201c, wenn man gute Redner in der IT-Branche verheizt, aber ein gewisses Niveau-Upgrade in Sachen Rhetorik w\u00fcrde doch nicht schaden.<\/p>\n<p style=\"text-align: right;\"><a href=\"http:\/\/wp1117171.wp112.webpack.hosteurope.de\/thinksbtf\/thinking\/?page_id=163\" rel=\"attachment wp-att-759\"><img loading=\"lazy\" decoding=\"async\" alt=\"Glosse_Pfeil\" src=\"http:\/\/wp1117171.wp112.webpack.hosteurope.de\/thinksbtf\/thinking\/wp-content\/uploads\/2013\/01\/Glosse_Pfeil1.jpg\" width=\"129\" height=\"17\" \/><\/a><\/p>\n","protected":false},"excerpt":{"rendered":"<p>Werte B\u00fcttenredner, unsere Branche feiert sich ja \u00fcberaus gerne. Wir sind die Wichtigsten, die Gr\u00f6\u00dften, die Besten \u2013 branchen\u00fcbergreifend. Wenn wir aber einmal voraussetzen, dass Rhetorik nach wie vor ein anerkanntes Kulturgut ist, dann tun sich auf Veranstaltungen der IT-Branche &hellip; <a href=\"https:\/\/thinking.holistic-net.de\/?page_id=161&#038;lang=de\">Weiterlesen <span class=\"meta-nav\">&rarr;<\/span><\/a><\/p>\n","protected":false},"author":1,"featured_media":0,"parent":128,"menu_order":0,"comment_status":"open","ping_status":"open","template":"","meta":{"footnotes":""},"class_list":["post-161","page","type-page","status-publish","hentry"],"_links":{"self":[{"href":"https:\/\/thinking.holistic-net.de\/index.php?rest_route=\/wp\/v2\/pages\/161","targetHints":{"allow":["GET"]}}],"collection":[{"href":"https:\/\/thinking.holistic-net.de\/index.php?rest_route=\/wp\/v2\/pages"}],"about":[{"href":"https:\/\/thinking.holistic-net.de\/index.php?rest_route=\/wp\/v2\/types\/page"}],"author":[{"embeddable":true,"href":"https:\/\/thinking.holistic-net.de\/index.php?rest_route=\/wp\/v2\/users\/1"}],"replies":[{"embeddable":true,"href":"https:\/\/thinking.holistic-net.de\/index.php?rest_route=%2Fwp%2Fv2%2Fcomments&post=161"}],"version-history":[{"count":4,"href":"https:\/\/thinking.holistic-net.de\/index.php?rest_route=\/wp\/v2\/pages\/161\/revisions"}],"predecessor-version":[{"id":959,"href":"https:\/\/thinking.holistic-net.de\/index.php?rest_route=\/wp\/v2\/pages\/161\/revisions\/959"}],"up":[{"embeddable":true,"href":"https:\/\/thinking.holistic-net.de\/index.php?rest_route=\/wp\/v2\/pages\/128"}],"wp:attachment":[{"href":"https:\/\/thinking.holistic-net.de\/index.php?rest_route=%2Fwp%2Fv2%2Fmedia&parent=161"}],"curies":[{"name":"wp","href":"https:\/\/api.w.org\/{rel}","templated":true}]}}