{"id":159,"date":"2013-01-17T12:31:13","date_gmt":"2013-01-17T12:31:13","guid":{"rendered":"http:\/\/wp1117171.wp153.webpack.hosteurope.de\/thinksbtf\/thinking\/?page_id=159"},"modified":"2013-02-27T10:56:46","modified_gmt":"2013-02-27T09:56:46","slug":"fortschritt-1997-vom-lotus-notes-mail-zum-smtp-mail-wo-bleibt-der-gequalte-aufschrei","status":"publish","type":"page","link":"https:\/\/thinking.holistic-net.de\/?page_id=159&lang=de","title":{"rendered":"Fortschritt 1997 &#8211; vom Lotus Notes Mail zum SMTP Mail. Wo bleibt der gequ\u00e4lte Aufschrei?"},"content":{"rendered":"<p>Werte Fans des SMTP Mailings, unser Unternehmen hat vor einigen Jahren als Anwender von Lotus Notes die Welt der Emails betreten. Wir haben uns von Version zu Version \u00fcber neue Design-Features gefreut, haben Mail-Verbindungen zu Gott und der Welt aufgebaut, haben wildeste Techniken zur Verfeinerung\u00a0 der Emails mittels Fonts, Farben, Text\u00adattributen und schm\u00fcckenden Bitmaps entwickelt.<\/p>\n<p><img loading=\"lazy\" decoding=\"async\" alt=\"6_1997\" src=\"http:\/\/wp1117171.wp112.webpack.hosteurope.de\/thinksbtf\/thinking\/wp-content\/uploads\/2013\/01\/6_1997.jpg\" width=\"573\" height=\"76\" \/><\/p>\n<p>Der Kreativit\u00e4t waren keine Grenzen gesetzt. Form und Verpackung von Information sind nach Ansicht der Marketing-Experten eben ungemein wichtig. Doch was geschieht?<\/p>\n<p>Von all den anspruchsvollen Design-Elementen wird Abstand genommen. Das Internet macht\u2019s\u00a0 m\u00f6glich. Einige unserer Kunden, zu denen wir pr\u00e4chtig funktionierende\u00a0 Lotus Notes-Verbindungen hatten, stellen ihr Mailing auf SMTP um. Die Argumente hierf\u00fcr sind mir wohl gel\u00e4ufig, aber was nehmen wir in Kauf?<\/p>\n<p>Alles sch\u00f6ne und sicher auch informationsunterst\u00fctzende Beiwerk, wie Fonts, Farben, Attribute und Bilder, ist f\u00fcr die Katz. Irgendwelche 7-Bit-M\u00f6hren auf den verschlungenen Internet-Pfaden hauen uns die Umlaute einfach raus \u2013 manche ersetzen sie durch Kr\u00f6kelzeichen oder Hubschrauber, andere schreiben &lt;unknown character&gt;, manche beenden das Mail auch ganz schn\u00f6de beim ersten Umlaut im Text.<\/p>\n<p>Der Amerikaner wird\u2019s verkraften. Offen bleibt, warum die deutsche Rechtschreibreform nicht gleich mit den Umlauten aufger\u00e4umt hat?<\/p>\n<p>Als tr\u00f6stende Zugabe bekommen wir kryptische Header mit dem implizierten Suchspiel: \u201eWer findet den Anfang des Nutztextes?\u201c &#8230; Back to the roots!<\/p>\n<p>K\u00fcrzlich habe ich in meiner Naivit\u00e4t einem Kollegen eine Email aus Lotus Notes \u00fcber den genialen SMTP MTA (der steht dem Internet auch n\u00e4her als dem Produkt Lotus Notes) an seine Internet-Adresse geschickt. Es ging um eine Arbeitsaufteilung f\u00fcr die Vorbereitung eines Workshops. Meine Email endete mit dem Hinweis: \u201eBereite Du bitte die rot geschriebenen Teile vor!\u201c Er antwortete: \u201eWillst Du etwa alles alleine machen?\u201c<\/p>\n<p>Mich w\u00fcrde mal interessieren, was Endanwender sagen, wenn man ihnen ihr Winword oder WordPro wegnimmt und durch schlichtes PC-Text 4 ersetzt?<\/p>\n<p>PS: Eigentlich m\u00fcsste die Reduzierung des Beiwerks ja die Qualit\u00e4t der Inhalte steigern, oder etwa nicht?<\/p>\n<p style=\"text-align: right;\"><a href=\"http:\/\/wp1117171.wp112.webpack.hosteurope.de\/thinksbtf\/thinking\/?page_id=161\" rel=\"attachment wp-att-759\"><img loading=\"lazy\" decoding=\"async\" alt=\"Glosse_Pfeil\" src=\"http:\/\/wp1117171.wp112.webpack.hosteurope.de\/thinksbtf\/thinking\/wp-content\/uploads\/2013\/01\/Glosse_Pfeil1.jpg\" width=\"129\" height=\"17\" \/><\/a><\/p>\n","protected":false},"excerpt":{"rendered":"<p>Werte Fans des SMTP Mailings, unser Unternehmen hat vor einigen Jahren als Anwender von Lotus Notes die Welt der Emails betreten. Wir haben uns von Version zu Version \u00fcber neue Design-Features gefreut, haben Mail-Verbindungen zu Gott und der Welt aufgebaut, &hellip; <a href=\"https:\/\/thinking.holistic-net.de\/?page_id=159&#038;lang=de\">Weiterlesen <span class=\"meta-nav\">&rarr;<\/span><\/a><\/p>\n","protected":false},"author":1,"featured_media":0,"parent":130,"menu_order":0,"comment_status":"open","ping_status":"open","template":"","meta":{"footnotes":""},"class_list":["post-159","page","type-page","status-publish","hentry"],"_links":{"self":[{"href":"https:\/\/thinking.holistic-net.de\/index.php?rest_route=\/wp\/v2\/pages\/159","targetHints":{"allow":["GET"]}}],"collection":[{"href":"https:\/\/thinking.holistic-net.de\/index.php?rest_route=\/wp\/v2\/pages"}],"about":[{"href":"https:\/\/thinking.holistic-net.de\/index.php?rest_route=\/wp\/v2\/types\/page"}],"author":[{"embeddable":true,"href":"https:\/\/thinking.holistic-net.de\/index.php?rest_route=\/wp\/v2\/users\/1"}],"replies":[{"embeddable":true,"href":"https:\/\/thinking.holistic-net.de\/index.php?rest_route=%2Fwp%2Fv2%2Fcomments&post=159"}],"version-history":[{"count":8,"href":"https:\/\/thinking.holistic-net.de\/index.php?rest_route=\/wp\/v2\/pages\/159\/revisions"}],"predecessor-version":[{"id":958,"href":"https:\/\/thinking.holistic-net.de\/index.php?rest_route=\/wp\/v2\/pages\/159\/revisions\/958"}],"up":[{"embeddable":true,"href":"https:\/\/thinking.holistic-net.de\/index.php?rest_route=\/wp\/v2\/pages\/130"}],"wp:attachment":[{"href":"https:\/\/thinking.holistic-net.de\/index.php?rest_route=%2Fwp%2Fv2%2Fmedia&parent=159"}],"curies":[{"name":"wp","href":"https:\/\/api.w.org\/{rel}","templated":true}]}}