{"id":157,"date":"2013-01-17T12:30:04","date_gmt":"2013-01-17T12:30:04","guid":{"rendered":"http:\/\/wp1117171.wp153.webpack.hosteurope.de\/thinksbtf\/thinking\/?page_id=157"},"modified":"2013-02-27T10:55:27","modified_gmt":"2013-02-27T09:55:27","slug":"die-geschaftsidee-tamagotchi-fur-erwachsene","status":"publish","type":"page","link":"https:\/\/thinking.holistic-net.de\/?page_id=157&lang=de","title":{"rendered":"Die Gesch\u00e4ftsidee: Tamagotchi f\u00fcr Erwachsene"},"content":{"rendered":"<p>Sie werden das neueste Kulturgut, das die Spielzeugindustrie in ihrem unwiderstehlichen Erfindungsreichtum unseren Kindern bietet, bereits kennen. Dieses Plastikei \u201eMade in China\u201c ersetzt f\u00fcr schlappe 29 M\u00e4rker ein lebendiges Haustier oder auch das Geschwisterchen \u2013 speziell f\u00fcr Einzelkinder, die das Produkt einer einmaligen Entgleisung ihrer Yuppie-Eltern sind. \u00dcber kinderp\u00e4dagogische Aspekte dieses bedenklichen Kulturschubs aus Asien will ich mich hier gar nicht auslassen. Meine hilflose Flucht liegt in der vielleicht zynischen Idee eines Tamagotchis f\u00fcr Erwachsene.<\/p>\n<p><img loading=\"lazy\" decoding=\"async\" alt=\"5_1997\" src=\"http:\/\/wp1117171.wp112.webpack.hosteurope.de\/thinksbtf\/thinking\/wp-content\/uploads\/2013\/01\/5_1997.jpg\" width=\"573\" height=\"76\" \/><\/p>\n<p>Wer k\u00f6nnte so etwas auf den Markt bringen \u2013 Beate Uhse oder Bill Gates? Mit welchen Features k\u00f6nnte es ausgestattet sein? Welche Defizite haben wir \u2013 die Top-Manager und Hobby-Top-Manager?<\/p>\n<p>Wir k\u00f6nnen uns zu wenig um die Kinder, die Frau, die Geliebte, den Hund oder andere Gesch\u00f6pfe in unserer Umwelt k\u00fcmmern. Eben, weil wir immer im Dienste der Menschheit auf der Rolle sind. Zugegebenerma\u00dfen auch aus niedrigen Beweggr\u00fcnden wie z.B. Geldgier oder Profilierungsneurosen. Leichte Gewissensbisse wegen der Vernachl\u00e4ssigung der Lieben plagen uns st\u00e4ndig. Ein Erwachsenen-Tamagotchi k\u00f6nnte uns da helfen. Per Tastendruck mit den Kindern spielen, die Frau zum Essen einladen, nachsehen, ob der Hund raus muss oder doch schon seinen Bed\u00fcrfnissen in der Wohnung nachgegangen ist, das Gewicht der Kinder pr\u00fcfen, das Alter der Frau &#8230; und das alles ohne endlose Verantwortung f\u00fcr etwas Reales, sondern jederzeit abschaltbar, und nach 30 Tagen geht\u2019s von vorne los.<\/p>\n<p>Bei wichtigen Besprechungen sollte man das Erwachsenen-Tamagotchi abschalten \u2013 \u00e4hnlich wie das Handy. Vielleicht liegt es aber auch zuk\u00fcnftig in trauter Eintracht mit dem Handy auf dem Konferenztisch oder noch besser \u2013 es ist in das Handy integriert (die Handy-Hersteller suchen doch immer nach wirklich innovativen Zusatz-Features!) .<\/p>\n<p>\u00dcber die Edition \u201eBeate Uhse\u201c will ich hier nicht im Detail sinnieren, da finden sich sicherlich andere Ideengeber. Kann mir irgendein juristisch bewanderter Kollege sagen, ob die hier dargelegten Ideen sch\u00fctzbar sind? Der VK-Preis k\u00f6nnte sicherlich bei 89 DM in Plastik oder bei 189 DM in der Edelmetallversion liegen.<\/p>\n<p>Warten wir\u2019s ab \u2013 vielleicht kommt\u2019s tats\u00e4chlich &#8230;<\/p>\n<p style=\"text-align: right;\"><a href=\"http:\/\/wp1117171.wp112.webpack.hosteurope.de\/thinksbtf\/thinking\/?page_id=159\" rel=\"attachment wp-att-759\"><img loading=\"lazy\" decoding=\"async\" alt=\"Glosse_Pfeil\" src=\"http:\/\/wp1117171.wp112.webpack.hosteurope.de\/thinksbtf\/thinking\/wp-content\/uploads\/2013\/01\/Glosse_Pfeil1.jpg\" width=\"129\" height=\"17\" \/><\/a><\/p>\n","protected":false},"excerpt":{"rendered":"<p>Sie werden das neueste Kulturgut, das die Spielzeugindustrie in ihrem unwiderstehlichen Erfindungsreichtum unseren Kindern bietet, bereits kennen. Dieses Plastikei \u201eMade in China\u201c ersetzt f\u00fcr schlappe 29 M\u00e4rker ein lebendiges Haustier oder auch das Geschwisterchen \u2013 speziell f\u00fcr Einzelkinder, die das &hellip; <a href=\"https:\/\/thinking.holistic-net.de\/?page_id=157&#038;lang=de\">Weiterlesen <span class=\"meta-nav\">&rarr;<\/span><\/a><\/p>\n","protected":false},"author":1,"featured_media":0,"parent":130,"menu_order":0,"comment_status":"open","ping_status":"open","template":"","meta":{"footnotes":""},"class_list":["post-157","page","type-page","status-publish","hentry"],"_links":{"self":[{"href":"https:\/\/thinking.holistic-net.de\/index.php?rest_route=\/wp\/v2\/pages\/157","targetHints":{"allow":["GET"]}}],"collection":[{"href":"https:\/\/thinking.holistic-net.de\/index.php?rest_route=\/wp\/v2\/pages"}],"about":[{"href":"https:\/\/thinking.holistic-net.de\/index.php?rest_route=\/wp\/v2\/types\/page"}],"author":[{"embeddable":true,"href":"https:\/\/thinking.holistic-net.de\/index.php?rest_route=\/wp\/v2\/users\/1"}],"replies":[{"embeddable":true,"href":"https:\/\/thinking.holistic-net.de\/index.php?rest_route=%2Fwp%2Fv2%2Fcomments&post=157"}],"version-history":[{"count":4,"href":"https:\/\/thinking.holistic-net.de\/index.php?rest_route=\/wp\/v2\/pages\/157\/revisions"}],"predecessor-version":[{"id":638,"href":"https:\/\/thinking.holistic-net.de\/index.php?rest_route=\/wp\/v2\/pages\/157\/revisions\/638"}],"up":[{"embeddable":true,"href":"https:\/\/thinking.holistic-net.de\/index.php?rest_route=\/wp\/v2\/pages\/130"}],"wp:attachment":[{"href":"https:\/\/thinking.holistic-net.de\/index.php?rest_route=%2Fwp%2Fv2%2Fmedia&parent=157"}],"curies":[{"name":"wp","href":"https:\/\/api.w.org\/{rel}","templated":true}]}}