{"id":130,"date":"2013-01-17T11:54:25","date_gmt":"2013-01-17T11:54:25","guid":{"rendered":"http:\/\/wp1117171.wp153.webpack.hosteurope.de\/thinksbtf\/thinking\/?page_id=130"},"modified":"2013-01-18T16:58:33","modified_gmt":"2013-01-18T16:58:33","slug":"1997-2","status":"publish","type":"page","link":"https:\/\/thinking.holistic-net.de\/?page_id=130&lang=de","title":{"rendered":"1997"},"content":{"rendered":"<p><a href=\"http:\/\/wp1117171.wp112.webpack.hosteurope.de\/thinksbtf\/thinking\/?page_id=135\">Von Chef zu Chef<\/a><\/p>\n<p><a href=\"http:\/\/wp1117171.wp112.webpack.hosteurope.de\/thinksbtf\/thinking\/?page_id=157\">Die Gesch\u00e4ftsidee: Tamagotchi f\u00fcr Erwachsene<\/a><\/p>\n<p><a href=\"http:\/\/wp1117171.wp112.webpack.hosteurope.de\/thinksbtf\/thinking\/?page_id=159\">Fortschritt 1997 &#8211; vom Lotus Notes Mail zum SMTP Mail &#8211; Wo bleibt der gequ\u00e4lte Aufschrei?<\/a><\/p>\n","protected":false},"excerpt":{"rendered":"<p>Von Chef zu Chef Die Gesch\u00e4ftsidee: Tamagotchi f\u00fcr Erwachsene Fortschritt 1997 &#8211; vom Lotus Notes Mail zum SMTP Mail &#8211; Wo bleibt der gequ\u00e4lte Aufschrei?<\/p>\n","protected":false},"author":1,"featured_media":0,"parent":439,"menu_order":26,"comment_status":"closed","ping_status":"closed","template":"","meta":{"footnotes":""},"class_list":["post-130","page","type-page","status-publish","hentry"],"_links":{"self":[{"href":"https:\/\/thinking.holistic-net.de\/index.php?rest_route=\/wp\/v2\/pages\/130","targetHints":{"allow":["GET"]}}],"collection":[{"href":"https:\/\/thinking.holistic-net.de\/index.php?rest_route=\/wp\/v2\/pages"}],"about":[{"href":"https:\/\/thinking.holistic-net.de\/index.php?rest_route=\/wp\/v2\/types\/page"}],"author":[{"embeddable":true,"href":"https:\/\/thinking.holistic-net.de\/index.php?rest_route=\/wp\/v2\/users\/1"}],"replies":[{"embeddable":true,"href":"https:\/\/thinking.holistic-net.de\/index.php?rest_route=%2Fwp%2Fv2%2Fcomments&post=130"}],"version-history":[{"count":8,"href":"https:\/\/thinking.holistic-net.de\/index.php?rest_route=\/wp\/v2\/pages\/130\/revisions"}],"predecessor-version":[{"id":138,"href":"https:\/\/thinking.holistic-net.de\/index.php?rest_route=\/wp\/v2\/pages\/130\/revisions\/138"}],"up":[{"embeddable":true,"href":"https:\/\/thinking.holistic-net.de\/index.php?rest_route=\/wp\/v2\/pages\/439"}],"wp:attachment":[{"href":"https:\/\/thinking.holistic-net.de\/index.php?rest_route=%2Fwp%2Fv2%2Fmedia&parent=130"}],"curies":[{"name":"wp","href":"https:\/\/api.w.org\/{rel}","templated":true}]}}